{"id":1173,"date":"2022-05-25T15:41:31","date_gmt":"2022-05-25T13:41:31","guid":{"rendered":"https:\/\/www.rcc.fr\/?page_id=1173"},"modified":"2022-10-13T10:39:46","modified_gmt":"2022-10-13T08:39:46","slug":"fanuc","status":"publish","type":"page","link":"https:\/\/www.rcc.fr\/de\/les-robots\/fanuc\/","title":{"rendered":"FANUC"},"content":{"rendered":"<p>[et_pb_section fb_built=&#8220;1&#8243; _builder_version=&#8220;4.17.4&#8243; _module_preset=&#8220;default&#8220; global_colors_info=&#8220;{}&#8220;][et_pb_row _builder_version=&#8220;4.17.4&#8243; _module_preset=&#8220;default&#8220; global_colors_info=&#8220;{}&#8220;][et_pb_column type=&#8220;4_4&#8243; _builder_version=&#8220;4.17.4&#8243; _module_preset=&#8220;default&#8220; global_colors_info=&#8220;{}&#8220;][et_pb_post_title meta=&#8220;off&#8220; _builder_version=&#8220;4.17.4&#8243; _module_preset=&#8220;default&#8220; global_colors_info=&#8220;{}&#8220;][\/et_pb_post_title][\/et_pb_column][\/et_pb_row][et_pb_row _builder_version=&#8220;4.17.4&#8243; _module_preset=&#8220;default&#8220; min_height=&#8220;73.8px&#8220; global_colors_info=&#8220;{}&#8220;][et_pb_column type=&#8220;4_4&#8243; _builder_version=&#8220;4.17.4&#8243; _module_preset=&#8220;default&#8220; global_colors_info=&#8220;{}&#8220;][et_pb_text _builder_version=&#8220;4.18.0&#8243; _module_preset=&#8220;default&#8220; custom_padding=&#8220;||0px|||&#8220; global_colors_info=&#8220;{}&#8220;]<\/p>\n<h4 style=\"text-align: center;\">FANUC ist ein japanisches Unternehmen, das Roboter f\u00fcr viele verschiedene Branchen herstellt. Robotic Cover Concept hat seine Herstellungsprozesse vollst\u00e4ndig an die Marke FANUC angepasst.<br \/>Hier ist eine Liste der FANUC-Roboter, die Robotic Cover Concept sch\u00fctzt :<\/h4>\n<p>[\/et_pb_text][\/et_pb_column][\/et_pb_row][et_pb_row _builder_version=&#8220;4.17.4&#8243; _module_preset=&#8220;default&#8220; global_colors_info=&#8220;{}&#8220;][et_pb_column type=&#8220;4_4&#8243; _builder_version=&#8220;4.17.4&#8243; _module_preset=&#8220;default&#8220; global_colors_info=&#8220;{}&#8220;][et_pb_text _builder_version=&#8220;4.18.0&#8243; _module_preset=&#8220;default&#8220; global_colors_info=&#8220;{}&#8220; custom_padding=&#8220;0px|||||&#8220;]<\/p>\n<p>&nbsp;<\/p>\n<table border=\"1\" style=\"border-collapse: collapse; width: 100%; height: 1258px;\">\n<tbody>\n<tr style=\"height: 24px;\">\n<td style=\"width: 50%; height: 24px; text-align: center;\">\n<h4><strong><span style=\"color: #000080;\">Name des Roboters<\/span><\/strong><\/h4>\n<\/td>\n<td style=\"width: 50%; height: 24px; text-align: center;\">\n<h4><span style=\"color: #000080;\"><strong>T\u00e4tigkeitsbereich<\/strong><\/span><\/h4>\n<\/td>\n<\/tr>\n<tr style=\"height: 24px;\">\n<td style=\"width: 50%; height: 24px;\"><span style=\"color: #000000;\"><strong>LRMate 200 iD<\/strong><\/span><\/td>\n<td style=\"width: 50%; height: 24px;\"><\/td>\n<\/tr>\n<tr style=\"height: 24px;\">\n<td style=\"width: 50%; height: 24px;\"><span style=\"color: #000000;\"><strong>M-1000iA<\/strong><\/span><\/td>\n<td style=\"width: 50%; height: 24px;\"><\/td>\n<\/tr>\n<tr style=\"height: 24px;\">\n<td style=\"width: 50%; height: 24px;\"><span style=\"color: #000000;\"><strong>M-10iA<\/strong><\/span><\/td>\n<td style=\"width: 50%; height: 24px;\"><\/td>\n<\/tr>\n<tr style=\"height: 24px;\">\n<td style=\"width: 50%; height: 24px;\"><span style=\"color: #000000;\"><strong>M-10iD<\/strong><\/span><\/td>\n<td style=\"width: 50%; height: 24px;\"><\/td>\n<\/tr>\n<tr style=\"height: 24px;\">\n<td style=\"width: 50%; height: 24px;\"><span style=\"color: #000000;\"><strong>M-2000iA<\/strong><\/span><\/td>\n<td style=\"width: 50%; height: 24px;\"><\/td>\n<\/tr>\n<tr style=\"height: 24px;\">\n<td style=\"width: 50%; height: 24px;\"><span style=\"color: #000000;\"><strong>M-20iA<\/strong><\/span><\/td>\n<td style=\"width: 50%; height: 24px;\"><\/td>\n<\/tr>\n<tr style=\"height: 24px;\">\n<td style=\"width: 50%; height: 24px;\"><span style=\"color: #000000;\"><strong>M-20iB<\/strong><\/span><\/td>\n<td style=\"width: 50%; height: 24px;\"><\/td>\n<\/tr>\n<tr style=\"height: 24px;\">\n<td style=\"width: 50%; height: 24px;\"><span style=\"color: #000000;\"><strong>M-20iD<\/strong><\/span><\/td>\n<td style=\"width: 50%; height: 24px;\"><\/td>\n<\/tr>\n<tr style=\"height: 24px;\">\n<td style=\"width: 50%; height: 24px;\"><span style=\"color: #000000;\"><strong>M-410iB<\/strong><\/span><\/td>\n<td style=\"width: 50%; height: 24px;\"><\/td>\n<\/tr>\n<tr style=\"height: 24px;\">\n<td style=\"width: 50%; height: 24px;\"><span style=\"color: #000000;\"><strong>M-410iC<\/strong><\/span><\/td>\n<td style=\"width: 50%; height: 24px;\"><\/td>\n<\/tr>\n<tr style=\"height: 24px;\">\n<td style=\"width: 50%; height: 24px;\"><span style=\"color: #000000;\"><strong>M-710iC<\/strong><\/span><\/td>\n<td style=\"width: 50%; height: 24px;\"><\/td>\n<\/tr>\n<tr style=\"height: 24px;\">\n<td style=\"width: 50%; height: 24px;\"><span style=\"color: #000000;\"><strong>M-900iB<\/strong><\/span><\/td>\n<td style=\"width: 50%; height: 24px;\"><\/td>\n<\/tr>\n<tr style=\"height: 24px;\">\n<td style=\"width: 50%; height: 24px;\"><span style=\"color: #000000;\"><strong>M-1000<\/strong><\/span><\/td>\n<td style=\"width: 50%; height: 24px;\"><\/td>\n<\/tr>\n<tr style=\"height: 24px;\">\n<td style=\"width: 50%; height: 24px;\"><span style=\"color: #000000;\"><strong>R-1000iA<\/strong><\/span><\/td>\n<td style=\"width: 50%; height: 24px;\"><\/td>\n<\/tr>\n<tr style=\"height: 24px;\">\n<td style=\"width: 50%; height: 24px;\"><span style=\"color: #000000;\"><strong>R-2000iC<\/strong><\/span><\/td>\n<td style=\"width: 50%; height: 24px;\"><\/td>\n<\/tr>\n<tr style=\"height: 24px;\">\n<td style=\"width: 50%; height: 24px;\"><span style=\"color: #000000;\"><strong>CR-15iA<\/strong><\/span><\/td>\n<td style=\"width: 50%; height: 24px;\"><span style=\"color: #000000;\"><strong>Kollaborativ<\/strong><\/span><\/td>\n<\/tr>\n<tr style=\"height: 24px;\">\n<td style=\"width: 50%; height: 24px;\"><span style=\"color: #000000;\"><strong>CR-35iA<\/strong><\/span><\/td>\n<td style=\"width: 50%; height: 24px;\"><span style=\"color: #000000;\"><strong>Kollaborativ<\/strong><\/span><\/td>\n<\/tr>\n<tr style=\"height: 24px;\">\n<td style=\"width: 50%; height: 24px;\"><span style=\"color: #000000;\"><strong>CR-4iA<\/strong><\/span><\/td>\n<td style=\"width: 50%; height: 24px;\"><strong><span style=\"color: #000000;\">Kollaborativ<\/span><\/strong><\/td>\n<\/tr>\n<tr style=\"height: 24px;\">\n<td style=\"width: 50%; height: 24px;\"><span style=\"color: #000000;\"><strong>CR-7iA<\/strong><\/span><\/td>\n<td style=\"width: 50%; height: 24px;\"><span style=\"color: #000000;\"><strong>Kollaborativ<\/strong><\/span><\/td>\n<\/tr>\n<tr style=\"height: 24px;\">\n<td style=\"width: 50%; height: 24px;\"><span style=\"color: #000000;\"><strong>CRX<\/strong><\/span><\/td>\n<td style=\"width: 50%; height: 24px;\"><strong><span style=\"color: #000000;\">Kollaborativ<\/span><\/strong><\/td>\n<\/tr>\n<tr style=\"height: 24px;\">\n<td style=\"width: 50%; height: 10px;\"><span style=\"color: #000000;\"><strong>DR-3iB<\/strong><\/span><\/td>\n<td style=\"width: 50%; height: 10px;\"><span style=\"color: #000000;\"><strong>Delta \/ pix and place<\/strong><\/span><\/td>\n<\/tr>\n<tr style=\"height: 24px;\">\n<td style=\"width: 50%; height: 24px;\"><span style=\"color: #000000;\"><strong>M-1iA<\/strong><\/span><\/td>\n<td style=\"width: 50%; height: 24px;\"><span style=\"color: #000000;\"><strong>Delta \/ pix and place<\/strong><\/span><\/td>\n<\/tr>\n<tr style=\"height: 24px;\">\n<td style=\"width: 50%; height: 24px;\"><span style=\"color: #000000;\"><strong>M-2iA<\/strong><\/span><\/td>\n<td style=\"width: 50%; height: 24px;\"><span style=\"color: #000000;\"><strong>Delta \/ pix and place<\/strong><\/span><\/td>\n<\/tr>\n<tr style=\"height: 24px;\">\n<td style=\"width: 50%; height: 24px;\"><span style=\"color: #000000;\"><strong>M-3iA<\/strong><\/span><\/td>\n<td style=\"width: 50%; height: 24px;\"><span style=\"color: #000000;\"><strong>Delta \/ pix and place<\/strong><\/span><\/td>\n<\/tr>\n<tr style=\"height: 24px;\">\n<td style=\"width: 50%; height: 24px;\"><span style=\"color: #000000;\"><strong>SR-12iA<\/strong><\/span><\/td>\n<td style=\"width: 50%; height: 24px;\"><span style=\"color: #000000;\"><strong>Delta \/ pix and place<\/strong><\/span><\/td>\n<\/tr>\n<tr style=\"height: 24px;\">\n<td style=\"width: 50%; height: 24px;\"><span style=\"color: #000000;\"><strong>SR-20iA<\/strong><\/span><\/td>\n<td style=\"width: 50%; height: 24px;\"><span style=\"color: #000000;\"><strong>Delta \/ pix and place<\/strong><\/span><\/td>\n<\/tr>\n<tr style=\"height: 24px;\">\n<td style=\"width: 50%; height: 24px;\"><span style=\"color: #000000;\"><strong>SR-3iA<\/strong><\/span><\/td>\n<td style=\"width: 50%; height: 24px;\"><span style=\"color: #000000;\"><strong>Delta \/ pix and place<\/strong><\/span><\/td>\n<\/tr>\n<tr style=\"height: 24px;\">\n<td style=\"width: 50%; height: 24px;\"><span style=\"color: #000000;\"><strong>SR-6iA<\/strong><\/span><\/td>\n<td style=\"width: 50%; height: 24px;\"><span style=\"color: #000000;\"><strong>Delta \/ pix and place<\/strong><\/span><\/td>\n<\/tr>\n<tr style=\"height: 24px;\">\n<td style=\"width: 50%; height: 24px;\"><span style=\"color: #000000;\"><strong>P20<\/strong><\/span><\/td>\n<td style=\"width: 50%; height: 24px;\"><span style=\"color: #000000;\"><strong>Malerei<\/strong><\/span><\/td>\n<\/tr>\n<tr style=\"height: 24px;\">\n<td style=\"width: 50%; height: 24px;\"><span style=\"color: #000000;\"><strong>P25<\/strong><\/span><\/td>\n<td style=\"width: 50%; height: 24px;\"><span style=\"color: #000000;\"><strong>Malerei<\/strong><\/span><\/td>\n<\/tr>\n<tr style=\"height: 24px;\">\n<td style=\"width: 50%; height: 24px;\"><span style=\"color: #000000;\"><strong>P35<\/strong><\/span><\/td>\n<td style=\"width: 50%; height: 24px;\"><span style=\"color: #000000;\"><strong>Malerei<\/strong><\/span><\/td>\n<\/tr>\n<tr style=\"height: 24px;\">\n<td style=\"width: 50%; height: 24px;\"><span style=\"color: #000000;\"><strong>P40<\/strong><\/span><\/td>\n<td style=\"width: 50%; height: 24px;\"><span style=\"color: #000000;\"><strong>Malerei<\/strong><\/span><\/td>\n<\/tr>\n<tr style=\"height: 24px;\">\n<td style=\"width: 50%; height: 24px;\"><span style=\"color: #000000;\"><strong>P50<\/strong><\/span><\/td>\n<td style=\"width: 50%; height: 24px;\"><span style=\"color: #000000;\"><strong>Malerei<\/strong><\/span><\/td>\n<\/tr>\n<tr style=\"height: 24px;\">\n<td style=\"width: 50%; height: 24px;\"><span style=\"color: #000000;\"><strong>P100<\/strong><\/span><\/td>\n<td style=\"width: 50%; height: 24px;\"><span style=\"color: #000000;\"><strong>Malerei<\/strong><\/span><\/td>\n<\/tr>\n<tr style=\"height: 24px;\">\n<td style=\"width: 50%; height: 24px;\"><span style=\"color: #000000;\"><strong>P120<\/strong><\/span><\/td>\n<td style=\"width: 50%; height: 24px;\"><span style=\"color: #000000;\"><strong>Malerei<\/strong><\/span><\/td>\n<\/tr>\n<tr style=\"height: 24px;\">\n<td style=\"width: 50%; height: 24px;\"><span style=\"color: #000000;\"><strong>P45<\/strong><\/span><\/td>\n<td style=\"width: 50%; height: 24px;\"><span style=\"color: #000000;\"><strong>Malerei<\/strong><\/span><\/td>\n<\/tr>\n<tr style=\"height: 24px;\">\n<td style=\"width: 50%; height: 24px;\"><span style=\"color: #000000;\"><strong>P155<\/strong><\/span><\/td>\n<td style=\"width: 50%; height: 24px;\"><span style=\"color: #000000;\"><strong>Malerei<\/strong><\/span><\/td>\n<\/tr>\n<tr style=\"height: 24px;\">\n<td style=\"width: 50%; height: 24px;\"><span style=\"color: #000000;\"><strong>P200<\/strong><\/span><\/td>\n<td style=\"width: 50%; height: 24px;\"><span style=\"color: #000000;\"><strong>Malerei<\/strong><\/span><\/td>\n<\/tr>\n<tr style=\"height: 24px;\">\n<td style=\"width: 50%; height: 24px;\"><span style=\"color: #000000;\"><strong>p250<\/strong><\/span><\/td>\n<td style=\"width: 50%; height: 24px;\"><span style=\"color: #000000;\"><strong>Malerei<\/strong><\/span><\/td>\n<\/tr>\n<tr style=\"height: 24px;\">\n<td style=\"width: 50%; height: 24px;\"><span style=\"color: #000000;\"><strong>P700<\/strong><\/span><\/td>\n<td style=\"width: 50%; height: 24px;\"><span style=\"color: #000000;\"><strong>Malerei<\/strong><\/span><\/td>\n<\/tr>\n<tr style=\"height: 24px;\">\n<td style=\"width: 50%; height: 24px;\"><span style=\"color: #000000;\"><strong>P1000<\/strong><\/span><\/td>\n<td style=\"width: 50%; height: 24px;\"><span style=\"color: #000000;\"><strong>Malerei<\/strong><\/span><\/td>\n<\/tr>\n<tr style=\"height: 24px;\">\n<td style=\"width: 50%; height: 24px;\"><span style=\"color: #000000;\"><strong>S6<\/strong><\/span><\/td>\n<td style=\"width: 50%; height: 24px;\"><\/td>\n<\/tr>\n<tr style=\"height: 24px;\">\n<td style=\"width: 50%; height: 24px;\"><span style=\"color: #000000;\"><strong>S10<\/strong><\/span><\/td>\n<td style=\"width: 50%; height: 24px;\"><\/td>\n<\/tr>\n<tr style=\"height: 24px;\">\n<td style=\"width: 50%; height: 24px;\"><span style=\"color: #000000;\"><strong>S12<\/strong><\/span><\/td>\n<td style=\"width: 50%; height: 24px;\"><\/td>\n<\/tr>\n<tr style=\"height: 24px;\">\n<td style=\"width: 50%; height: 24px;\"><span style=\"color: #000000;\"><strong>S360<\/strong><\/span><\/td>\n<td style=\"width: 50%; height: 24px;\"><\/td>\n<\/tr>\n<tr style=\"height: 24px;\">\n<td style=\"width: 50%; height: 24px;\"><span style=\"color: #000000;\"><strong>S420<\/strong><\/span><\/td>\n<td style=\"width: 50%; height: 24px;\"><\/td>\n<\/tr>\n<tr style=\"height: 24px;\">\n<td style=\"width: 50%; height: 24px;\"><span style=\"color: #000000;\"><strong>S430<\/strong><\/span><\/td>\n<td style=\"width: 50%; height: 24px;\"><\/td>\n<\/tr>\n<tr style=\"height: 24px;\">\n<td style=\"width: 50%; height: 24px;\"><span style=\"color: #000000;\"><strong>S500<\/strong><\/span><\/td>\n<td style=\"width: 50%; height: 24px;\"><\/td>\n<\/tr>\n<tr style=\"height: 24px;\">\n<td style=\"width: 50%; height: 24px;\"><span style=\"color: #000000;\"><strong>S700<\/strong><\/span><\/td>\n<td style=\"width: 50%; height: 24px;\"><\/td>\n<\/tr>\n<tr style=\"height: 24px;\">\n<td style=\"width: 50%; height: 24px;\"><span style=\"color: #000000;\"><strong>S900<\/strong><\/span><\/td>\n<td style=\"width: 50%; height: 24px;\"><\/td>\n<\/tr>\n<tr style=\"height: 24px;\">\n<td style=\"width: 50%; height: 24px;\"><span style=\"color: #000000;\"><strong>S5<\/strong><\/span><\/td>\n<td style=\"width: 50%; height: 24px;\"><\/td>\n<\/tr>\n<tr style=\"height: 24px;\">\n<td style=\"width: 50%; height: 24px;\"><span style=\"color: #000000;\"><strong>SR<\/strong><\/span><\/td>\n<td style=\"width: 50%; height: 24px;\"><\/td>\n<\/tr>\n<\/tbody>\n<\/table>\n<p>[\/et_pb_text][\/et_pb_column][\/et_pb_row][et_pb_row _builder_version=&#8220;4.18.0&#8243; _module_preset=&#8220;default&#8220; global_colors_info=&#8220;{}&#8220;][et_pb_column type=&#8220;4_4&#8243; _builder_version=&#8220;4.18.0&#8243; _module_preset=&#8220;default&#8220; global_colors_info=&#8220;{}&#8220;][et_pb_text _builder_version=&#8220;4.18.0&#8243; _module_preset=&#8220;default&#8220; global_colors_info=&#8220;{}&#8220;]<\/p>\n<p style=\"text-align: center;\"><span style=\"color: #000000;\">Um weitere Roboter zu entdecken, die wir sch\u00fctzen, klicken Sie unten :<\/span><\/p>\n<p style=\"text-align: center;\"><span style=\"color: #000000;\"><a href=\"https:\/\/www.rcc.fr\/les-robots\/fanuc\/\">Fanuc<\/a> &#8211; <a href=\"https:\/\/www.rcc.fr\/les-robots\/kuka\/\">Kuka<\/a> &#8211; <a href=\"https:\/\/www.rcc.fr\/les-robots\/abb\/\">ABB<\/a> &#8211; <a href=\"https:\/\/www.rcc.fr\/les-robots\/motoman\/\">Motoman<\/a> &#8211; <a href=\"https:\/\/www.rcc.fr\/les-robots\/staubli\/\">Staubli<\/a><\/span><\/p>\n<p>[\/et_pb_text][\/et_pb_column][\/et_pb_row][\/et_pb_section]<\/p>\n","protected":false},"excerpt":{"rendered":"<p>FANUC ist ein japanisches Unternehmen, das Roboter f\u00fcr viele verschiedene Branchen herstellt. Robotic Cover Concept hat seine Herstellungsprozesse vollst\u00e4ndig an die Marke FANUC angepasst.Hier ist eine Liste der FANUC-Roboter, die Robotic Cover Concept sch\u00fctzt :&nbsp; Name des Roboters T\u00e4tigkeitsbereich LRMate 200 iD M-1000iA M-10iA M-10iD M-2000iA M-20iA M-20iB M-20iD M-410iB M-410iC M-710iC M-900iB M-1000 R-1000iA [&hellip;]<\/p>\n","protected":false},"author":7,"featured_media":0,"parent":1169,"menu_order":0,"comment_status":"closed","ping_status":"closed","template":"","meta":{"_et_pb_use_builder":"on","_et_pb_old_content":"","_et_gb_content_width":"","footnotes":""},"class_list":["post-1173","page","type-page","status-publish","hentry"],"yoast_head":"<!-- This site is optimized with the Yoast SEO plugin v27.4 - https:\/\/yoast.com\/product\/yoast-seo-wordpress\/ -->\n<title>FANUC - avec Robotic Cover Concept<\/title>\n<meta name=\"description\" content=\"FANUC est une entreprise qui fabrique des robots et RCC produit des housses de protection pour ces robots.\" \/>\n<meta name=\"robots\" content=\"index, follow, max-snippet:-1, max-image-preview:large, max-video-preview:-1\" \/>\n<link rel=\"canonical\" href=\"https:\/\/www.rcc.fr\/de\/les-robots\/fanuc\/\" \/>\n<meta property=\"og:locale\" content=\"de_DE\" \/>\n<meta property=\"og:type\" content=\"article\" \/>\n<meta property=\"og:title\" content=\"FANUC - avec Robotic Cover Concept\" \/>\n<meta property=\"og:description\" content=\"FANUC est une entreprise qui fabrique des robots et RCC produit des housses de protection pour ces robots.\" \/>\n<meta property=\"og:url\" content=\"https:\/\/www.rcc.fr\/de\/les-robots\/fanuc\/\" \/>\n<meta property=\"og:site_name\" content=\"RCC - Robotic Cover Concept\" \/>\n<meta property=\"article:modified_time\" content=\"2022-10-13T08:39:46+00:00\" \/>\n<meta name=\"twitter:card\" content=\"summary_large_image\" \/>\n<meta name=\"twitter:label1\" content=\"Gesch\u00e4tzte Lesezeit\" \/>\n\t<meta name=\"twitter:data1\" content=\"1\u00a0Minute\" \/>\n<script type=\"application\/ld+json\" class=\"yoast-schema-graph\">{\"@context\":\"https:\\\/\\\/schema.org\",\"@graph\":[{\"@type\":\"WebPage\",\"@id\":\"https:\\\/\\\/www.rcc.fr\\\/de\\\/les-robots\\\/fanuc\\\/\",\"url\":\"https:\\\/\\\/www.rcc.fr\\\/de\\\/les-robots\\\/fanuc\\\/\",\"name\":\"FANUC - avec Robotic Cover Concept\",\"isPartOf\":{\"@id\":\"https:\\\/\\\/www.rcc.fr\\\/de\\\/#website\"},\"datePublished\":\"2022-05-25T13:41:31+00:00\",\"dateModified\":\"2022-10-13T08:39:46+00:00\",\"description\":\"FANUC est une entreprise qui fabrique des robots et RCC produit des housses de protection pour ces robots.\",\"breadcrumb\":{\"@id\":\"https:\\\/\\\/www.rcc.fr\\\/de\\\/les-robots\\\/fanuc\\\/#breadcrumb\"},\"inLanguage\":\"de\",\"potentialAction\":[{\"@type\":\"ReadAction\",\"target\":[\"https:\\\/\\\/www.rcc.fr\\\/de\\\/les-robots\\\/fanuc\\\/\"]}]},{\"@type\":\"BreadcrumbList\",\"@id\":\"https:\\\/\\\/www.rcc.fr\\\/de\\\/les-robots\\\/fanuc\\\/#breadcrumb\",\"itemListElement\":[{\"@type\":\"ListItem\",\"position\":1,\"name\":\"Accueil\",\"item\":\"https:\\\/\\\/www.rcc.fr\\\/de\\\/\"},{\"@type\":\"ListItem\",\"position\":2,\"name\":\"Les robots\",\"item\":\"https:\\\/\\\/www.rcc.fr\\\/de\\\/les-robots\\\/\"},{\"@type\":\"ListItem\",\"position\":3,\"name\":\"FANUC\"}]},{\"@type\":\"WebSite\",\"@id\":\"https:\\\/\\\/www.rcc.fr\\\/de\\\/#website\",\"url\":\"https:\\\/\\\/www.rcc.fr\\\/de\\\/\",\"name\":\"RCC - Robotic Cover Concept\",\"description\":\"\",\"potentialAction\":[{\"@type\":\"SearchAction\",\"target\":{\"@type\":\"EntryPoint\",\"urlTemplate\":\"https:\\\/\\\/www.rcc.fr\\\/de\\\/?s={search_term_string}\"},\"query-input\":{\"@type\":\"PropertyValueSpecification\",\"valueRequired\":true,\"valueName\":\"search_term_string\"}}],\"inLanguage\":\"de\"}]}<\/script>\n<!-- \/ Yoast SEO plugin. -->","yoast_head_json":{"title":"FANUC - avec Robotic Cover Concept","description":"FANUC est une entreprise qui fabrique des robots et RCC produit des housses de protection pour ces robots.","robots":{"index":"index","follow":"follow","max-snippet":"max-snippet:-1","max-image-preview":"max-image-preview:large","max-video-preview":"max-video-preview:-1"},"canonical":"https:\/\/www.rcc.fr\/de\/les-robots\/fanuc\/","og_locale":"de_DE","og_type":"article","og_title":"FANUC - avec Robotic Cover Concept","og_description":"FANUC est une entreprise qui fabrique des robots et RCC produit des housses de protection pour ces robots.","og_url":"https:\/\/www.rcc.fr\/de\/les-robots\/fanuc\/","og_site_name":"RCC - Robotic Cover Concept","article_modified_time":"2022-10-13T08:39:46+00:00","twitter_card":"summary_large_image","twitter_misc":{"Gesch\u00e4tzte Lesezeit":"1\u00a0Minute"},"schema":{"@context":"https:\/\/schema.org","@graph":[{"@type":"WebPage","@id":"https:\/\/www.rcc.fr\/de\/les-robots\/fanuc\/","url":"https:\/\/www.rcc.fr\/de\/les-robots\/fanuc\/","name":"FANUC - avec Robotic Cover Concept","isPartOf":{"@id":"https:\/\/www.rcc.fr\/de\/#website"},"datePublished":"2022-05-25T13:41:31+00:00","dateModified":"2022-10-13T08:39:46+00:00","description":"FANUC est une entreprise qui fabrique des robots et RCC produit des housses de protection pour ces robots.","breadcrumb":{"@id":"https:\/\/www.rcc.fr\/de\/les-robots\/fanuc\/#breadcrumb"},"inLanguage":"de","potentialAction":[{"@type":"ReadAction","target":["https:\/\/www.rcc.fr\/de\/les-robots\/fanuc\/"]}]},{"@type":"BreadcrumbList","@id":"https:\/\/www.rcc.fr\/de\/les-robots\/fanuc\/#breadcrumb","itemListElement":[{"@type":"ListItem","position":1,"name":"Accueil","item":"https:\/\/www.rcc.fr\/de\/"},{"@type":"ListItem","position":2,"name":"Les robots","item":"https:\/\/www.rcc.fr\/de\/les-robots\/"},{"@type":"ListItem","position":3,"name":"FANUC"}]},{"@type":"WebSite","@id":"https:\/\/www.rcc.fr\/de\/#website","url":"https:\/\/www.rcc.fr\/de\/","name":"RCC - Robotic Cover Concept","description":"","potentialAction":[{"@type":"SearchAction","target":{"@type":"EntryPoint","urlTemplate":"https:\/\/www.rcc.fr\/de\/?s={search_term_string}"},"query-input":{"@type":"PropertyValueSpecification","valueRequired":true,"valueName":"search_term_string"}}],"inLanguage":"de"}]}},"_links":{"self":[{"href":"https:\/\/www.rcc.fr\/de\/wp-json\/wp\/v2\/pages\/1173","targetHints":{"allow":["GET"]}}],"collection":[{"href":"https:\/\/www.rcc.fr\/de\/wp-json\/wp\/v2\/pages"}],"about":[{"href":"https:\/\/www.rcc.fr\/de\/wp-json\/wp\/v2\/types\/page"}],"author":[{"embeddable":true,"href":"https:\/\/www.rcc.fr\/de\/wp-json\/wp\/v2\/users\/7"}],"replies":[{"embeddable":true,"href":"https:\/\/www.rcc.fr\/de\/wp-json\/wp\/v2\/comments?post=1173"}],"version-history":[{"count":1,"href":"https:\/\/www.rcc.fr\/de\/wp-json\/wp\/v2\/pages\/1173\/revisions"}],"predecessor-version":[{"id":1183,"href":"https:\/\/www.rcc.fr\/de\/wp-json\/wp\/v2\/pages\/1173\/revisions\/1183"}],"up":[{"embeddable":true,"href":"https:\/\/www.rcc.fr\/de\/wp-json\/wp\/v2\/pages\/1169"}],"wp:attachment":[{"href":"https:\/\/www.rcc.fr\/de\/wp-json\/wp\/v2\/media?parent=1173"}],"curies":[{"name":"wp","href":"https:\/\/api.w.org\/{rel}","templated":true}]}}