{"id":1175,"date":"2022-05-25T15:43:03","date_gmt":"2022-05-25T13:43:03","guid":{"rendered":"https:\/\/www.rcc.fr\/?page_id=1175"},"modified":"2022-10-13T10:42:50","modified_gmt":"2022-10-13T08:42:50","slug":"kuka","status":"publish","type":"page","link":"https:\/\/www.rcc.fr\/de\/les-robots\/kuka\/","title":{"rendered":"KUKA"},"content":{"rendered":"<p>[et_pb_section fb_built=&#8220;1&#8243; _builder_version=&#8220;4.17.4&#8243; _module_preset=&#8220;default&#8220; global_colors_info=&#8220;{}&#8220;][et_pb_row _builder_version=&#8220;4.17.4&#8243; _module_preset=&#8220;default&#8220; global_colors_info=&#8220;{}&#8220;][et_pb_column type=&#8220;4_4&#8243; _builder_version=&#8220;4.17.4&#8243; _module_preset=&#8220;default&#8220; global_colors_info=&#8220;{}&#8220;][et_pb_post_title meta=&#8220;off&#8220; _builder_version=&#8220;4.18.0&#8243; _module_preset=&#8220;default&#8220; global_colors_info=&#8220;{}&#8220;][\/et_pb_post_title][\/et_pb_column][\/et_pb_row][et_pb_row _builder_version=&#8220;4.17.4&#8243; _module_preset=&#8220;default&#8220; global_colors_info=&#8220;{}&#8220;][et_pb_column type=&#8220;4_4&#8243; _builder_version=&#8220;4.17.4&#8243; _module_preset=&#8220;default&#8220; global_colors_info=&#8220;{}&#8220;][et_pb_text _builder_version=&#8220;4.18.0&#8243; _module_preset=&#8220;default&#8220; global_colors_info=&#8220;{}&#8220;]<\/p>\n<h4 style=\"text-align: center;\">KUKA ist ein deutsches Unternehmen, das zahlreiche Industrieroboter herstellt und sich auf den Bereich der Automatisierung spezialisiert hat. Robotic Cover Concept entwirft zahlreiche Schutzh\u00fcllen, die zu den verschiedenen Robotern von KUKA passen.<\/h4>\n<p>[\/et_pb_text][\/et_pb_column][\/et_pb_row][et_pb_row _builder_version=&#8220;4.18.0&#8243; _module_preset=&#8220;default&#8220; global_colors_info=&#8220;{}&#8220;][et_pb_column type=&#8220;4_4&#8243; _builder_version=&#8220;4.18.0&#8243; _module_preset=&#8220;default&#8220; global_colors_info=&#8220;{}&#8220;][et_pb_text _builder_version=&#8220;4.18.0&#8243; _module_preset=&#8220;default&#8220; global_colors_info=&#8220;{}&#8220;]<\/p>\n<table border=\"1\" style=\"border-collapse: collapse; width: 100%; height: 1109px;\">\n<tbody>\n<tr style=\"height: 24px;\">\n<td style=\"width: 50%; height: 24px;\">\n<h4 style=\"text-align: center;\"><span style=\"color: #000080;\"><strong>Name des Roboters<\/strong><\/span><\/h4>\n<\/td>\n<td style=\"width: 50%; height: 24px;\">\n<h4 style=\"text-align: center;\"><span style=\"color: #000080;\"><strong>T\u00e4tigkeitsbereich<\/strong><\/span><\/h4>\n<\/td>\n<\/tr>\n<tr style=\"height: 24px;\">\n<td style=\"width: 50%; height: 24px;\"><span style=\"color: #000000;\"><strong>iR 363<\/strong><\/span><\/td>\n<td style=\"width: 50%; height: 24px;\"><\/td>\n<\/tr>\n<tr style=\"height: 24px;\">\n<td style=\"width: 50%; height: 24px;\"><span style=\"color: #000000;\"><strong>IR 364<\/strong><\/span><\/td>\n<td style=\"width: 50%; height: 24px;\"><\/td>\n<\/tr>\n<tr style=\"height: 24px;\">\n<td style=\"width: 50%; height: 24px;\"><span style=\"color: #000000;\"><strong>IR 365<\/strong><\/span><\/td>\n<td style=\"width: 50%; height: 24px;\"><\/td>\n<\/tr>\n<tr style=\"height: 24px;\">\n<td style=\"width: 50%; height: 24px;\"><span style=\"color: #000000;\"><strong>KR 2<\/strong><\/span><\/td>\n<td style=\"width: 50%; height: 24px;\"><\/td>\n<\/tr>\n<tr style=\"height: 24px;\">\n<td style=\"width: 50%; height: 24px;\"><span style=\"color: #000000;\"><strong>KR 3<\/strong><\/span><\/td>\n<td style=\"width: 50%; height: 24px;\"><\/td>\n<\/tr>\n<tr style=\"height: 24px;\">\n<td style=\"width: 50%; height: 21px;\"><span style=\"color: #000000;\"><strong>KR 4<\/strong><\/span><\/td>\n<td style=\"width: 50%; height: 21px;\"><\/td>\n<\/tr>\n<tr style=\"height: 24px;\">\n<td style=\"width: 50%; height: 24px;\"><span style=\"color: #000000;\"><strong>KR 5<\/strong><\/span><\/td>\n<td style=\"width: 50%; height: 24px;\"><\/td>\n<\/tr>\n<tr style=\"height: 24px;\">\n<td style=\"width: 50%; height: 24px;\"><span style=\"color: #000000;\"><strong>KR 6<\/strong><\/span><\/td>\n<td style=\"width: 50%; height: 24px;\"><\/td>\n<\/tr>\n<tr style=\"height: 24px;\">\n<td style=\"width: 50%; height: 24px;\"><span style=\"color: #000000;\"><strong>KR 8<\/strong><\/span><\/td>\n<td style=\"width: 50%; height: 24px;\"><\/td>\n<\/tr>\n<tr style=\"height: 24px;\">\n<td style=\"width: 50%; height: 24px;\"><span style=\"color: #000000;\"><strong>KR 10<\/strong><\/span><\/td>\n<td style=\"width: 50%; height: 24px;\"><\/td>\n<\/tr>\n<tr style=\"height: 24px;\">\n<td style=\"width: 50%; height: 24px;\"><span style=\"color: #000000;\"><strong>KR 12<\/strong><\/span><\/td>\n<td style=\"width: 50%; height: 24px;\"><\/td>\n<\/tr>\n<tr style=\"height: 24px;\">\n<td style=\"width: 50%; height: 24px;\"><span style=\"color: #000000;\"><strong>KR 15<\/strong><\/span><\/td>\n<td style=\"width: 50%; height: 24px;\"><\/td>\n<\/tr>\n<tr style=\"height: 24px;\">\n<td style=\"width: 50%; height: 24px;\"><span style=\"color: #000000;\"><strong>KR 16<\/strong><\/span><\/td>\n<td style=\"width: 50%; height: 24px;\"><\/td>\n<\/tr>\n<tr style=\"height: 24px;\">\n<td style=\"width: 50%; height: 24px;\"><span style=\"color: #000000;\"><strong>KR 20<\/strong><\/span><\/td>\n<td style=\"width: 50%; height: 24px;\"><\/td>\n<\/tr>\n<tr style=\"height: 24px;\">\n<td style=\"width: 50%; height: 24px;\"><span style=\"color: #000000;\"><strong>KR 22<\/strong><\/span><\/td>\n<td style=\"width: 50%; height: 24px;\"><\/td>\n<\/tr>\n<tr style=\"height: 24px;\">\n<td style=\"width: 50%; height: 24px;\"><span style=\"color: #000000;\"><strong>KR 30<\/strong><\/span><\/td>\n<td style=\"width: 50%; height: 24px;\"><\/td>\n<\/tr>\n<tr style=\"height: 24px;\">\n<td style=\"width: 50%; height: 24px;\"><span style=\"color: #000000;\"><strong>KR 40<\/strong><\/span><\/td>\n<td style=\"width: 50%; height: 24px;\"><\/td>\n<\/tr>\n<tr style=\"height: 24px;\">\n<td style=\"width: 50%; height: 24px;\"><span style=\"color: #000000;\"><strong>KR 50<\/strong><\/span><\/td>\n<td style=\"width: 50%; height: 24px;\"><\/td>\n<\/tr>\n<tr style=\"height: 24px;\">\n<td style=\"width: 50%; height: 24px;\"><span style=\"color: #000000;\"><strong>KR 60<\/strong><\/span><\/td>\n<td style=\"width: 50%; height: 24px;\"><\/td>\n<\/tr>\n<tr style=\"height: 24px;\">\n<td style=\"width: 50%; height: 10px;\"><span style=\"color: #000000;\"><strong>KR 100<\/strong><\/span><\/td>\n<td style=\"width: 50%; height: 10px;\"><\/td>\n<\/tr>\n<tr style=\"height: 24px;\">\n<td style=\"width: 50%; height: 24px;\"><span style=\"color: #000000;\"><strong>KR 120<\/strong><\/span><\/td>\n<td style=\"width: 50%; height: 24px;\"><\/td>\n<\/tr>\n<tr style=\"height: 24px;\">\n<td style=\"width: 50%; height: 24px;\"><span style=\"color: #000000;\"><strong>KR 125<\/strong><\/span><\/td>\n<td style=\"width: 50%; height: 24px;\"><\/td>\n<\/tr>\n<tr style=\"height: 24px;\">\n<td style=\"width: 50%; height: 24px;\"><span style=\"color: #000000;\"><strong>KR 150<\/strong><\/span><\/td>\n<td style=\"width: 50%; height: 24px;\"><\/td>\n<\/tr>\n<tr style=\"height: 24px;\">\n<td style=\"width: 50%; height: 24px;\"><span style=\"color: #000000;\"><strong>KR 160<\/strong><\/span><\/td>\n<td style=\"width: 50%; height: 24px;\"><\/td>\n<\/tr>\n<tr style=\"height: 24px;\">\n<td style=\"width: 50%; height: 24px;\"><span style=\"color: #000000;\"><strong>KR 180<\/strong><\/span><\/td>\n<td style=\"width: 50%; height: 24px;\"><\/td>\n<\/tr>\n<tr style=\"height: 24px;\">\n<td style=\"width: 50%; height: 24px;\"><span style=\"color: #000000;\"><b>KR 200<\/b><\/span><\/td>\n<td style=\"width: 50%; height: 24px;\"><\/td>\n<\/tr>\n<tr style=\"height: 24px;\">\n<td style=\"width: 50%; height: 24px;\"><span style=\"color: #000000;\"><strong>KR 210<\/strong><\/span><\/td>\n<td style=\"width: 50%; height: 24px;\"><\/td>\n<\/tr>\n<tr style=\"height: 24px;\">\n<td style=\"width: 50%; height: 24px;\"><span style=\"color: #000000;\"><strong>KR 240<\/strong><\/span><\/td>\n<td style=\"width: 50%; height: 24px;\"><\/td>\n<\/tr>\n<tr style=\"height: 24px;\">\n<td style=\"width: 50%; height: 24px;\"><span style=\"color: #000000;\"><strong>KR 270<\/strong><\/span><\/td>\n<td style=\"width: 50%; height: 24px;\"><\/td>\n<\/tr>\n<tr style=\"height: 24px;\">\n<td style=\"width: 50%; height: 24px;\"><span style=\"color: #000000;\"><strong>KR 300<\/strong><\/span><\/td>\n<td style=\"width: 50%; height: 24px;\"><\/td>\n<\/tr>\n<tr style=\"height: 24px;\">\n<td style=\"width: 50%; height: 24px;\"><span style=\"color: #000000;\"><strong>KR 360<\/strong><\/span><\/td>\n<td style=\"width: 50%; height: 24px;\"><\/td>\n<\/tr>\n<tr style=\"height: 24px;\">\n<td style=\"width: 50%; height: 24px;\"><span style=\"color: #000000;\"><strong>KR 470<\/strong><\/span><\/td>\n<td style=\"width: 50%; height: 24px;\"><\/td>\n<\/tr>\n<tr style=\"height: 24px;\">\n<td style=\"width: 50%; height: 24px;\"><span style=\"color: #000000;\"><strong>KR 500<\/strong><\/span><\/td>\n<td style=\"width: 50%; height: 24px;\"><\/td>\n<\/tr>\n<tr style=\"height: 24px;\">\n<td style=\"width: 50%; height: 24px;\"><span style=\"color: #000000;\"><strong>KR 510<\/strong><\/span><\/td>\n<td style=\"width: 50%; height: 24px;\"><\/td>\n<\/tr>\n<tr style=\"height: 24px;\">\n<td style=\"width: 50%; height: 20px;\"><span style=\"color: #000000;\"><strong>KR 700<\/strong><\/span><\/td>\n<td style=\"width: 50%; height: 20px;\"><\/td>\n<\/tr>\n<tr style=\"height: 24px;\">\n<td style=\"width: 50%; height: 24px;\"><span style=\"color: #000000;\"><strong>KR 1000<\/strong><\/span><\/td>\n<td style=\"width: 50%; height: 24px;\"><\/td>\n<\/tr>\n<tr style=\"height: 24px;\">\n<td style=\"width: 50%; height: 24px;\"><span style=\"color: #000000;\"><strong>iiwa<\/strong><\/span><\/td>\n<td style=\"width: 50%; height: 24px;\"><\/td>\n<\/tr>\n<\/tbody>\n<\/table>\n<p>&nbsp;<\/p>\n<p>[\/et_pb_text][et_pb_text _builder_version=&#8220;4.18.0&#8243; _module_preset=&#8220;default&#8220; min_height=&#8220;18.8px&#8220; global_colors_info=&#8220;{}&#8220;]<\/p>\n<p style=\"text-align: center;\"><span style=\"color: #000000;\">Um weitere Roboter zu entdecken, die wir sch\u00fctzen, klicken Sie unten :<\/span><\/p>\n<p style=\"text-align: center;\"><span style=\"color: #000000;\"><a href=\"https:\/\/www.rcc.fr\/les-robots\/fanuc\/\">Fanuc<\/a> &#8211; <a href=\"https:\/\/www.rcc.fr\/les-robots\/kuka\/\">Kuka<\/a> &#8211; <a href=\"https:\/\/www.rcc.fr\/les-robots\/abb\/\">ABB<\/a> &#8211; <a href=\"https:\/\/www.rcc.fr\/les-robots\/motoman\/\">Motoman<\/a> &#8211; <a href=\"https:\/\/www.rcc.fr\/les-robots\/staubli\/\">Staubli<\/a><\/span><\/p>\n<p>[\/et_pb_text][\/et_pb_column][\/et_pb_row][\/et_pb_section]<\/p>\n","protected":false},"excerpt":{"rendered":"<p>KUKA ist ein deutsches Unternehmen, das zahlreiche Industrieroboter herstellt und sich auf den Bereich der Automatisierung spezialisiert hat. Robotic Cover Concept entwirft zahlreiche Schutzh\u00fcllen, die zu den verschiedenen Robotern von KUKA passen. Name des Roboters T\u00e4tigkeitsbereich iR 363 IR 364 IR 365 KR 2 KR 3 KR 4 KR 5 KR 6 KR 8 KR [&hellip;]<\/p>\n","protected":false},"author":7,"featured_media":0,"parent":1169,"menu_order":0,"comment_status":"closed","ping_status":"closed","template":"","meta":{"_et_pb_use_builder":"on","_et_pb_old_content":"","_et_gb_content_width":"","footnotes":""},"class_list":["post-1175","page","type-page","status-publish","hentry"],"yoast_head":"<!-- This site is optimized with the Yoast SEO plugin v27.4 - https:\/\/yoast.com\/product\/yoast-seo-wordpress\/ -->\n<title>KUKA - avec Robotic Cover Concept<\/title>\n<meta name=\"description\" content=\"Kuka est une entreprise de robotique et RCC s&#039;est adapt\u00e9 aux robots de fa\u00e7on \u00e0 les prot\u00e9ger de la meilleure fa\u00e7on.\" \/>\n<meta name=\"robots\" content=\"index, follow, max-snippet:-1, max-image-preview:large, max-video-preview:-1\" \/>\n<link rel=\"canonical\" href=\"https:\/\/www.rcc.fr\/de\/les-robots\/kuka\/\" \/>\n<meta property=\"og:locale\" content=\"de_DE\" \/>\n<meta property=\"og:type\" content=\"article\" \/>\n<meta property=\"og:title\" content=\"KUKA - avec Robotic Cover Concept\" \/>\n<meta property=\"og:description\" content=\"Kuka est une entreprise de robotique et RCC s&#039;est adapt\u00e9 aux robots de fa\u00e7on \u00e0 les prot\u00e9ger de la meilleure fa\u00e7on.\" \/>\n<meta property=\"og:url\" content=\"https:\/\/www.rcc.fr\/de\/les-robots\/kuka\/\" \/>\n<meta property=\"og:site_name\" content=\"RCC - Robotic Cover Concept\" \/>\n<meta property=\"article:modified_time\" content=\"2022-10-13T08:42:50+00:00\" \/>\n<meta name=\"twitter:card\" content=\"summary_large_image\" \/>\n<meta name=\"twitter:label1\" content=\"Gesch\u00e4tzte Lesezeit\" \/>\n\t<meta name=\"twitter:data1\" content=\"1\u00a0Minute\" \/>\n<script type=\"application\/ld+json\" class=\"yoast-schema-graph\">{\"@context\":\"https:\\\/\\\/schema.org\",\"@graph\":[{\"@type\":\"WebPage\",\"@id\":\"https:\\\/\\\/www.rcc.fr\\\/de\\\/les-robots\\\/kuka\\\/\",\"url\":\"https:\\\/\\\/www.rcc.fr\\\/de\\\/les-robots\\\/kuka\\\/\",\"name\":\"KUKA - avec Robotic Cover Concept\",\"isPartOf\":{\"@id\":\"https:\\\/\\\/www.rcc.fr\\\/de\\\/#website\"},\"datePublished\":\"2022-05-25T13:43:03+00:00\",\"dateModified\":\"2022-10-13T08:42:50+00:00\",\"description\":\"Kuka est une entreprise de robotique et RCC s'est adapt\u00e9 aux robots de fa\u00e7on \u00e0 les prot\u00e9ger de la meilleure fa\u00e7on.\",\"breadcrumb\":{\"@id\":\"https:\\\/\\\/www.rcc.fr\\\/de\\\/les-robots\\\/kuka\\\/#breadcrumb\"},\"inLanguage\":\"de\",\"potentialAction\":[{\"@type\":\"ReadAction\",\"target\":[\"https:\\\/\\\/www.rcc.fr\\\/de\\\/les-robots\\\/kuka\\\/\"]}]},{\"@type\":\"BreadcrumbList\",\"@id\":\"https:\\\/\\\/www.rcc.fr\\\/de\\\/les-robots\\\/kuka\\\/#breadcrumb\",\"itemListElement\":[{\"@type\":\"ListItem\",\"position\":1,\"name\":\"Accueil\",\"item\":\"https:\\\/\\\/www.rcc.fr\\\/de\\\/\"},{\"@type\":\"ListItem\",\"position\":2,\"name\":\"Les robots\",\"item\":\"https:\\\/\\\/www.rcc.fr\\\/de\\\/les-robots\\\/\"},{\"@type\":\"ListItem\",\"position\":3,\"name\":\"KUKA\"}]},{\"@type\":\"WebSite\",\"@id\":\"https:\\\/\\\/www.rcc.fr\\\/de\\\/#website\",\"url\":\"https:\\\/\\\/www.rcc.fr\\\/de\\\/\",\"name\":\"RCC - Robotic Cover Concept\",\"description\":\"\",\"potentialAction\":[{\"@type\":\"SearchAction\",\"target\":{\"@type\":\"EntryPoint\",\"urlTemplate\":\"https:\\\/\\\/www.rcc.fr\\\/de\\\/?s={search_term_string}\"},\"query-input\":{\"@type\":\"PropertyValueSpecification\",\"valueRequired\":true,\"valueName\":\"search_term_string\"}}],\"inLanguage\":\"de\"}]}<\/script>\n<!-- \/ Yoast SEO plugin. -->","yoast_head_json":{"title":"KUKA - avec Robotic Cover Concept","description":"Kuka est une entreprise de robotique et RCC s'est adapt\u00e9 aux robots de fa\u00e7on \u00e0 les prot\u00e9ger de la meilleure fa\u00e7on.","robots":{"index":"index","follow":"follow","max-snippet":"max-snippet:-1","max-image-preview":"max-image-preview:large","max-video-preview":"max-video-preview:-1"},"canonical":"https:\/\/www.rcc.fr\/de\/les-robots\/kuka\/","og_locale":"de_DE","og_type":"article","og_title":"KUKA - avec Robotic Cover Concept","og_description":"Kuka est une entreprise de robotique et RCC s'est adapt\u00e9 aux robots de fa\u00e7on \u00e0 les prot\u00e9ger de la meilleure fa\u00e7on.","og_url":"https:\/\/www.rcc.fr\/de\/les-robots\/kuka\/","og_site_name":"RCC - Robotic Cover Concept","article_modified_time":"2022-10-13T08:42:50+00:00","twitter_card":"summary_large_image","twitter_misc":{"Gesch\u00e4tzte Lesezeit":"1\u00a0Minute"},"schema":{"@context":"https:\/\/schema.org","@graph":[{"@type":"WebPage","@id":"https:\/\/www.rcc.fr\/de\/les-robots\/kuka\/","url":"https:\/\/www.rcc.fr\/de\/les-robots\/kuka\/","name":"KUKA - avec Robotic Cover Concept","isPartOf":{"@id":"https:\/\/www.rcc.fr\/de\/#website"},"datePublished":"2022-05-25T13:43:03+00:00","dateModified":"2022-10-13T08:42:50+00:00","description":"Kuka est une entreprise de robotique et RCC s'est adapt\u00e9 aux robots de fa\u00e7on \u00e0 les prot\u00e9ger de la meilleure fa\u00e7on.","breadcrumb":{"@id":"https:\/\/www.rcc.fr\/de\/les-robots\/kuka\/#breadcrumb"},"inLanguage":"de","potentialAction":[{"@type":"ReadAction","target":["https:\/\/www.rcc.fr\/de\/les-robots\/kuka\/"]}]},{"@type":"BreadcrumbList","@id":"https:\/\/www.rcc.fr\/de\/les-robots\/kuka\/#breadcrumb","itemListElement":[{"@type":"ListItem","position":1,"name":"Accueil","item":"https:\/\/www.rcc.fr\/de\/"},{"@type":"ListItem","position":2,"name":"Les robots","item":"https:\/\/www.rcc.fr\/de\/les-robots\/"},{"@type":"ListItem","position":3,"name":"KUKA"}]},{"@type":"WebSite","@id":"https:\/\/www.rcc.fr\/de\/#website","url":"https:\/\/www.rcc.fr\/de\/","name":"RCC - Robotic Cover Concept","description":"","potentialAction":[{"@type":"SearchAction","target":{"@type":"EntryPoint","urlTemplate":"https:\/\/www.rcc.fr\/de\/?s={search_term_string}"},"query-input":{"@type":"PropertyValueSpecification","valueRequired":true,"valueName":"search_term_string"}}],"inLanguage":"de"}]}},"_links":{"self":[{"href":"https:\/\/www.rcc.fr\/de\/wp-json\/wp\/v2\/pages\/1175","targetHints":{"allow":["GET"]}}],"collection":[{"href":"https:\/\/www.rcc.fr\/de\/wp-json\/wp\/v2\/pages"}],"about":[{"href":"https:\/\/www.rcc.fr\/de\/wp-json\/wp\/v2\/types\/page"}],"author":[{"embeddable":true,"href":"https:\/\/www.rcc.fr\/de\/wp-json\/wp\/v2\/users\/7"}],"replies":[{"embeddable":true,"href":"https:\/\/www.rcc.fr\/de\/wp-json\/wp\/v2\/comments?post=1175"}],"version-history":[{"count":1,"href":"https:\/\/www.rcc.fr\/de\/wp-json\/wp\/v2\/pages\/1175\/revisions"}],"predecessor-version":[{"id":1184,"href":"https:\/\/www.rcc.fr\/de\/wp-json\/wp\/v2\/pages\/1175\/revisions\/1184"}],"up":[{"embeddable":true,"href":"https:\/\/www.rcc.fr\/de\/wp-json\/wp\/v2\/pages\/1169"}],"wp:attachment":[{"href":"https:\/\/www.rcc.fr\/de\/wp-json\/wp\/v2\/media?parent=1175"}],"curies":[{"name":"wp","href":"https:\/\/api.w.org\/{rel}","templated":true}]}}