{"id":252,"date":"2021-05-05T15:31:39","date_gmt":"2021-05-05T13:31:39","guid":{"rendered":"https:\/\/rcc.fr\/divi\/?page_id=252"},"modified":"2021-08-16T15:35:34","modified_gmt":"2021-08-16T13:35:34","slug":"oberflachenbehandlung-kugelstrahlen","status":"publish","type":"page","link":"https:\/\/www.rcc.fr\/de\/oberflachenbehandlung-kugelstrahlen\/","title":{"rendered":"Oberfl\u00e4chenbehandlung \/ Kugelstrahlen"},"content":{"rendered":"\n[et_pb_section fb_built=&#8220;1&#8243; _builder_version=&#8220;4.9.4&#8243; _module_preset=&#8220;default&#8220; custom_padding=&#8220;0px||0px||true|&#8220;][et_pb_row column_structure=&#8220;1_4,3_4&#8243; _builder_version=&#8220;4.9.4&#8243; _module_preset=&#8220;default&#8220;][et_pb_column type=&#8220;1_4&#8243; _builder_version=&#8220;4.9.4&#8243; _module_preset=&#8220;default&#8220;][et_pb_text module_id=&#8220;menu-gauche&#8220; _builder_version=&#8220;4.9.4&#8243; _module_preset=&#8220;default&#8220; text_font=&#8220;Roboto||||||||&#8220; text_line_height=&#8220;1em&#8220; global_module=&#8220;680&#8243;]<p><a href=\"\/de\/atex\/\">Atex<\/a><\/p>\n<p><a href=\"\/de\/bearbeitung\/\">Bearbeitung<\/a><\/p>\n<p><a href=\"\/de\/emaillieren\/\">Emaillieren<\/a><\/p>\n<p><a href=\"\/de\/fitting-schweissen\/\">Fitting \/ Schwei\u00dfen<\/a><\/p>\n<p><a href=\"\/de\/giesserei-schmiede\/\">Gie\u00dferei \/ Schmiede<\/a><\/p>\n<p><a href=\"\/de\/kitt\/\">Kitt<\/a><\/p>\n<p><a href=\"\/de\/kunststoff-schaumstoff\/\">Kunststoff \/ Schaumstoff<\/a><\/p>\n<p><a href=\"\/de\/lackieren\/\">Lackieren<\/a><\/p>\n<p><a href=\"\/de\/lebensmittel\/\">Lebensmittel<\/a><\/p>\n<p><a href=\"\/de\/medizinisch\/\">Medizinisch<\/a><\/p>\n<p><a href=\"\/de\/nuklear\/\">Nuklear<\/a><\/p>\n<p><a href=\"\/de\/oberflachenbehandlung-kugelstrahlen\/\">Oberfl\u00e4chenbehandlung \/ Kugelstrahlen<\/a><\/p>\n<p><a href=\"\/de\/palettierer-handling\/\">Palettierer \/ Handling<\/a><\/p>\n<p><a href=\"\/de\/plasma\/\">Plasma<\/a><\/p>\n<p><a href=\"\/de\/schneiden-wasserstrahl-waschen-abisolieren\/\">Schneiden \/ Wasserstrahl \/ Waschen \/ Abisolieren<\/a><\/p>\n<p><a href=\"\/de\/temperaturzelle\/\">Temperaturzelle<\/a><\/p>\n<p><a href=\"\/de\/unterwasserroboter\/\">Unterwasserroboter<\/a><\/p>\n[\/et_pb_text][\/et_pb_column][et_pb_column type=&#8220;3_4&#8243; _builder_version=&#8220;4.9.4&#8243; _module_preset=&#8220;default&#8220;][et_pb_image src=&#8220;https:\/\/www.rcc.fr\/de\/wp-content\/uploads\/2021\/05\/photo1-5-1.jpg&#8220; alt=&#8220;Oberfl\u00e4chenbehandlung Kugelstrahlen Roboter&#8220; title_text=&#8220;Oberfl\u00e4chenbehandlung Kugelstrahlen Roboter&#8220; _builder_version=&#8220;4.9.4&#8243; _module_preset=&#8220;default&#8220; custom_margin=&#8220;19px|||||&#8220;][\/et_pb_image][\/et_pb_column][\/et_pb_row][et_pb_row column_structure=&#8220;1_3,1_3,1_3&#8243; _builder_version=&#8220;4.9.4&#8243; _module_preset=&#8220;default&#8220;][et_pb_column type=&#8220;1_3&#8243; _builder_version=&#8220;4.9.4&#8243; _module_preset=&#8220;default&#8220;][et_pb_image src=&#8220;https:\/\/www.rcc.fr\/de\/wp-content\/uploads\/2021\/05\/photo3-3-1.jpg&#8220; alt=&#8220;Oberfl\u00e4chenbehandlung Kugelstrahlen Roboter&#8220; title_text=&#8220;Oberfl\u00e4chenbehandlung Kugelstrahlen Roboter&#8220; _builder_version=&#8220;4.9.4&#8243; _module_preset=&#8220;default&#8220;][\/et_pb_image][\/et_pb_column][et_pb_column type=&#8220;1_3&#8243; _builder_version=&#8220;4.9.4&#8243; _module_preset=&#8220;default&#8220;][et_pb_image src=&#8220;https:\/\/www.rcc.fr\/de\/wp-content\/uploads\/2021\/05\/photo2-4-1.jpg&#8220; alt=&#8220;Oberfl\u00e4chenbehandlung Kugelstrahlen Roboter&#8220; title_text=&#8220;Oberfl\u00e4chenbehandlung Kugelstrahlen Roboter&#8220; _builder_version=&#8220;4.9.4&#8243; _module_preset=&#8220;default&#8220;][\/et_pb_image][\/et_pb_column][et_pb_column type=&#8220;1_3&#8243; _builder_version=&#8220;4.9.4&#8243; _module_preset=&#8220;default&#8220;][et_pb_text _builder_version=&#8220;4.9.4&#8243; _module_preset=&#8220;default&#8220; text_font=&#8220;Roboto||||||||&#8220; header_font=&#8220;Roboto||||||||&#8220; header_text_color=&#8220;#FFFFFF&#8220; background_color=&#8220;#dbdbdb&#8220; custom_margin=&#8220;-110px|64px||-36px||&#8220; custom_margin_tablet=&#8220;&#8220; custom_margin_phone=&#8220;-11px|0px||0px|false|false&#8220; custom_margin_last_edited=&#8220;on|phone&#8220; custom_padding=&#8220;15px|15px|15px|15px|true|true&#8220; hover_enabled=&#8220;0&#8243; sticky_enabled=&#8220;0&#8243;]<h1 style=\"text-align: justify;\"><span>Oberfl\u00e4chenbehandlung \/ Kugelstrahlen<\/span><\/h1>\n<p style=\"text-align: justify;\"><span>Die Oberfl\u00e4chenbehandlung ist eine sehr aggressive Umgebung. RCC bietet L\u00f6sungen, die an Ihre Bed\u00fcrfnisse angepasst sind. Ob vor oder nach dem Projekt, RCC begleitet Sie und bietet Ihnen eine angepasste L\u00f6sung. In diesem Bereich empfiehlt RCC im Interesse einer mehrj\u00e4hrigen Installation einen technischen Austausch vor dem Projekt.<\/span><\/p>[\/et_pb_text][\/et_pb_column][\/et_pb_row][\/et_pb_section]\n","protected":false},"excerpt":{"rendered":"<p>Atex Bearbeitung Emaillieren Fitting \/ Schwei\u00dfen Gie\u00dferei \/ Schmiede Kitt Kunststoff \/ Schaumstoff Lackieren Lebensmittel Medizinisch Nuklear Oberfl\u00e4chenbehandlung \/ Kugelstrahlen Palettierer \/ Handling Plasma Schneiden \/ Wasserstrahl \/ Waschen \/ Abisolieren Temperaturzelle Unterwasserroboter Oberfl\u00e4chenbehandlung \/ Kugelstrahlen Die Oberfl\u00e4chenbehandlung ist eine sehr aggressive Umgebung. RCC bietet L\u00f6sungen, die an Ihre Bed\u00fcrfnisse angepasst sind. Ob vor oder [&hellip;]<\/p>\n","protected":false},"author":2,"featured_media":417,"parent":0,"menu_order":0,"comment_status":"closed","ping_status":"closed","template":"","meta":{"_et_pb_use_builder":"on","_et_pb_old_content":"","_et_gb_content_width":"","footnotes":""},"class_list":["post-252","page","type-page","status-publish","has-post-thumbnail","hentry"],"yoast_head":"<!-- This site is optimized with the Yoast SEO plugin v27.4 - https:\/\/yoast.com\/product\/yoast-seo-wordpress\/ -->\n<title>Oberfl\u00e4chenbehandlung \/ Kugelstrahlen - RCC - Robotic Cover Concept<\/title>\n<meta name=\"description\" content=\"Entdecken Sie unser komplettes Angebot an Schutzabdeckungen f\u00fcr Roboter, die der Oberfl\u00e4chenbehandlung und dem Kugelstrahlen ausgesetzt sind.\" \/>\n<meta name=\"robots\" content=\"index, follow, max-snippet:-1, max-image-preview:large, max-video-preview:-1\" \/>\n<link rel=\"canonical\" href=\"https:\/\/www.rcc.fr\/de\/oberflachenbehandlung-kugelstrahlen\/\" \/>\n<meta property=\"og:locale\" content=\"de_DE\" \/>\n<meta property=\"og:type\" content=\"article\" \/>\n<meta property=\"og:title\" content=\"Oberfl\u00e4chenbehandlung \/ Kugelstrahlen - RCC - Robotic Cover Concept\" \/>\n<meta property=\"og:description\" content=\"Entdecken Sie unser komplettes Angebot an Schutzabdeckungen f\u00fcr Roboter, die der Oberfl\u00e4chenbehandlung und dem Kugelstrahlen ausgesetzt sind.\" \/>\n<meta property=\"og:url\" content=\"https:\/\/www.rcc.fr\/de\/oberflachenbehandlung-kugelstrahlen\/\" \/>\n<meta property=\"og:site_name\" content=\"RCC - Robotic Cover Concept\" \/>\n<meta property=\"article:modified_time\" content=\"2021-08-16T13:35:34+00:00\" \/>\n<meta property=\"og:image\" content=\"https:\/\/www.rcc.fr\/de\/wp-content\/uploads\/2021\/05\/photo1-5-1.jpg\" \/>\n\t<meta property=\"og:image:width\" content=\"1880\" \/>\n\t<meta property=\"og:image:height\" content=\"1272\" \/>\n\t<meta property=\"og:image:type\" content=\"image\/jpeg\" \/>\n<meta name=\"twitter:card\" content=\"summary_large_image\" \/>\n<meta name=\"twitter:label1\" content=\"Gesch\u00e4tzte Lesezeit\" \/>\n\t<meta name=\"twitter:data1\" content=\"1\u00a0Minute\" \/>\n<script type=\"application\/ld+json\" class=\"yoast-schema-graph\">{\"@context\":\"https:\\\/\\\/schema.org\",\"@graph\":[{\"@type\":\"WebPage\",\"@id\":\"https:\\\/\\\/www.rcc.fr\\\/de\\\/oberflachenbehandlung-kugelstrahlen\\\/\",\"url\":\"https:\\\/\\\/www.rcc.fr\\\/de\\\/oberflachenbehandlung-kugelstrahlen\\\/\",\"name\":\"Oberfl\u00e4chenbehandlung \\\/ Kugelstrahlen - RCC - Robotic Cover Concept\",\"isPartOf\":{\"@id\":\"https:\\\/\\\/www.rcc.fr\\\/de\\\/#website\"},\"primaryImageOfPage\":{\"@id\":\"https:\\\/\\\/www.rcc.fr\\\/de\\\/oberflachenbehandlung-kugelstrahlen\\\/#primaryimage\"},\"image\":{\"@id\":\"https:\\\/\\\/www.rcc.fr\\\/de\\\/oberflachenbehandlung-kugelstrahlen\\\/#primaryimage\"},\"thumbnailUrl\":\"https:\\\/\\\/www.rcc.fr\\\/de\\\/wp-content\\\/uploads\\\/2021\\\/05\\\/photo1-5-1.jpg\",\"datePublished\":\"2021-05-05T13:31:39+00:00\",\"dateModified\":\"2021-08-16T13:35:34+00:00\",\"description\":\"Entdecken Sie unser komplettes Angebot an Schutzabdeckungen f\u00fcr Roboter, die der Oberfl\u00e4chenbehandlung und dem Kugelstrahlen ausgesetzt sind.\",\"breadcrumb\":{\"@id\":\"https:\\\/\\\/www.rcc.fr\\\/de\\\/oberflachenbehandlung-kugelstrahlen\\\/#breadcrumb\"},\"inLanguage\":\"de\",\"potentialAction\":[{\"@type\":\"ReadAction\",\"target\":[\"https:\\\/\\\/www.rcc.fr\\\/de\\\/oberflachenbehandlung-kugelstrahlen\\\/\"]}]},{\"@type\":\"ImageObject\",\"inLanguage\":\"de\",\"@id\":\"https:\\\/\\\/www.rcc.fr\\\/de\\\/oberflachenbehandlung-kugelstrahlen\\\/#primaryimage\",\"url\":\"https:\\\/\\\/www.rcc.fr\\\/de\\\/wp-content\\\/uploads\\\/2021\\\/05\\\/photo1-5-1.jpg\",\"contentUrl\":\"https:\\\/\\\/www.rcc.fr\\\/de\\\/wp-content\\\/uploads\\\/2021\\\/05\\\/photo1-5-1.jpg\",\"width\":1880,\"height\":1272,\"caption\":\"Oberfl\u00e4chenbehandlung Kugelstrahlen Roboter\"},{\"@type\":\"BreadcrumbList\",\"@id\":\"https:\\\/\\\/www.rcc.fr\\\/de\\\/oberflachenbehandlung-kugelstrahlen\\\/#breadcrumb\",\"itemListElement\":[{\"@type\":\"ListItem\",\"position\":1,\"name\":\"Accueil\",\"item\":\"https:\\\/\\\/www.rcc.fr\\\/de\\\/\"},{\"@type\":\"ListItem\",\"position\":2,\"name\":\"Oberfl\u00e4chenbehandlung \\\/ Kugelstrahlen\"}]},{\"@type\":\"WebSite\",\"@id\":\"https:\\\/\\\/www.rcc.fr\\\/de\\\/#website\",\"url\":\"https:\\\/\\\/www.rcc.fr\\\/de\\\/\",\"name\":\"RCC - Robotic Cover Concept\",\"description\":\"\",\"potentialAction\":[{\"@type\":\"SearchAction\",\"target\":{\"@type\":\"EntryPoint\",\"urlTemplate\":\"https:\\\/\\\/www.rcc.fr\\\/de\\\/?s={search_term_string}\"},\"query-input\":{\"@type\":\"PropertyValueSpecification\",\"valueRequired\":true,\"valueName\":\"search_term_string\"}}],\"inLanguage\":\"de\"}]}<\/script>\n<!-- \/ Yoast SEO plugin. -->","yoast_head_json":{"title":"Oberfl\u00e4chenbehandlung \/ Kugelstrahlen - RCC - Robotic Cover Concept","description":"Entdecken Sie unser komplettes Angebot an Schutzabdeckungen f\u00fcr Roboter, die der Oberfl\u00e4chenbehandlung und dem Kugelstrahlen ausgesetzt sind.","robots":{"index":"index","follow":"follow","max-snippet":"max-snippet:-1","max-image-preview":"max-image-preview:large","max-video-preview":"max-video-preview:-1"},"canonical":"https:\/\/www.rcc.fr\/de\/oberflachenbehandlung-kugelstrahlen\/","og_locale":"de_DE","og_type":"article","og_title":"Oberfl\u00e4chenbehandlung \/ Kugelstrahlen - RCC - Robotic Cover Concept","og_description":"Entdecken Sie unser komplettes Angebot an Schutzabdeckungen f\u00fcr Roboter, die der Oberfl\u00e4chenbehandlung und dem Kugelstrahlen ausgesetzt sind.","og_url":"https:\/\/www.rcc.fr\/de\/oberflachenbehandlung-kugelstrahlen\/","og_site_name":"RCC - Robotic Cover Concept","article_modified_time":"2021-08-16T13:35:34+00:00","og_image":[{"width":1880,"height":1272,"url":"https:\/\/www.rcc.fr\/de\/wp-content\/uploads\/2021\/05\/photo1-5-1.jpg","type":"image\/jpeg"}],"twitter_card":"summary_large_image","twitter_misc":{"Gesch\u00e4tzte Lesezeit":"1\u00a0Minute"},"schema":{"@context":"https:\/\/schema.org","@graph":[{"@type":"WebPage","@id":"https:\/\/www.rcc.fr\/de\/oberflachenbehandlung-kugelstrahlen\/","url":"https:\/\/www.rcc.fr\/de\/oberflachenbehandlung-kugelstrahlen\/","name":"Oberfl\u00e4chenbehandlung \/ Kugelstrahlen - RCC - Robotic Cover Concept","isPartOf":{"@id":"https:\/\/www.rcc.fr\/de\/#website"},"primaryImageOfPage":{"@id":"https:\/\/www.rcc.fr\/de\/oberflachenbehandlung-kugelstrahlen\/#primaryimage"},"image":{"@id":"https:\/\/www.rcc.fr\/de\/oberflachenbehandlung-kugelstrahlen\/#primaryimage"},"thumbnailUrl":"https:\/\/www.rcc.fr\/de\/wp-content\/uploads\/2021\/05\/photo1-5-1.jpg","datePublished":"2021-05-05T13:31:39+00:00","dateModified":"2021-08-16T13:35:34+00:00","description":"Entdecken Sie unser komplettes Angebot an Schutzabdeckungen f\u00fcr Roboter, die der Oberfl\u00e4chenbehandlung und dem Kugelstrahlen ausgesetzt sind.","breadcrumb":{"@id":"https:\/\/www.rcc.fr\/de\/oberflachenbehandlung-kugelstrahlen\/#breadcrumb"},"inLanguage":"de","potentialAction":[{"@type":"ReadAction","target":["https:\/\/www.rcc.fr\/de\/oberflachenbehandlung-kugelstrahlen\/"]}]},{"@type":"ImageObject","inLanguage":"de","@id":"https:\/\/www.rcc.fr\/de\/oberflachenbehandlung-kugelstrahlen\/#primaryimage","url":"https:\/\/www.rcc.fr\/de\/wp-content\/uploads\/2021\/05\/photo1-5-1.jpg","contentUrl":"https:\/\/www.rcc.fr\/de\/wp-content\/uploads\/2021\/05\/photo1-5-1.jpg","width":1880,"height":1272,"caption":"Oberfl\u00e4chenbehandlung Kugelstrahlen Roboter"},{"@type":"BreadcrumbList","@id":"https:\/\/www.rcc.fr\/de\/oberflachenbehandlung-kugelstrahlen\/#breadcrumb","itemListElement":[{"@type":"ListItem","position":1,"name":"Accueil","item":"https:\/\/www.rcc.fr\/de\/"},{"@type":"ListItem","position":2,"name":"Oberfl\u00e4chenbehandlung \/ Kugelstrahlen"}]},{"@type":"WebSite","@id":"https:\/\/www.rcc.fr\/de\/#website","url":"https:\/\/www.rcc.fr\/de\/","name":"RCC - Robotic Cover Concept","description":"","potentialAction":[{"@type":"SearchAction","target":{"@type":"EntryPoint","urlTemplate":"https:\/\/www.rcc.fr\/de\/?s={search_term_string}"},"query-input":{"@type":"PropertyValueSpecification","valueRequired":true,"valueName":"search_term_string"}}],"inLanguage":"de"}]}},"_links":{"self":[{"href":"https:\/\/www.rcc.fr\/de\/wp-json\/wp\/v2\/pages\/252","targetHints":{"allow":["GET"]}}],"collection":[{"href":"https:\/\/www.rcc.fr\/de\/wp-json\/wp\/v2\/pages"}],"about":[{"href":"https:\/\/www.rcc.fr\/de\/wp-json\/wp\/v2\/types\/page"}],"author":[{"embeddable":true,"href":"https:\/\/www.rcc.fr\/de\/wp-json\/wp\/v2\/users\/2"}],"replies":[{"embeddable":true,"href":"https:\/\/www.rcc.fr\/de\/wp-json\/wp\/v2\/comments?post=252"}],"version-history":[{"count":8,"href":"https:\/\/www.rcc.fr\/de\/wp-json\/wp\/v2\/pages\/252\/revisions"}],"predecessor-version":[{"id":850,"href":"https:\/\/www.rcc.fr\/de\/wp-json\/wp\/v2\/pages\/252\/revisions\/850"}],"wp:featuredmedia":[{"embeddable":true,"href":"https:\/\/www.rcc.fr\/de\/wp-json\/wp\/v2\/media\/417"}],"wp:attachment":[{"href":"https:\/\/www.rcc.fr\/de\/wp-json\/wp\/v2\/media?parent=252"}],"curies":[{"name":"wp","href":"https:\/\/api.w.org\/{rel}","templated":true}]}}