{"id":254,"date":"2021-05-05T15:31:52","date_gmt":"2021-05-05T13:31:52","guid":{"rendered":"https:\/\/rcc.fr\/divi\/?page_id=254"},"modified":"2021-08-16T15:14:35","modified_gmt":"2021-08-16T13:14:35","slug":"kitt","status":"publish","type":"page","link":"https:\/\/www.rcc.fr\/de\/kitt\/","title":{"rendered":"Kitt"},"content":{"rendered":"\n[et_pb_section fb_built=&#8220;1&#8243; _builder_version=&#8220;4.9.4&#8243; _module_preset=&#8220;default&#8220; custom_padding=&#8220;0px||0px||true|&#8220;][et_pb_row column_structure=&#8220;1_4,3_4&#8243; _builder_version=&#8220;4.9.4&#8243; _module_preset=&#8220;default&#8220;][et_pb_column type=&#8220;1_4&#8243; _builder_version=&#8220;4.9.4&#8243; _module_preset=&#8220;default&#8220;][et_pb_text module_id=&#8220;menu-gauche&#8220; _builder_version=&#8220;4.9.4&#8243; _module_preset=&#8220;default&#8220; text_font=&#8220;Roboto||||||||&#8220; text_line_height=&#8220;1em&#8220; global_module=&#8220;680&#8243;]<p><a href=\"\/de\/atex\/\">Atex<\/a><\/p>\n<p><a href=\"\/de\/bearbeitung\/\">Bearbeitung<\/a><\/p>\n<p><a href=\"\/de\/emaillieren\/\">Emaillieren<\/a><\/p>\n<p><a href=\"\/de\/fitting-schweissen\/\">Fitting \/ Schwei\u00dfen<\/a><\/p>\n<p><a href=\"\/de\/giesserei-schmiede\/\">Gie\u00dferei \/ Schmiede<\/a><\/p>\n<p><a href=\"\/de\/kitt\/\">Kitt<\/a><\/p>\n<p><a href=\"\/de\/kunststoff-schaumstoff\/\">Kunststoff \/ Schaumstoff<\/a><\/p>\n<p><a href=\"\/de\/lackieren\/\">Lackieren<\/a><\/p>\n<p><a href=\"\/de\/lebensmittel\/\">Lebensmittel<\/a><\/p>\n<p><a href=\"\/de\/medizinisch\/\">Medizinisch<\/a><\/p>\n<p><a href=\"\/de\/nuklear\/\">Nuklear<\/a><\/p>\n<p><a href=\"\/de\/oberflachenbehandlung-kugelstrahlen\/\">Oberfl\u00e4chenbehandlung \/ Kugelstrahlen<\/a><\/p>\n<p><a href=\"\/de\/palettierer-handling\/\">Palettierer \/ Handling<\/a><\/p>\n<p><a href=\"\/de\/plasma\/\">Plasma<\/a><\/p>\n<p><a href=\"\/de\/schneiden-wasserstrahl-waschen-abisolieren\/\">Schneiden \/ Wasserstrahl \/ Waschen \/ Abisolieren<\/a><\/p>\n<p><a href=\"\/de\/temperaturzelle\/\">Temperaturzelle<\/a><\/p>\n<p><a href=\"\/de\/unterwasserroboter\/\">Unterwasserroboter<\/a><\/p>\n[\/et_pb_text][\/et_pb_column][et_pb_column type=&#8220;3_4&#8243; _builder_version=&#8220;4.9.4&#8243; _module_preset=&#8220;default&#8220;][et_pb_image src=&#8220;https:\/\/www.rcc.fr\/de\/wp-content\/uploads\/2021\/05\/photo.jpg&#8220; alt=&#8220;Kitt roboter&#8220; title_text=&#8220;Kitt roboter&#8220; _builder_version=&#8220;4.9.4&#8243; _module_preset=&#8220;default&#8220; custom_margin=&#8220;19px|||||&#8220;][\/et_pb_image][\/et_pb_column][\/et_pb_row][et_pb_row column_structure=&#8220;1_3,1_3,1_3&#8243; _builder_version=&#8220;4.9.4&#8243; _module_preset=&#8220;default&#8220;][et_pb_column type=&#8220;1_3&#8243; _builder_version=&#8220;4.9.4&#8243; _module_preset=&#8220;default&#8220;][\/et_pb_column][et_pb_column type=&#8220;1_3&#8243; _builder_version=&#8220;4.9.4&#8243; _module_preset=&#8220;default&#8220;][\/et_pb_column][et_pb_column type=&#8220;1_3&#8243; _builder_version=&#8220;4.9.4&#8243; _module_preset=&#8220;default&#8220;][et_pb_text _builder_version=&#8220;4.9.4&#8243; _module_preset=&#8220;default&#8220; text_font=&#8220;Roboto||||||||&#8220; header_font=&#8220;Roboto||||||||&#8220; header_text_color=&#8220;#FFFFFF&#8220; background_color=&#8220;#dbdbdb&#8220; custom_margin=&#8220;-150px|64px||-36px||&#8220; custom_margin_tablet=&#8220;&#8220; custom_margin_phone=&#8220;-129px|0px||0px|false|false&#8220; custom_margin_last_edited=&#8220;on|phone&#8220; custom_padding=&#8220;15px|15px|15px|15px|true|true&#8220; hover_enabled=&#8220;0&#8243; sticky_enabled=&#8220;0&#8243;]<h1 style=\"text-align: justify;\"><span>Kitt<\/span><\/h1>\n<p style=\"text-align: justify;\"><span>Um auf au\u00dfergew\u00f6hnliche Verschmutzungen und Aggressionen zu reagieren, bietet RCC technische Abdeckungen an, die speziell f\u00fcr Roboterbewegungen entwickelt wurden. Um eine maximale Produktivit\u00e4t zu gew\u00e4hrleisten, sind die Schutzvorrichtungen f\u00fcr eine schnelle Demontage\/Montage ausgelegt, ohne dass spezielle Werkzeuge ben\u00f6tigt werden. Wir werden Ihnen eine L\u00f6sung vorschlagen, die wirtschaftlich an Ihre T\u00e4tigkeit angepasst ist.<\/span><\/p>[\/et_pb_text][\/et_pb_column][\/et_pb_row][\/et_pb_section]\n","protected":false},"excerpt":{"rendered":"<p>Atex Bearbeitung Emaillieren Fitting \/ Schwei\u00dfen Gie\u00dferei \/ Schmiede Kitt Kunststoff \/ Schaumstoff Lackieren Lebensmittel Medizinisch Nuklear Oberfl\u00e4chenbehandlung \/ Kugelstrahlen Palettierer \/ Handling Plasma Schneiden \/ Wasserstrahl \/ Waschen \/ Abisolieren Temperaturzelle Unterwasserroboter Kitt Um auf au\u00dfergew\u00f6hnliche Verschmutzungen und Aggressionen zu reagieren, bietet RCC technische Abdeckungen an, die speziell f\u00fcr Roboterbewegungen entwickelt wurden. Um eine [&hellip;]<\/p>\n","protected":false},"author":2,"featured_media":420,"parent":0,"menu_order":0,"comment_status":"closed","ping_status":"closed","template":"","meta":{"_et_pb_use_builder":"on","_et_pb_old_content":"","_et_gb_content_width":"","footnotes":""},"class_list":["post-254","page","type-page","status-publish","has-post-thumbnail","hentry"],"yoast_head":"<!-- This site is optimized with the Yoast SEO plugin v27.4 - https:\/\/yoast.com\/product\/yoast-seo-wordpress\/ -->\n<title>Kitt - RCC - Robotic Cover Concept - Deutschland<\/title>\n<meta name=\"description\" content=\"Entdecken Sie unser komplettes Angebot an Roboterschutzvorrichtungen und Roboterabdeckungen in der MASTIC-Umgebung.\" \/>\n<meta name=\"robots\" content=\"index, follow, max-snippet:-1, max-image-preview:large, max-video-preview:-1\" \/>\n<link rel=\"canonical\" href=\"https:\/\/www.rcc.fr\/de\/kitt\/\" \/>\n<meta property=\"og:locale\" content=\"de_DE\" \/>\n<meta property=\"og:type\" content=\"article\" \/>\n<meta property=\"og:title\" content=\"Kitt - RCC - Robotic Cover Concept - Deutschland\" \/>\n<meta property=\"og:description\" content=\"Entdecken Sie unser komplettes Angebot an Roboterschutzvorrichtungen und Roboterabdeckungen in der MASTIC-Umgebung.\" \/>\n<meta property=\"og:url\" content=\"https:\/\/www.rcc.fr\/de\/kitt\/\" \/>\n<meta property=\"og:site_name\" content=\"RCC - Robotic Cover Concept\" \/>\n<meta property=\"article:modified_time\" content=\"2021-08-16T13:14:35+00:00\" \/>\n<meta property=\"og:image\" content=\"https:\/\/www.rcc.fr\/de\/wp-content\/uploads\/2021\/05\/photo.jpg\" \/>\n\t<meta property=\"og:image:width\" content=\"1910\" \/>\n\t<meta property=\"og:image:height\" content=\"1289\" \/>\n\t<meta property=\"og:image:type\" content=\"image\/jpeg\" \/>\n<meta name=\"twitter:card\" content=\"summary_large_image\" \/>\n<meta name=\"twitter:label1\" content=\"Gesch\u00e4tzte Lesezeit\" \/>\n\t<meta name=\"twitter:data1\" content=\"1\u00a0Minute\" \/>\n<script type=\"application\/ld+json\" class=\"yoast-schema-graph\">{\"@context\":\"https:\\\/\\\/schema.org\",\"@graph\":[{\"@type\":\"WebPage\",\"@id\":\"https:\\\/\\\/www.rcc.fr\\\/de\\\/kitt\\\/\",\"url\":\"https:\\\/\\\/www.rcc.fr\\\/de\\\/kitt\\\/\",\"name\":\"Kitt - RCC - Robotic Cover Concept - Deutschland\",\"isPartOf\":{\"@id\":\"https:\\\/\\\/www.rcc.fr\\\/de\\\/#website\"},\"primaryImageOfPage\":{\"@id\":\"https:\\\/\\\/www.rcc.fr\\\/de\\\/kitt\\\/#primaryimage\"},\"image\":{\"@id\":\"https:\\\/\\\/www.rcc.fr\\\/de\\\/kitt\\\/#primaryimage\"},\"thumbnailUrl\":\"https:\\\/\\\/www.rcc.fr\\\/de\\\/wp-content\\\/uploads\\\/2021\\\/05\\\/photo.jpg\",\"datePublished\":\"2021-05-05T13:31:52+00:00\",\"dateModified\":\"2021-08-16T13:14:35+00:00\",\"description\":\"Entdecken Sie unser komplettes Angebot an Roboterschutzvorrichtungen und Roboterabdeckungen in der MASTIC-Umgebung.\",\"breadcrumb\":{\"@id\":\"https:\\\/\\\/www.rcc.fr\\\/de\\\/kitt\\\/#breadcrumb\"},\"inLanguage\":\"de\",\"potentialAction\":[{\"@type\":\"ReadAction\",\"target\":[\"https:\\\/\\\/www.rcc.fr\\\/de\\\/kitt\\\/\"]}]},{\"@type\":\"ImageObject\",\"inLanguage\":\"de\",\"@id\":\"https:\\\/\\\/www.rcc.fr\\\/de\\\/kitt\\\/#primaryimage\",\"url\":\"https:\\\/\\\/www.rcc.fr\\\/de\\\/wp-content\\\/uploads\\\/2021\\\/05\\\/photo.jpg\",\"contentUrl\":\"https:\\\/\\\/www.rcc.fr\\\/de\\\/wp-content\\\/uploads\\\/2021\\\/05\\\/photo.jpg\",\"width\":1910,\"height\":1289,\"caption\":\"Kitt roboter\"},{\"@type\":\"BreadcrumbList\",\"@id\":\"https:\\\/\\\/www.rcc.fr\\\/de\\\/kitt\\\/#breadcrumb\",\"itemListElement\":[{\"@type\":\"ListItem\",\"position\":1,\"name\":\"Accueil\",\"item\":\"https:\\\/\\\/www.rcc.fr\\\/de\\\/\"},{\"@type\":\"ListItem\",\"position\":2,\"name\":\"Kitt\"}]},{\"@type\":\"WebSite\",\"@id\":\"https:\\\/\\\/www.rcc.fr\\\/de\\\/#website\",\"url\":\"https:\\\/\\\/www.rcc.fr\\\/de\\\/\",\"name\":\"RCC - Robotic Cover Concept\",\"description\":\"\",\"potentialAction\":[{\"@type\":\"SearchAction\",\"target\":{\"@type\":\"EntryPoint\",\"urlTemplate\":\"https:\\\/\\\/www.rcc.fr\\\/de\\\/?s={search_term_string}\"},\"query-input\":{\"@type\":\"PropertyValueSpecification\",\"valueRequired\":true,\"valueName\":\"search_term_string\"}}],\"inLanguage\":\"de\"}]}<\/script>\n<!-- \/ Yoast SEO plugin. -->","yoast_head_json":{"title":"Kitt - RCC - Robotic Cover Concept - Deutschland","description":"Entdecken Sie unser komplettes Angebot an Roboterschutzvorrichtungen und Roboterabdeckungen in der MASTIC-Umgebung.","robots":{"index":"index","follow":"follow","max-snippet":"max-snippet:-1","max-image-preview":"max-image-preview:large","max-video-preview":"max-video-preview:-1"},"canonical":"https:\/\/www.rcc.fr\/de\/kitt\/","og_locale":"de_DE","og_type":"article","og_title":"Kitt - RCC - Robotic Cover Concept - Deutschland","og_description":"Entdecken Sie unser komplettes Angebot an Roboterschutzvorrichtungen und Roboterabdeckungen in der MASTIC-Umgebung.","og_url":"https:\/\/www.rcc.fr\/de\/kitt\/","og_site_name":"RCC - Robotic Cover Concept","article_modified_time":"2021-08-16T13:14:35+00:00","og_image":[{"width":1910,"height":1289,"url":"https:\/\/www.rcc.fr\/de\/wp-content\/uploads\/2021\/05\/photo.jpg","type":"image\/jpeg"}],"twitter_card":"summary_large_image","twitter_misc":{"Gesch\u00e4tzte Lesezeit":"1\u00a0Minute"},"schema":{"@context":"https:\/\/schema.org","@graph":[{"@type":"WebPage","@id":"https:\/\/www.rcc.fr\/de\/kitt\/","url":"https:\/\/www.rcc.fr\/de\/kitt\/","name":"Kitt - RCC - Robotic Cover Concept - Deutschland","isPartOf":{"@id":"https:\/\/www.rcc.fr\/de\/#website"},"primaryImageOfPage":{"@id":"https:\/\/www.rcc.fr\/de\/kitt\/#primaryimage"},"image":{"@id":"https:\/\/www.rcc.fr\/de\/kitt\/#primaryimage"},"thumbnailUrl":"https:\/\/www.rcc.fr\/de\/wp-content\/uploads\/2021\/05\/photo.jpg","datePublished":"2021-05-05T13:31:52+00:00","dateModified":"2021-08-16T13:14:35+00:00","description":"Entdecken Sie unser komplettes Angebot an Roboterschutzvorrichtungen und Roboterabdeckungen in der MASTIC-Umgebung.","breadcrumb":{"@id":"https:\/\/www.rcc.fr\/de\/kitt\/#breadcrumb"},"inLanguage":"de","potentialAction":[{"@type":"ReadAction","target":["https:\/\/www.rcc.fr\/de\/kitt\/"]}]},{"@type":"ImageObject","inLanguage":"de","@id":"https:\/\/www.rcc.fr\/de\/kitt\/#primaryimage","url":"https:\/\/www.rcc.fr\/de\/wp-content\/uploads\/2021\/05\/photo.jpg","contentUrl":"https:\/\/www.rcc.fr\/de\/wp-content\/uploads\/2021\/05\/photo.jpg","width":1910,"height":1289,"caption":"Kitt roboter"},{"@type":"BreadcrumbList","@id":"https:\/\/www.rcc.fr\/de\/kitt\/#breadcrumb","itemListElement":[{"@type":"ListItem","position":1,"name":"Accueil","item":"https:\/\/www.rcc.fr\/de\/"},{"@type":"ListItem","position":2,"name":"Kitt"}]},{"@type":"WebSite","@id":"https:\/\/www.rcc.fr\/de\/#website","url":"https:\/\/www.rcc.fr\/de\/","name":"RCC - Robotic Cover Concept","description":"","potentialAction":[{"@type":"SearchAction","target":{"@type":"EntryPoint","urlTemplate":"https:\/\/www.rcc.fr\/de\/?s={search_term_string}"},"query-input":{"@type":"PropertyValueSpecification","valueRequired":true,"valueName":"search_term_string"}}],"inLanguage":"de"}]}},"_links":{"self":[{"href":"https:\/\/www.rcc.fr\/de\/wp-json\/wp\/v2\/pages\/254","targetHints":{"allow":["GET"]}}],"collection":[{"href":"https:\/\/www.rcc.fr\/de\/wp-json\/wp\/v2\/pages"}],"about":[{"href":"https:\/\/www.rcc.fr\/de\/wp-json\/wp\/v2\/types\/page"}],"author":[{"embeddable":true,"href":"https:\/\/www.rcc.fr\/de\/wp-json\/wp\/v2\/users\/2"}],"replies":[{"embeddable":true,"href":"https:\/\/www.rcc.fr\/de\/wp-json\/wp\/v2\/comments?post=254"}],"version-history":[{"count":9,"href":"https:\/\/www.rcc.fr\/de\/wp-json\/wp\/v2\/pages\/254\/revisions"}],"predecessor-version":[{"id":843,"href":"https:\/\/www.rcc.fr\/de\/wp-json\/wp\/v2\/pages\/254\/revisions\/843"}],"wp:featuredmedia":[{"embeddable":true,"href":"https:\/\/www.rcc.fr\/de\/wp-json\/wp\/v2\/media\/420"}],"wp:attachment":[{"href":"https:\/\/www.rcc.fr\/de\/wp-json\/wp\/v2\/media?parent=254"}],"curies":[{"name":"wp","href":"https:\/\/api.w.org\/{rel}","templated":true}]}}