{"id":262,"date":"2021-05-05T15:33:02","date_gmt":"2021-05-05T13:33:02","guid":{"rendered":"https:\/\/rcc.fr\/divi\/?page_id=262"},"modified":"2021-08-16T15:26:06","modified_gmt":"2021-08-16T13:26:06","slug":"lackieren","status":"publish","type":"page","link":"https:\/\/www.rcc.fr\/de\/lackieren\/","title":{"rendered":"Lackieren"},"content":{"rendered":"\n[et_pb_section fb_built=&#8220;1&#8243; _builder_version=&#8220;4.9.4&#8243; _module_preset=&#8220;default&#8220; custom_padding=&#8220;0px||0px||true|&#8220;][et_pb_row column_structure=&#8220;1_4,3_4&#8243; _builder_version=&#8220;4.9.4&#8243; _module_preset=&#8220;default&#8220;][et_pb_column type=&#8220;1_4&#8243; _builder_version=&#8220;4.9.4&#8243; _module_preset=&#8220;default&#8220;][et_pb_text _builder_version=&#8220;4.9.4&#8243; _module_preset=&#8220;default&#8220; text_font=&#8220;Roboto||||||||&#8220; global_module=&#8220;680&#8243;]<p>Atex<\/p>\n<p>Bearbeitung<\/p>\n<p>Emaillieren<\/p>\n<p>Fitting \/ Schwei\u00dfen<\/p>\n<p>Gie\u00dferei \/ Schmiede<\/p>\n<p>Kitt<\/p>\n<p>Kunststoff \/ Schaumstoff<\/p>\n<p>Lackieren<\/p>\n<p>Lebensmittel<\/p>\n<p>Medizinisch<\/p>\n<p>Nuklear<\/p>\n<p>Oberfl\u00e4chenbehandlung \/ Kugelstrahlen<\/p>\n<p>Palettierer \/ Handling<\/p>\n<p>Plasma<\/p>\n<p>Schneiden \/ Wasserstrahl \/ Waschen \/ Abisolieren<\/p>\n<p>Temperaturzelle<\/p>\n<p>Unterwasserroboter<\/p>[\/et_pb_text][\/et_pb_column][et_pb_column type=&#8220;3_4&#8243; _builder_version=&#8220;4.9.4&#8243; _module_preset=&#8220;default&#8220;][et_pb_image src=&#8220;https:\/\/www.rcc.fr\/de\/wp-content\/uploads\/2021\/05\/photo1-9.jpg&#8220; alt=&#8220;Lackieren roboter&#8220; title_text=&#8220;Lackieren roboter&#8220; _builder_version=&#8220;4.9.4&#8243; _module_preset=&#8220;default&#8220; custom_margin=&#8220;19px|||||&#8220;][\/et_pb_image][\/et_pb_column][\/et_pb_row][et_pb_row column_structure=&#8220;1_3,1_3,1_3&#8243; _builder_version=&#8220;4.9.4&#8243; _module_preset=&#8220;default&#8220;][et_pb_column type=&#8220;1_3&#8243; _builder_version=&#8220;4.9.4&#8243; _module_preset=&#8220;default&#8220;][\/et_pb_column][et_pb_column type=&#8220;1_3&#8243; _builder_version=&#8220;4.9.4&#8243; _module_preset=&#8220;default&#8220;][et_pb_image src=&#8220;https:\/\/www.rcc.fr\/de\/wp-content\/uploads\/2021\/05\/photo2-7.jpg&#8220; alt=&#8220;Lackieren roboter&#8220; title_text=&#8220;Lackieren roboter&#8220; _builder_version=&#8220;4.9.4&#8243; _module_preset=&#8220;default&#8220; custom_margin_tablet=&#8220;&#8220; custom_margin_phone=&#8220;-76px||||false|false&#8220; custom_margin_last_edited=&#8220;on|phone&#8220;][\/et_pb_image][\/et_pb_column][et_pb_column type=&#8220;1_3&#8243; _builder_version=&#8220;4.9.4&#8243; _module_preset=&#8220;default&#8220;][et_pb_text _builder_version=&#8220;4.9.4&#8243; _module_preset=&#8220;default&#8220; text_font=&#8220;Roboto||||||||&#8220; header_font=&#8220;Roboto||||||||&#8220; header_text_color=&#8220;#FFFFFF&#8220; background_color=&#8220;#dbdbdb&#8220; custom_margin=&#8220;-110px|64px||-36px||&#8220; custom_margin_tablet=&#8220;&#8220; custom_margin_phone=&#8220;-4px|0px||0px|false|false&#8220; custom_margin_last_edited=&#8220;on|phone&#8220; custom_padding=&#8220;15px|15px|15px|15px|true|true&#8220;]<h1><span>Lackieren<\/span><\/h1>\n<p><span>Das Lackieren stellt ein erhebliches Risiko f\u00fcr den Roboter dar. Darunter k\u00f6nnen auch die Produktionslinie und das hergestellte Produkt leiden. Basierend auf diesen Beobachtungen bietet Robotic Cover Concept eine Einweg- und waschbare L\u00f6sung, um das Problem der Arbeit in einer Lackierumgebung zu l\u00f6sen. Die RCC-Abdeckungen entsprechen den aktuellen Normen. Das Konstruktionsb\u00fcro achtet darauf, dass die Bewegungen des Roboters frei bleiben und unsere Abdeckungen nicht mit dem lackierten Objekt in Ber\u00fchrung kommen. Wir untersuchen mit Ihnen die beste technische und wirtschaftliche L\u00f6sung, um Ihre Anlage zu optimieren.<\/span><\/p>[\/et_pb_text][\/et_pb_column][\/et_pb_row][\/et_pb_section]\n","protected":false},"excerpt":{"rendered":"<p>Atex Bearbeitung Emaillieren Fitting \/ Schwei\u00dfen Gie\u00dferei \/ Schmiede Kitt Kunststoff \/ Schaumstoff Lackieren Lebensmittel Medizinisch Nuklear Oberfl\u00e4chenbehandlung \/ Kugelstrahlen Palettierer \/ Handling Plasma Schneiden \/ Wasserstrahl \/ Waschen \/ Abisolieren Temperaturzelle UnterwasserroboterLackieren Das Lackieren stellt ein erhebliches Risiko f\u00fcr den Roboter dar. Darunter k\u00f6nnen auch die Produktionslinie und das hergestellte Produkt leiden. Basierend auf [&hellip;]<\/p>\n","protected":false},"author":2,"featured_media":438,"parent":0,"menu_order":0,"comment_status":"closed","ping_status":"closed","template":"","meta":{"_et_pb_use_builder":"on","_et_pb_old_content":"","_et_gb_content_width":"","footnotes":""},"class_list":["post-262","page","type-page","status-publish","has-post-thumbnail","hentry"],"yoast_head":"<!-- This site is optimized with the Yoast SEO plugin v27.4 - https:\/\/yoast.com\/product\/yoast-seo-wordpress\/ -->\n<title>Lackieren - RCC - Robotic Cover Concept - Deutschland<\/title>\n<meta name=\"description\" content=\"Entdecken Sie alle unsere Roboterschutzvorrichtungen und Schutzabdeckungen f\u00fcr Roboter, die mit Farbe konfrontiert werden.\" \/>\n<meta name=\"robots\" content=\"index, follow, max-snippet:-1, max-image-preview:large, max-video-preview:-1\" \/>\n<link rel=\"canonical\" href=\"https:\/\/www.rcc.fr\/de\/lackieren\/\" \/>\n<meta property=\"og:locale\" content=\"de_DE\" \/>\n<meta property=\"og:type\" content=\"article\" \/>\n<meta property=\"og:title\" content=\"Lackieren - RCC - Robotic Cover Concept - Deutschland\" \/>\n<meta property=\"og:description\" content=\"Entdecken Sie alle unsere Roboterschutzvorrichtungen und Schutzabdeckungen f\u00fcr Roboter, die mit Farbe konfrontiert werden.\" \/>\n<meta property=\"og:url\" content=\"https:\/\/www.rcc.fr\/de\/lackieren\/\" \/>\n<meta property=\"og:site_name\" content=\"RCC - Robotic Cover Concept\" \/>\n<meta property=\"article:modified_time\" content=\"2021-08-16T13:26:06+00:00\" \/>\n<meta property=\"og:image\" content=\"https:\/\/www.rcc.fr\/de\/wp-content\/uploads\/2021\/05\/photo1-9.jpg\" \/>\n\t<meta property=\"og:image:width\" content=\"1908\" \/>\n\t<meta property=\"og:image:height\" content=\"1289\" \/>\n\t<meta property=\"og:image:type\" content=\"image\/jpeg\" \/>\n<meta name=\"twitter:card\" content=\"summary_large_image\" \/>\n<meta name=\"twitter:label1\" content=\"Gesch\u00e4tzte Lesezeit\" \/>\n\t<meta name=\"twitter:data1\" content=\"1\u00a0Minute\" \/>\n<script type=\"application\/ld+json\" class=\"yoast-schema-graph\">{\"@context\":\"https:\\\/\\\/schema.org\",\"@graph\":[{\"@type\":\"WebPage\",\"@id\":\"https:\\\/\\\/www.rcc.fr\\\/de\\\/lackieren\\\/\",\"url\":\"https:\\\/\\\/www.rcc.fr\\\/de\\\/lackieren\\\/\",\"name\":\"Lackieren - RCC - Robotic Cover Concept - Deutschland\",\"isPartOf\":{\"@id\":\"https:\\\/\\\/www.rcc.fr\\\/de\\\/#website\"},\"primaryImageOfPage\":{\"@id\":\"https:\\\/\\\/www.rcc.fr\\\/de\\\/lackieren\\\/#primaryimage\"},\"image\":{\"@id\":\"https:\\\/\\\/www.rcc.fr\\\/de\\\/lackieren\\\/#primaryimage\"},\"thumbnailUrl\":\"https:\\\/\\\/www.rcc.fr\\\/de\\\/wp-content\\\/uploads\\\/2021\\\/05\\\/photo1-9.jpg\",\"datePublished\":\"2021-05-05T13:33:02+00:00\",\"dateModified\":\"2021-08-16T13:26:06+00:00\",\"description\":\"Entdecken Sie alle unsere Roboterschutzvorrichtungen und Schutzabdeckungen f\u00fcr Roboter, die mit Farbe konfrontiert werden.\",\"breadcrumb\":{\"@id\":\"https:\\\/\\\/www.rcc.fr\\\/de\\\/lackieren\\\/#breadcrumb\"},\"inLanguage\":\"de\",\"potentialAction\":[{\"@type\":\"ReadAction\",\"target\":[\"https:\\\/\\\/www.rcc.fr\\\/de\\\/lackieren\\\/\"]}]},{\"@type\":\"ImageObject\",\"inLanguage\":\"de\",\"@id\":\"https:\\\/\\\/www.rcc.fr\\\/de\\\/lackieren\\\/#primaryimage\",\"url\":\"https:\\\/\\\/www.rcc.fr\\\/de\\\/wp-content\\\/uploads\\\/2021\\\/05\\\/photo1-9.jpg\",\"contentUrl\":\"https:\\\/\\\/www.rcc.fr\\\/de\\\/wp-content\\\/uploads\\\/2021\\\/05\\\/photo1-9.jpg\",\"width\":1908,\"height\":1289,\"caption\":\"Lackieren roboter\"},{\"@type\":\"BreadcrumbList\",\"@id\":\"https:\\\/\\\/www.rcc.fr\\\/de\\\/lackieren\\\/#breadcrumb\",\"itemListElement\":[{\"@type\":\"ListItem\",\"position\":1,\"name\":\"Accueil\",\"item\":\"https:\\\/\\\/www.rcc.fr\\\/de\\\/\"},{\"@type\":\"ListItem\",\"position\":2,\"name\":\"Lackieren\"}]},{\"@type\":\"WebSite\",\"@id\":\"https:\\\/\\\/www.rcc.fr\\\/de\\\/#website\",\"url\":\"https:\\\/\\\/www.rcc.fr\\\/de\\\/\",\"name\":\"RCC - Robotic Cover Concept\",\"description\":\"\",\"potentialAction\":[{\"@type\":\"SearchAction\",\"target\":{\"@type\":\"EntryPoint\",\"urlTemplate\":\"https:\\\/\\\/www.rcc.fr\\\/de\\\/?s={search_term_string}\"},\"query-input\":{\"@type\":\"PropertyValueSpecification\",\"valueRequired\":true,\"valueName\":\"search_term_string\"}}],\"inLanguage\":\"de\"}]}<\/script>\n<!-- \/ Yoast SEO plugin. -->","yoast_head_json":{"title":"Lackieren - RCC - Robotic Cover Concept - Deutschland","description":"Entdecken Sie alle unsere Roboterschutzvorrichtungen und Schutzabdeckungen f\u00fcr Roboter, die mit Farbe konfrontiert werden.","robots":{"index":"index","follow":"follow","max-snippet":"max-snippet:-1","max-image-preview":"max-image-preview:large","max-video-preview":"max-video-preview:-1"},"canonical":"https:\/\/www.rcc.fr\/de\/lackieren\/","og_locale":"de_DE","og_type":"article","og_title":"Lackieren - RCC - Robotic Cover Concept - Deutschland","og_description":"Entdecken Sie alle unsere Roboterschutzvorrichtungen und Schutzabdeckungen f\u00fcr Roboter, die mit Farbe konfrontiert werden.","og_url":"https:\/\/www.rcc.fr\/de\/lackieren\/","og_site_name":"RCC - Robotic Cover Concept","article_modified_time":"2021-08-16T13:26:06+00:00","og_image":[{"width":1908,"height":1289,"url":"https:\/\/www.rcc.fr\/de\/wp-content\/uploads\/2021\/05\/photo1-9.jpg","type":"image\/jpeg"}],"twitter_card":"summary_large_image","twitter_misc":{"Gesch\u00e4tzte Lesezeit":"1\u00a0Minute"},"schema":{"@context":"https:\/\/schema.org","@graph":[{"@type":"WebPage","@id":"https:\/\/www.rcc.fr\/de\/lackieren\/","url":"https:\/\/www.rcc.fr\/de\/lackieren\/","name":"Lackieren - RCC - Robotic Cover Concept - Deutschland","isPartOf":{"@id":"https:\/\/www.rcc.fr\/de\/#website"},"primaryImageOfPage":{"@id":"https:\/\/www.rcc.fr\/de\/lackieren\/#primaryimage"},"image":{"@id":"https:\/\/www.rcc.fr\/de\/lackieren\/#primaryimage"},"thumbnailUrl":"https:\/\/www.rcc.fr\/de\/wp-content\/uploads\/2021\/05\/photo1-9.jpg","datePublished":"2021-05-05T13:33:02+00:00","dateModified":"2021-08-16T13:26:06+00:00","description":"Entdecken Sie alle unsere Roboterschutzvorrichtungen und Schutzabdeckungen f\u00fcr Roboter, die mit Farbe konfrontiert werden.","breadcrumb":{"@id":"https:\/\/www.rcc.fr\/de\/lackieren\/#breadcrumb"},"inLanguage":"de","potentialAction":[{"@type":"ReadAction","target":["https:\/\/www.rcc.fr\/de\/lackieren\/"]}]},{"@type":"ImageObject","inLanguage":"de","@id":"https:\/\/www.rcc.fr\/de\/lackieren\/#primaryimage","url":"https:\/\/www.rcc.fr\/de\/wp-content\/uploads\/2021\/05\/photo1-9.jpg","contentUrl":"https:\/\/www.rcc.fr\/de\/wp-content\/uploads\/2021\/05\/photo1-9.jpg","width":1908,"height":1289,"caption":"Lackieren roboter"},{"@type":"BreadcrumbList","@id":"https:\/\/www.rcc.fr\/de\/lackieren\/#breadcrumb","itemListElement":[{"@type":"ListItem","position":1,"name":"Accueil","item":"https:\/\/www.rcc.fr\/de\/"},{"@type":"ListItem","position":2,"name":"Lackieren"}]},{"@type":"WebSite","@id":"https:\/\/www.rcc.fr\/de\/#website","url":"https:\/\/www.rcc.fr\/de\/","name":"RCC - Robotic Cover Concept","description":"","potentialAction":[{"@type":"SearchAction","target":{"@type":"EntryPoint","urlTemplate":"https:\/\/www.rcc.fr\/de\/?s={search_term_string}"},"query-input":{"@type":"PropertyValueSpecification","valueRequired":true,"valueName":"search_term_string"}}],"inLanguage":"de"}]}},"_links":{"self":[{"href":"https:\/\/www.rcc.fr\/de\/wp-json\/wp\/v2\/pages\/262","targetHints":{"allow":["GET"]}}],"collection":[{"href":"https:\/\/www.rcc.fr\/de\/wp-json\/wp\/v2\/pages"}],"about":[{"href":"https:\/\/www.rcc.fr\/de\/wp-json\/wp\/v2\/types\/page"}],"author":[{"embeddable":true,"href":"https:\/\/www.rcc.fr\/de\/wp-json\/wp\/v2\/users\/2"}],"replies":[{"embeddable":true,"href":"https:\/\/www.rcc.fr\/de\/wp-json\/wp\/v2\/comments?post=262"}],"version-history":[{"count":7,"href":"https:\/\/www.rcc.fr\/de\/wp-json\/wp\/v2\/pages\/262\/revisions"}],"predecessor-version":[{"id":845,"href":"https:\/\/www.rcc.fr\/de\/wp-json\/wp\/v2\/pages\/262\/revisions\/845"}],"wp:featuredmedia":[{"embeddable":true,"href":"https:\/\/www.rcc.fr\/de\/wp-json\/wp\/v2\/media\/438"}],"wp:attachment":[{"href":"https:\/\/www.rcc.fr\/de\/wp-json\/wp\/v2\/media?parent=262"}],"curies":[{"name":"wp","href":"https:\/\/api.w.org\/{rel}","templated":true}]}}