{"id":266,"date":"2021-05-05T15:33:39","date_gmt":"2021-05-05T13:33:39","guid":{"rendered":"https:\/\/rcc.fr\/divi\/?page_id=266"},"modified":"2021-08-16T15:18:19","modified_gmt":"2021-08-16T13:18:19","slug":"kunststoff-schaumstoff","status":"publish","type":"page","link":"https:\/\/www.rcc.fr\/de\/kunststoff-schaumstoff\/","title":{"rendered":"Kunststoff \/ Schaumstoff"},"content":{"rendered":"\n[et_pb_section fb_built=&#8220;1&#8243; _builder_version=&#8220;4.9.4&#8243; _module_preset=&#8220;default&#8220; custom_padding=&#8220;0px||0px||true|&#8220;][et_pb_row column_structure=&#8220;1_4,3_4&#8243; _builder_version=&#8220;4.9.4&#8243; _module_preset=&#8220;default&#8220;][et_pb_column type=&#8220;1_4&#8243; _builder_version=&#8220;4.9.4&#8243; _module_preset=&#8220;default&#8220;][et_pb_text module_id=&#8220;menu-gauche&#8220; _builder_version=&#8220;4.9.4&#8243; _module_preset=&#8220;default&#8220; text_font=&#8220;Roboto||||||||&#8220; text_line_height=&#8220;1em&#8220; global_module=&#8220;680&#8243;]<p><a href=\"\/de\/atex\/\">Atex<\/a><\/p>\n<p><a href=\"\/de\/bearbeitung\/\">Bearbeitung<\/a><\/p>\n<p><a href=\"\/de\/emaillieren\/\">Emaillieren<\/a><\/p>\n<p><a href=\"\/de\/fitting-schweissen\/\">Fitting \/ Schwei\u00dfen<\/a><\/p>\n<p><a href=\"\/de\/giesserei-schmiede\/\">Gie\u00dferei \/ Schmiede<\/a><\/p>\n<p><a href=\"\/de\/kitt\/\">Kitt<\/a><\/p>\n<p><a href=\"\/de\/kunststoff-schaumstoff\/\">Kunststoff \/ Schaumstoff<\/a><\/p>\n<p><a href=\"\/de\/lackieren\/\">Lackieren<\/a><\/p>\n<p><a href=\"\/de\/lebensmittel\/\">Lebensmittel<\/a><\/p>\n<p><a href=\"\/de\/medizinisch\/\">Medizinisch<\/a><\/p>\n<p><a href=\"\/de\/nuklear\/\">Nuklear<\/a><\/p>\n<p><a href=\"\/de\/oberflachenbehandlung-kugelstrahlen\/\">Oberfl\u00e4chenbehandlung \/ Kugelstrahlen<\/a><\/p>\n<p><a href=\"\/de\/palettierer-handling\/\">Palettierer \/ Handling<\/a><\/p>\n<p><a href=\"\/de\/plasma\/\">Plasma<\/a><\/p>\n<p><a href=\"\/de\/schneiden-wasserstrahl-waschen-abisolieren\/\">Schneiden \/ Wasserstrahl \/ Waschen \/ Abisolieren<\/a><\/p>\n<p><a href=\"\/de\/temperaturzelle\/\">Temperaturzelle<\/a><\/p>\n<p><a href=\"\/de\/unterwasserroboter\/\">Unterwasserroboter<\/a><\/p>\n[\/et_pb_text][\/et_pb_column][et_pb_column type=&#8220;3_4&#8243; _builder_version=&#8220;4.9.4&#8243; _module_preset=&#8220;default&#8220;][et_pb_text _builder_version=&#8220;4.9.4&#8243; _module_preset=&#8220;default&#8220; text_font=&#8220;Roboto||||||||&#8220; header_font=&#8220;Roboto||||||||&#8220; header_text_color=&#8220;#FFFFFF&#8220; background_color=&#8220;#d3d3d3&#8243; custom_padding=&#8220;15px|15px|15px|15px|true|true&#8220; hover_enabled=&#8220;0&#8243; sticky_enabled=&#8220;0&#8243;]<h1 style=\"text-align: justify;\"><span>Kunststoff \/ Schaumstoff<\/span><\/h1>\n<p style=\"text-align: justify;\"><span>Haupts\u00e4chlich in der Automobilindustrie verwendet, ist Kunststoff \/ Schaumstoff von Natur aus ein sehr umweltbelastendes Produkt und daher f\u00fcr Roboter einschr\u00e4nkend. Um diesen au\u00dfergew\u00f6hnlichen Anforderungen gerecht zu werden, ohne die Funktionalit\u00e4t zu beeintr\u00e4chtigen, entwickelt RCC technische Abdeckungen in &#8222;Einweg&#8220;-Qualit\u00e4t. Diese Abdeckungen sind f\u00fcr schnelle Wechsel innerhalb der Produktionslinie ausgelegt und k\u00f6nnen ohne spezielles Werkzeug demontiert werden.<\/span><\/p>[\/et_pb_text][\/et_pb_column][\/et_pb_row][\/et_pb_section]\n","protected":false},"excerpt":{"rendered":"<p>Atex Bearbeitung Emaillieren Fitting \/ Schwei\u00dfen Gie\u00dferei \/ Schmiede Kitt Kunststoff \/ Schaumstoff Lackieren Lebensmittel Medizinisch Nuklear Oberfl\u00e4chenbehandlung \/ Kugelstrahlen Palettierer \/ Handling Plasma Schneiden \/ Wasserstrahl \/ Waschen \/ Abisolieren Temperaturzelle Unterwasserroboter Kunststoff \/ Schaumstoff Haupts\u00e4chlich in der Automobilindustrie verwendet, ist Kunststoff \/ Schaumstoff von Natur aus ein sehr umweltbelastendes Produkt und daher f\u00fcr [&hellip;]<\/p>\n","protected":false},"author":2,"featured_media":0,"parent":0,"menu_order":0,"comment_status":"closed","ping_status":"closed","template":"","meta":{"_et_pb_use_builder":"on","_et_pb_old_content":"","_et_gb_content_width":"","footnotes":""},"class_list":["post-266","page","type-page","status-publish","hentry"],"yoast_head":"<!-- This site is optimized with the Yoast SEO plugin v27.4 - https:\/\/yoast.com\/product\/yoast-seo-wordpress\/ -->\n<title>Kunststoff \/ Schaumstoff - RCC - Robotic Cover Concept<\/title>\n<meta name=\"description\" content=\"Entdecken Sie alle unsere Roboterschutzvorrichtungen und Schutzabdeckungen f\u00fcr Kunststoff-\/Schaumstoffroboter.\" \/>\n<meta name=\"robots\" content=\"index, follow, max-snippet:-1, max-image-preview:large, max-video-preview:-1\" \/>\n<link rel=\"canonical\" href=\"https:\/\/www.rcc.fr\/de\/kunststoff-schaumstoff\/\" \/>\n<meta property=\"og:locale\" content=\"de_DE\" \/>\n<meta property=\"og:type\" content=\"article\" \/>\n<meta property=\"og:title\" content=\"Kunststoff \/ Schaumstoff - RCC - Robotic Cover Concept\" \/>\n<meta property=\"og:description\" content=\"Entdecken Sie alle unsere Roboterschutzvorrichtungen und Schutzabdeckungen f\u00fcr Kunststoff-\/Schaumstoffroboter.\" \/>\n<meta property=\"og:url\" content=\"https:\/\/www.rcc.fr\/de\/kunststoff-schaumstoff\/\" \/>\n<meta property=\"og:site_name\" content=\"RCC - Robotic Cover Concept\" \/>\n<meta property=\"article:modified_time\" content=\"2021-08-16T13:18:19+00:00\" \/>\n<meta name=\"twitter:card\" content=\"summary_large_image\" \/>\n<meta name=\"twitter:label1\" content=\"Gesch\u00e4tzte Lesezeit\" \/>\n\t<meta name=\"twitter:data1\" content=\"1\u00a0Minute\" \/>\n<script type=\"application\/ld+json\" class=\"yoast-schema-graph\">{\"@context\":\"https:\\\/\\\/schema.org\",\"@graph\":[{\"@type\":\"WebPage\",\"@id\":\"https:\\\/\\\/www.rcc.fr\\\/de\\\/kunststoff-schaumstoff\\\/\",\"url\":\"https:\\\/\\\/www.rcc.fr\\\/de\\\/kunststoff-schaumstoff\\\/\",\"name\":\"Kunststoff \\\/ Schaumstoff - RCC - Robotic Cover Concept\",\"isPartOf\":{\"@id\":\"https:\\\/\\\/www.rcc.fr\\\/de\\\/#website\"},\"datePublished\":\"2021-05-05T13:33:39+00:00\",\"dateModified\":\"2021-08-16T13:18:19+00:00\",\"description\":\"Entdecken Sie alle unsere Roboterschutzvorrichtungen und Schutzabdeckungen f\u00fcr Kunststoff-\\\/Schaumstoffroboter.\",\"breadcrumb\":{\"@id\":\"https:\\\/\\\/www.rcc.fr\\\/de\\\/kunststoff-schaumstoff\\\/#breadcrumb\"},\"inLanguage\":\"de\",\"potentialAction\":[{\"@type\":\"ReadAction\",\"target\":[\"https:\\\/\\\/www.rcc.fr\\\/de\\\/kunststoff-schaumstoff\\\/\"]}]},{\"@type\":\"BreadcrumbList\",\"@id\":\"https:\\\/\\\/www.rcc.fr\\\/de\\\/kunststoff-schaumstoff\\\/#breadcrumb\",\"itemListElement\":[{\"@type\":\"ListItem\",\"position\":1,\"name\":\"Accueil\",\"item\":\"https:\\\/\\\/www.rcc.fr\\\/de\\\/\"},{\"@type\":\"ListItem\",\"position\":2,\"name\":\"Kunststoff \\\/ Schaumstoff\"}]},{\"@type\":\"WebSite\",\"@id\":\"https:\\\/\\\/www.rcc.fr\\\/de\\\/#website\",\"url\":\"https:\\\/\\\/www.rcc.fr\\\/de\\\/\",\"name\":\"RCC - Robotic Cover Concept\",\"description\":\"\",\"potentialAction\":[{\"@type\":\"SearchAction\",\"target\":{\"@type\":\"EntryPoint\",\"urlTemplate\":\"https:\\\/\\\/www.rcc.fr\\\/de\\\/?s={search_term_string}\"},\"query-input\":{\"@type\":\"PropertyValueSpecification\",\"valueRequired\":true,\"valueName\":\"search_term_string\"}}],\"inLanguage\":\"de\"}]}<\/script>\n<!-- \/ Yoast SEO plugin. -->","yoast_head_json":{"title":"Kunststoff \/ Schaumstoff - RCC - Robotic Cover Concept","description":"Entdecken Sie alle unsere Roboterschutzvorrichtungen und Schutzabdeckungen f\u00fcr Kunststoff-\/Schaumstoffroboter.","robots":{"index":"index","follow":"follow","max-snippet":"max-snippet:-1","max-image-preview":"max-image-preview:large","max-video-preview":"max-video-preview:-1"},"canonical":"https:\/\/www.rcc.fr\/de\/kunststoff-schaumstoff\/","og_locale":"de_DE","og_type":"article","og_title":"Kunststoff \/ Schaumstoff - RCC - Robotic Cover Concept","og_description":"Entdecken Sie alle unsere Roboterschutzvorrichtungen und Schutzabdeckungen f\u00fcr Kunststoff-\/Schaumstoffroboter.","og_url":"https:\/\/www.rcc.fr\/de\/kunststoff-schaumstoff\/","og_site_name":"RCC - Robotic Cover Concept","article_modified_time":"2021-08-16T13:18:19+00:00","twitter_card":"summary_large_image","twitter_misc":{"Gesch\u00e4tzte Lesezeit":"1\u00a0Minute"},"schema":{"@context":"https:\/\/schema.org","@graph":[{"@type":"WebPage","@id":"https:\/\/www.rcc.fr\/de\/kunststoff-schaumstoff\/","url":"https:\/\/www.rcc.fr\/de\/kunststoff-schaumstoff\/","name":"Kunststoff \/ Schaumstoff - RCC - Robotic Cover Concept","isPartOf":{"@id":"https:\/\/www.rcc.fr\/de\/#website"},"datePublished":"2021-05-05T13:33:39+00:00","dateModified":"2021-08-16T13:18:19+00:00","description":"Entdecken Sie alle unsere Roboterschutzvorrichtungen und Schutzabdeckungen f\u00fcr Kunststoff-\/Schaumstoffroboter.","breadcrumb":{"@id":"https:\/\/www.rcc.fr\/de\/kunststoff-schaumstoff\/#breadcrumb"},"inLanguage":"de","potentialAction":[{"@type":"ReadAction","target":["https:\/\/www.rcc.fr\/de\/kunststoff-schaumstoff\/"]}]},{"@type":"BreadcrumbList","@id":"https:\/\/www.rcc.fr\/de\/kunststoff-schaumstoff\/#breadcrumb","itemListElement":[{"@type":"ListItem","position":1,"name":"Accueil","item":"https:\/\/www.rcc.fr\/de\/"},{"@type":"ListItem","position":2,"name":"Kunststoff \/ Schaumstoff"}]},{"@type":"WebSite","@id":"https:\/\/www.rcc.fr\/de\/#website","url":"https:\/\/www.rcc.fr\/de\/","name":"RCC - Robotic Cover Concept","description":"","potentialAction":[{"@type":"SearchAction","target":{"@type":"EntryPoint","urlTemplate":"https:\/\/www.rcc.fr\/de\/?s={search_term_string}"},"query-input":{"@type":"PropertyValueSpecification","valueRequired":true,"valueName":"search_term_string"}}],"inLanguage":"de"}]}},"_links":{"self":[{"href":"https:\/\/www.rcc.fr\/de\/wp-json\/wp\/v2\/pages\/266","targetHints":{"allow":["GET"]}}],"collection":[{"href":"https:\/\/www.rcc.fr\/de\/wp-json\/wp\/v2\/pages"}],"about":[{"href":"https:\/\/www.rcc.fr\/de\/wp-json\/wp\/v2\/types\/page"}],"author":[{"embeddable":true,"href":"https:\/\/www.rcc.fr\/de\/wp-json\/wp\/v2\/users\/2"}],"replies":[{"embeddable":true,"href":"https:\/\/www.rcc.fr\/de\/wp-json\/wp\/v2\/comments?post=266"}],"version-history":[{"count":8,"href":"https:\/\/www.rcc.fr\/de\/wp-json\/wp\/v2\/pages\/266\/revisions"}],"predecessor-version":[{"id":844,"href":"https:\/\/www.rcc.fr\/de\/wp-json\/wp\/v2\/pages\/266\/revisions\/844"}],"wp:attachment":[{"href":"https:\/\/www.rcc.fr\/de\/wp-json\/wp\/v2\/media?parent=266"}],"curies":[{"name":"wp","href":"https:\/\/api.w.org\/{rel}","templated":true}]}}