{"id":78,"date":"2021-05-05T10:17:25","date_gmt":"2021-05-05T08:17:25","guid":{"rendered":"https:\/\/rcc.fr\/divi\/?page_id=78"},"modified":"2022-03-09T14:14:49","modified_gmt":"2022-03-09T13:14:49","slug":"lebensmittel","status":"publish","type":"page","link":"https:\/\/www.rcc.fr\/de\/lebensmittel\/","title":{"rendered":"Lebensmittel"},"content":{"rendered":"<p>[et_pb_section fb_built=&#8220;1&#8243; _builder_version=&#8220;4.9.4&#8243; _module_preset=&#8220;default&#8220; custom_padding=&#8220;0px|||||&#8220; global_colors_info=&#8220;{}&#8220;][et_pb_row column_structure=&#8220;1_4,3_4&#8243; _builder_version=&#8220;4.9.4&#8243; _module_preset=&#8220;default&#8220; global_colors_info=&#8220;{}&#8220;][et_pb_column type=&#8220;1_4&#8243; _builder_version=&#8220;4.9.4&#8243; _module_preset=&#8220;default&#8220; global_colors_info=&#8220;{}&#8220;][et_pb_text module_id=&#8220;menu-gauche&#8220; _builder_version=&#8220;4.14.8&#8243; _module_preset=&#8220;default&#8220; text_font=&#8220;Roboto||||||||&#8220; text_line_height=&#8220;1em&#8220; hover_enabled=&#8220;0&#8243; global_module=&#8220;680&#8243; saved_tabs=&#8220;all&#8220; global_colors_info=&#8220;{}&#8220; sticky_enabled=&#8220;0&#8243;]<\/p>\n<p><a href=\"\/de\/atex\/\">Atex<\/a><\/p>\n<p><a href=\"\/de\/bearbeitung\/\">Bearbeitung<\/a><\/p>\n<p><a href=\"\/de\/emaillieren\/\">Emaillieren<\/a><\/p>\n<p><a href=\"\/de\/fitting-schweissen\/\">Fitting \/ Schwei\u00dfen<\/a><\/p>\n<p><a href=\"\/de\/giesserei-schmiede\/\">Gie\u00dferei \/ Schmiede<\/a><\/p>\n<p><a href=\"\/de\/kitt\/\">Kitt<\/a><\/p>\n<p><a href=\"\/de\/kunststoff-schaumstoff\/\">Kunststoff \/ Schaumstoff<\/a><\/p>\n<p><a href=\"\/de\/lackieren\/\">Lackieren<\/a><\/p>\n<p><a href=\"\/de\/lebensmittel\/\">Lebensmittel<\/a><\/p>\n<p><a href=\"\/de\/medizinisch\/\">Medizinisch<\/a><\/p>\n<p><a href=\"\/de\/nuklear\/\">Nuklear<\/a><\/p>\n<p><a href=\"\/de\/oberflachenbehandlung-kugelstrahlen\/\">Oberfl\u00e4chenbehandlung \/ Kugelstrahlen<\/a><\/p>\n<p><a href=\"\/de\/palettierer-handling\/\">Palettierer \/ Handling<\/a><\/p>\n<p><a href=\"\/de\/plasma\/\">Plasma<\/a><\/p>\n<p><a href=\"\/de\/schneiden-wasserstrahl-waschen-abisolieren\/\">Schneiden \/ Wasserstrahl \/ Waschen \/ Abisolieren<\/a><\/p>\n<p><a href=\"\/de\/temperaturzelle\/\">Temperaturzelle<\/a><\/p>\n<p>[\/et_pb_text][\/et_pb_column][et_pb_column type=&#8220;3_4&#8243; _builder_version=&#8220;4.9.4&#8243; _module_preset=&#8220;default&#8220; global_colors_info=&#8220;{}&#8220;][et_pb_image src=&#8220;https:\/\/www.rcc.fr\/de\/wp-content\/uploads\/2021\/05\/photo1.jpg&#8220; alt=&#8220;Lebensmittel&#8220; title_text=&#8220;Lebensmittel&#8220; _builder_version=&#8220;4.9.4&#8243; _module_preset=&#8220;default&#8220; custom_margin=&#8220;19px|||||&#8220; global_colors_info=&#8220;{}&#8220;][\/et_pb_image][\/et_pb_column][\/et_pb_row][et_pb_row column_structure=&#8220;1_3,1_3,1_3&#8243; _builder_version=&#8220;4.9.4&#8243; _module_preset=&#8220;default&#8220; global_colors_info=&#8220;{}&#8220;][et_pb_column type=&#8220;1_3&#8243; _builder_version=&#8220;4.9.4&#8243; _module_preset=&#8220;default&#8220; global_colors_info=&#8220;{}&#8220;][et_pb_image src=&#8220;https:\/\/www.rcc.fr\/de\/wp-content\/uploads\/2021\/05\/photo3.jpg&#8220; alt=&#8220;Roboter Lebensmittel&#8220; title_text=&#8220;Roboter Lebensmittel&#8220; _builder_version=&#8220;4.9.4&#8243; _module_preset=&#8220;default&#8220; global_colors_info=&#8220;{}&#8220;][\/et_pb_image][\/et_pb_column][et_pb_column type=&#8220;1_3&#8243; _builder_version=&#8220;4.9.4&#8243; _module_preset=&#8220;default&#8220; global_colors_info=&#8220;{}&#8220;][et_pb_image src=&#8220;https:\/\/www.rcc.fr\/de\/wp-content\/uploads\/2021\/05\/photo2.jpg&#8220; alt=&#8220;Roboter Lebensmittel&#8220; title_text=&#8220;Roboter Lebensmittel&#8220; _builder_version=&#8220;4.9.4&#8243; _module_preset=&#8220;default&#8220; global_colors_info=&#8220;{}&#8220;][\/et_pb_image][\/et_pb_column][et_pb_column type=&#8220;1_3&#8243; _builder_version=&#8220;4.9.4&#8243; _module_preset=&#8220;default&#8220; global_colors_info=&#8220;{}&#8220;][et_pb_text _builder_version=&#8220;4.9.4&#8243; _module_preset=&#8220;default&#8220; text_font=&#8220;Roboto||||||||&#8220; header_font=&#8220;Roboto||||||||&#8220; header_text_color=&#8220;#FFFFFF&#8220; background_color=&#8220;#e5e5e5&#8243; custom_margin=&#8220;-120px|5px||-9px|false|&#8220; custom_margin_tablet=&#8220;&#8220; custom_margin_phone=&#8220;-17px|0px||0px|false|false&#8220; custom_margin_last_edited=&#8220;on|phone&#8220; custom_padding=&#8220;15px|15px|15px|15px|true|true&#8220; global_colors_info=&#8220;{}&#8220;]<\/p>\n<h1>Lebensmittel<\/h1>\n<p><span><\/span><\/p>\n<p><span>Ein sensibler Sektor, wenn es je einen gab, der direkt mit der Gesundheit der Mehrheit der Menschen verbunden ist, erfordert die Lebensmittelindustrie besondere Aufmerksamkeit. Unsere Schutzvorrichtungen f\u00fcr Roboter, die eine perfekte Hygiene erfordern, sch\u00fctzen Ihre Maschinen und Werkzeuge. <\/span><\/p>\n<p><span>Nur RCC verf\u00fcgt \u00fcber das Know-how, diesen Bedarf zu decken, indem es Schutzvorrichtungen in voller \u00dcbereinstimmung mit den geltenden Normen entwickelt, herstellt und installiert.<\/span><\/p>\n<p><span>Durch die Verbesserung seiner Produktpalette durch seine Forschungsabteilung wird RCC regelm\u00e4\u00dfig von gro\u00dfen Namen der Lebensmittelindustrie zu anderen Bereichen als den Roboterabdeckungen befragt.<\/span><\/p>\n<p>[\/et_pb_text][\/et_pb_column][\/et_pb_row][\/et_pb_section]<\/p>\n","protected":false},"excerpt":{"rendered":"<p>Atex Bearbeitung Emaillieren Fitting \/ Schwei\u00dfen Gie\u00dferei \/ Schmiede Kitt Kunststoff \/ Schaumstoff Lackieren Lebensmittel Medizinisch Nuklear Oberfl\u00e4chenbehandlung \/ Kugelstrahlen Palettierer \/ Handling Plasma Schneiden \/ Wasserstrahl \/ Waschen \/ Abisolieren TemperaturzelleLebensmittel Ein sensibler Sektor, wenn es je einen gab, der direkt mit der Gesundheit der Mehrheit der Menschen verbunden ist, erfordert die Lebensmittelindustrie besondere [&hellip;]<\/p>\n","protected":false},"author":2,"featured_media":64,"parent":0,"menu_order":0,"comment_status":"closed","ping_status":"closed","template":"","meta":{"_et_pb_use_builder":"on","_et_pb_old_content":"","_et_gb_content_width":"","footnotes":""},"class_list":["post-78","page","type-page","status-publish","has-post-thumbnail","hentry"],"yoast_head":"<!-- This site is optimized with the Yoast SEO plugin v27.4 - https:\/\/yoast.com\/product\/yoast-seo-wordpress\/ -->\n<title>Lebensmittel - RCC - Robotic Cover Concept<\/title>\n<meta name=\"description\" content=\"Hier finden Sie unsere Roboterschutzvorrichtungen und Schutzabdeckungen f\u00fcr Roboter in der Lebensmittelindustrie.\" \/>\n<meta name=\"robots\" content=\"index, follow, max-snippet:-1, max-image-preview:large, max-video-preview:-1\" \/>\n<link rel=\"canonical\" href=\"https:\/\/www.rcc.fr\/de\/lebensmittel\/\" \/>\n<meta property=\"og:locale\" content=\"de_DE\" \/>\n<meta property=\"og:type\" content=\"article\" \/>\n<meta property=\"og:title\" content=\"Lebensmittel - RCC - Robotic Cover Concept\" \/>\n<meta property=\"og:description\" content=\"Hier finden Sie unsere Roboterschutzvorrichtungen und Schutzabdeckungen f\u00fcr Roboter in der Lebensmittelindustrie.\" \/>\n<meta property=\"og:url\" content=\"https:\/\/www.rcc.fr\/de\/lebensmittel\/\" \/>\n<meta property=\"og:site_name\" content=\"RCC - Robotic Cover Concept\" \/>\n<meta property=\"article:modified_time\" content=\"2022-03-09T13:14:49+00:00\" \/>\n<meta property=\"og:image\" content=\"https:\/\/www.rcc.fr\/de\/wp-content\/uploads\/2021\/05\/photo1.jpg\" \/>\n\t<meta property=\"og:image:width\" content=\"1910\" \/>\n\t<meta property=\"og:image:height\" content=\"1289\" \/>\n\t<meta property=\"og:image:type\" content=\"image\/jpeg\" \/>\n<meta name=\"twitter:card\" content=\"summary_large_image\" \/>\n<meta name=\"twitter:label1\" content=\"Gesch\u00e4tzte Lesezeit\" \/>\n\t<meta name=\"twitter:data1\" content=\"1\u00a0Minute\" \/>\n<script type=\"application\/ld+json\" class=\"yoast-schema-graph\">{\"@context\":\"https:\\\/\\\/schema.org\",\"@graph\":[{\"@type\":\"WebPage\",\"@id\":\"https:\\\/\\\/www.rcc.fr\\\/de\\\/lebensmittel\\\/\",\"url\":\"https:\\\/\\\/www.rcc.fr\\\/de\\\/lebensmittel\\\/\",\"name\":\"Lebensmittel - RCC - Robotic Cover Concept\",\"isPartOf\":{\"@id\":\"https:\\\/\\\/www.rcc.fr\\\/de\\\/#website\"},\"primaryImageOfPage\":{\"@id\":\"https:\\\/\\\/www.rcc.fr\\\/de\\\/lebensmittel\\\/#primaryimage\"},\"image\":{\"@id\":\"https:\\\/\\\/www.rcc.fr\\\/de\\\/lebensmittel\\\/#primaryimage\"},\"thumbnailUrl\":\"https:\\\/\\\/www.rcc.fr\\\/de\\\/wp-content\\\/uploads\\\/2021\\\/05\\\/photo1.jpg\",\"datePublished\":\"2021-05-05T08:17:25+00:00\",\"dateModified\":\"2022-03-09T13:14:49+00:00\",\"description\":\"Hier finden Sie unsere Roboterschutzvorrichtungen und Schutzabdeckungen f\u00fcr Roboter in der Lebensmittelindustrie.\",\"breadcrumb\":{\"@id\":\"https:\\\/\\\/www.rcc.fr\\\/de\\\/lebensmittel\\\/#breadcrumb\"},\"inLanguage\":\"de\",\"potentialAction\":[{\"@type\":\"ReadAction\",\"target\":[\"https:\\\/\\\/www.rcc.fr\\\/de\\\/lebensmittel\\\/\"]}]},{\"@type\":\"ImageObject\",\"inLanguage\":\"de\",\"@id\":\"https:\\\/\\\/www.rcc.fr\\\/de\\\/lebensmittel\\\/#primaryimage\",\"url\":\"https:\\\/\\\/www.rcc.fr\\\/de\\\/wp-content\\\/uploads\\\/2021\\\/05\\\/photo1.jpg\",\"contentUrl\":\"https:\\\/\\\/www.rcc.fr\\\/de\\\/wp-content\\\/uploads\\\/2021\\\/05\\\/photo1.jpg\",\"width\":1910,\"height\":1289,\"caption\":\"Lebensmittel Robotic Cover Concept\"},{\"@type\":\"BreadcrumbList\",\"@id\":\"https:\\\/\\\/www.rcc.fr\\\/de\\\/lebensmittel\\\/#breadcrumb\",\"itemListElement\":[{\"@type\":\"ListItem\",\"position\":1,\"name\":\"Accueil\",\"item\":\"https:\\\/\\\/www.rcc.fr\\\/de\\\/\"},{\"@type\":\"ListItem\",\"position\":2,\"name\":\"Lebensmittel\"}]},{\"@type\":\"WebSite\",\"@id\":\"https:\\\/\\\/www.rcc.fr\\\/de\\\/#website\",\"url\":\"https:\\\/\\\/www.rcc.fr\\\/de\\\/\",\"name\":\"RCC - Robotic Cover Concept\",\"description\":\"\",\"potentialAction\":[{\"@type\":\"SearchAction\",\"target\":{\"@type\":\"EntryPoint\",\"urlTemplate\":\"https:\\\/\\\/www.rcc.fr\\\/de\\\/?s={search_term_string}\"},\"query-input\":{\"@type\":\"PropertyValueSpecification\",\"valueRequired\":true,\"valueName\":\"search_term_string\"}}],\"inLanguage\":\"de\"}]}<\/script>\n<!-- \/ Yoast SEO plugin. -->","yoast_head_json":{"title":"Lebensmittel - RCC - Robotic Cover Concept","description":"Hier finden Sie unsere Roboterschutzvorrichtungen und Schutzabdeckungen f\u00fcr Roboter in der Lebensmittelindustrie.","robots":{"index":"index","follow":"follow","max-snippet":"max-snippet:-1","max-image-preview":"max-image-preview:large","max-video-preview":"max-video-preview:-1"},"canonical":"https:\/\/www.rcc.fr\/de\/lebensmittel\/","og_locale":"de_DE","og_type":"article","og_title":"Lebensmittel - RCC - Robotic Cover Concept","og_description":"Hier finden Sie unsere Roboterschutzvorrichtungen und Schutzabdeckungen f\u00fcr Roboter in der Lebensmittelindustrie.","og_url":"https:\/\/www.rcc.fr\/de\/lebensmittel\/","og_site_name":"RCC - Robotic Cover Concept","article_modified_time":"2022-03-09T13:14:49+00:00","og_image":[{"width":1910,"height":1289,"url":"https:\/\/www.rcc.fr\/de\/wp-content\/uploads\/2021\/05\/photo1.jpg","type":"image\/jpeg"}],"twitter_card":"summary_large_image","twitter_misc":{"Gesch\u00e4tzte Lesezeit":"1\u00a0Minute"},"schema":{"@context":"https:\/\/schema.org","@graph":[{"@type":"WebPage","@id":"https:\/\/www.rcc.fr\/de\/lebensmittel\/","url":"https:\/\/www.rcc.fr\/de\/lebensmittel\/","name":"Lebensmittel - RCC - Robotic Cover Concept","isPartOf":{"@id":"https:\/\/www.rcc.fr\/de\/#website"},"primaryImageOfPage":{"@id":"https:\/\/www.rcc.fr\/de\/lebensmittel\/#primaryimage"},"image":{"@id":"https:\/\/www.rcc.fr\/de\/lebensmittel\/#primaryimage"},"thumbnailUrl":"https:\/\/www.rcc.fr\/de\/wp-content\/uploads\/2021\/05\/photo1.jpg","datePublished":"2021-05-05T08:17:25+00:00","dateModified":"2022-03-09T13:14:49+00:00","description":"Hier finden Sie unsere Roboterschutzvorrichtungen und Schutzabdeckungen f\u00fcr Roboter in der Lebensmittelindustrie.","breadcrumb":{"@id":"https:\/\/www.rcc.fr\/de\/lebensmittel\/#breadcrumb"},"inLanguage":"de","potentialAction":[{"@type":"ReadAction","target":["https:\/\/www.rcc.fr\/de\/lebensmittel\/"]}]},{"@type":"ImageObject","inLanguage":"de","@id":"https:\/\/www.rcc.fr\/de\/lebensmittel\/#primaryimage","url":"https:\/\/www.rcc.fr\/de\/wp-content\/uploads\/2021\/05\/photo1.jpg","contentUrl":"https:\/\/www.rcc.fr\/de\/wp-content\/uploads\/2021\/05\/photo1.jpg","width":1910,"height":1289,"caption":"Lebensmittel Robotic Cover Concept"},{"@type":"BreadcrumbList","@id":"https:\/\/www.rcc.fr\/de\/lebensmittel\/#breadcrumb","itemListElement":[{"@type":"ListItem","position":1,"name":"Accueil","item":"https:\/\/www.rcc.fr\/de\/"},{"@type":"ListItem","position":2,"name":"Lebensmittel"}]},{"@type":"WebSite","@id":"https:\/\/www.rcc.fr\/de\/#website","url":"https:\/\/www.rcc.fr\/de\/","name":"RCC - Robotic Cover Concept","description":"","potentialAction":[{"@type":"SearchAction","target":{"@type":"EntryPoint","urlTemplate":"https:\/\/www.rcc.fr\/de\/?s={search_term_string}"},"query-input":{"@type":"PropertyValueSpecification","valueRequired":true,"valueName":"search_term_string"}}],"inLanguage":"de"}]}},"_links":{"self":[{"href":"https:\/\/www.rcc.fr\/de\/wp-json\/wp\/v2\/pages\/78","targetHints":{"allow":["GET"]}}],"collection":[{"href":"https:\/\/www.rcc.fr\/de\/wp-json\/wp\/v2\/pages"}],"about":[{"href":"https:\/\/www.rcc.fr\/de\/wp-json\/wp\/v2\/types\/page"}],"author":[{"embeddable":true,"href":"https:\/\/www.rcc.fr\/de\/wp-json\/wp\/v2\/users\/2"}],"replies":[{"embeddable":true,"href":"https:\/\/www.rcc.fr\/de\/wp-json\/wp\/v2\/comments?post=78"}],"version-history":[{"count":25,"href":"https:\/\/www.rcc.fr\/de\/wp-json\/wp\/v2\/pages\/78\/revisions"}],"predecessor-version":[{"id":959,"href":"https:\/\/www.rcc.fr\/de\/wp-json\/wp\/v2\/pages\/78\/revisions\/959"}],"wp:featuredmedia":[{"embeddable":true,"href":"https:\/\/www.rcc.fr\/de\/wp-json\/wp\/v2\/media\/64"}],"wp:attachment":[{"href":"https:\/\/www.rcc.fr\/de\/wp-json\/wp\/v2\/media?parent=78"}],"curies":[{"name":"wp","href":"https:\/\/api.w.org\/{rel}","templated":true}]}}