{"id":85,"date":"2021-05-05T10:21:28","date_gmt":"2021-05-05T08:21:28","guid":{"rendered":"https:\/\/rcc.fr\/divi\/?page_id=85"},"modified":"2021-08-16T15:08:06","modified_gmt":"2021-08-16T13:08:06","slug":"faltenbalge-hullen-teach-sonstiges","status":"publish","type":"page","link":"https:\/\/www.rcc.fr\/de\/faltenbalge-hullen-teach-sonstiges\/","title":{"rendered":"Faltenb\u00e4lge \/ H\u00fcllen \/ Teach &#038; Sonstiges"},"content":{"rendered":"\n[et_pb_section fb_built=&#8220;1&#8243; _builder_version=&#8220;4.9.4&#8243; _module_preset=&#8220;default&#8220; custom_padding=&#8220;0px||0px||true|&#8220;][et_pb_row _builder_version=&#8220;4.9.4&#8243; _module_preset=&#8220;default&#8220;][et_pb_column type=&#8220;4_4&#8243; _builder_version=&#8220;4.9.4&#8243; _module_preset=&#8220;default&#8220;][et_pb_image src=&#8220;https:\/\/rcc.fr\/divi\/wp-content\/uploads\/2021\/05\/soufflet-1920&#215;1070-1.jpg&#8220; title_text=&#8220;soufflet-1920&#215;1070&#8243; _builder_version=&#8220;4.9.4&#8243; _module_preset=&#8220;default&#8220;][\/et_pb_image][\/et_pb_column][\/et_pb_row][et_pb_row column_structure=&#8220;2_3,1_3&#8243; _builder_version=&#8220;4.9.4&#8243; _module_preset=&#8220;default&#8220;][et_pb_column type=&#8220;2_3&#8243; _builder_version=&#8220;4.9.4&#8243; _module_preset=&#8220;default&#8220;][et_pb_image src=&#8220;https:\/\/rcc.fr\/divi\/wp-content\/uploads\/2021\/05\/gaines-700&#215;389-1.jpg&#8220; title_text=&#8220;gaines-700&#215;389&#8243; _builder_version=&#8220;4.9.4&#8243; _module_preset=&#8220;default&#8220; custom_margin_tablet=&#8220;&#8220; custom_margin_phone=&#8220;&#8220; custom_margin_last_edited=&#8220;on|phone&#8220;][\/et_pb_image][\/et_pb_column][et_pb_column type=&#8220;1_3&#8243; _builder_version=&#8220;4.9.4&#8243; _module_preset=&#8220;default&#8220;][et_pb_text _builder_version=&#8220;4.9.4&#8243; _module_preset=&#8220;default&#8220; text_font=&#8220;Roboto||||||||&#8220; text_text_color=&#8220;#000000&#8243; header_font=&#8220;Roboto||||||||&#8220; header_text_color=&#8220;#FFFFFF&#8220; background_color=&#8220;#e2e2e2&#8243; custom_margin=&#8220;-116px|-2px||0px||&#8220; custom_margin_tablet=&#8220;&#8220; custom_margin_phone=&#8220;-10px||||false|false&#8220; custom_margin_last_edited=&#8220;on|phone&#8220; custom_padding=&#8220;15px|15px|15px|15px|true|true&#8220; hover_enabled=&#8220;0&#8243; sticky_enabled=&#8220;0&#8243;]<h1 style=\"text-align: justify;\"><span>Faltenb\u00e4lge \/ H\u00fcllen \/ Teach &amp; Sonstiges<\/span><\/h1>\n<p style=\"text-align: justify;\"><span>RCC bietet mehrere Varianten seines Know-hows bei der Konstruktion von Schutzvorrichtungen f\u00fcr Roboter. Faltenb\u00e4lge, H\u00fcllen, Teachings und Sonderanfertigungen, RCC passt sich durch sein Konstruktionsb\u00fcro an Ihre Prozesse an.<\/span><\/p>[\/et_pb_text][\/et_pb_column][\/et_pb_row][et_pb_row column_structure=&#8220;1_3,1_3,1_3&#8243; _builder_version=&#8220;4.9.4&#8243; _module_preset=&#8220;default&#8220;][et_pb_column type=&#8220;1_3&#8243; _builder_version=&#8220;4.9.4&#8243; _module_preset=&#8220;default&#8220;][et_pb_image src=&#8220;https:\/\/rcc.fr\/divi\/wp-content\/uploads\/2021\/05\/cuve.jpg&#8220; title_text=&#8220;cuve&#8220; _builder_version=&#8220;4.9.4&#8243; _module_preset=&#8220;default&#8220; width=&#8220;80%&#8220; max_width=&#8220;80%&#8220;][\/et_pb_image][\/et_pb_column][et_pb_column type=&#8220;1_3&#8243; _builder_version=&#8220;4.9.4&#8243; _module_preset=&#8220;default&#8220;][et_pb_image src=&#8220;https:\/\/rcc.fr\/divi\/wp-content\/uploads\/2021\/05\/cabine.jpg&#8220; title_text=&#8220;cabine&#8220; align=&#8220;center&#8220; _builder_version=&#8220;4.9.4&#8243; _module_preset=&#8220;default&#8220; width=&#8220;80%&#8220; max_width=&#8220;80%&#8220; custom_margin=&#8220;|||-73px||&#8220; custom_margin_tablet=&#8220;&#8220; custom_margin_phone=&#8220;|||0px|false|false&#8220; custom_margin_last_edited=&#8220;on|phone&#8220;][\/et_pb_image][\/et_pb_column][et_pb_column type=&#8220;1_3&#8243; _builder_version=&#8220;4.9.4&#8243; _module_preset=&#8220;default&#8220;][et_pb_image src=&#8220;https:\/\/rcc.fr\/divi\/wp-content\/uploads\/2021\/05\/reflex-700&#215;509-1.jpg&#8220; title_text=&#8220;reflex-700&#215;509&#8243; align=&#8220;right&#8220; _builder_version=&#8220;4.9.4&#8243; _module_preset=&#8220;default&#8220; custom_margin=&#8220;|||-149px||&#8220; custom_margin_tablet=&#8220;&#8220; custom_margin_phone=&#8220;|||0px|false|false&#8220; custom_margin_last_edited=&#8220;on|phone&#8220;][\/et_pb_image][\/et_pb_column][\/et_pb_row][et_pb_row column_structure=&#8220;1_2,1_2&#8243; _builder_version=&#8220;4.9.4&#8243; _module_preset=&#8220;default&#8220;][et_pb_column type=&#8220;1_2&#8243; _builder_version=&#8220;4.9.4&#8243; _module_preset=&#8220;default&#8220;][et_pb_image src=&#8220;https:\/\/rcc.fr\/divi\/wp-content\/uploads\/2021\/05\/mains-700&#215;555-1.jpg&#8220; title_text=&#8220;mains-700&#215;555&#8243; align=&#8220;center&#8220; _builder_version=&#8220;4.9.4&#8243; _module_preset=&#8220;default&#8220;][\/et_pb_image][\/et_pb_column][et_pb_column type=&#8220;1_2&#8243; _builder_version=&#8220;4.9.4&#8243; _module_preset=&#8220;default&#8220;][et_pb_image src=&#8220;https:\/\/rcc.fr\/divi\/wp-content\/uploads\/2021\/05\/soufflets-700&#215;690-1.jpg&#8220; title_text=&#8220;soufflets-700&#215;690&#8243; align=&#8220;right&#8220; _builder_version=&#8220;4.9.4&#8243; _module_preset=&#8220;default&#8220; max_width=&#8220;80%&#8220;][\/et_pb_image][\/et_pb_column][\/et_pb_row][\/et_pb_section]\n","protected":false},"excerpt":{"rendered":"<p>Faltenb\u00e4lge \/ H\u00fcllen \/ Teach &amp; Sonstiges RCC bietet mehrere Varianten seines Know-hows bei der Konstruktion von Schutzvorrichtungen f\u00fcr Roboter. Faltenb\u00e4lge, H\u00fcllen, Teachings und Sonderanfertigungen, RCC passt sich durch sein Konstruktionsb\u00fcro an Ihre Prozesse an.<\/p>\n","protected":false},"author":2,"featured_media":0,"parent":0,"menu_order":0,"comment_status":"closed","ping_status":"closed","template":"","meta":{"_et_pb_use_builder":"on","_et_pb_old_content":"","_et_gb_content_width":"","footnotes":""},"class_list":["post-85","page","type-page","status-publish","hentry"],"yoast_head":"<!-- This site is optimized with the Yoast SEO plugin v27.4 - https:\/\/yoast.com\/product\/yoast-seo-wordpress\/ -->\n<title>Faltenb\u00e4lge \/ H\u00fcllen \/ Teach &amp; Sonstiges - RCC - Robotic Cover Concept<\/title>\n<meta name=\"description\" content=\"Entdecken Sie alle unsere B\u00e4lge, Scheiden, Lehren und auch unsere Sonderanfertigungen.\" \/>\n<meta name=\"robots\" content=\"index, follow, max-snippet:-1, max-image-preview:large, max-video-preview:-1\" \/>\n<link rel=\"canonical\" href=\"https:\/\/www.rcc.fr\/de\/faltenbalge-hullen-teach-sonstiges\/\" \/>\n<meta property=\"og:locale\" content=\"de_DE\" \/>\n<meta property=\"og:type\" content=\"article\" \/>\n<meta property=\"og:title\" content=\"Faltenb\u00e4lge \/ H\u00fcllen \/ Teach &amp; Sonstiges - RCC - Robotic Cover Concept\" \/>\n<meta property=\"og:description\" content=\"Entdecken Sie alle unsere B\u00e4lge, Scheiden, Lehren und auch unsere Sonderanfertigungen.\" \/>\n<meta property=\"og:url\" content=\"https:\/\/www.rcc.fr\/de\/faltenbalge-hullen-teach-sonstiges\/\" \/>\n<meta property=\"og:site_name\" content=\"RCC - Robotic Cover Concept\" \/>\n<meta property=\"article:modified_time\" content=\"2021-08-16T13:08:06+00:00\" \/>\n<meta name=\"twitter:card\" content=\"summary_large_image\" \/>\n<meta name=\"twitter:label1\" content=\"Gesch\u00e4tzte Lesezeit\" \/>\n\t<meta name=\"twitter:data1\" content=\"1\u00a0Minute\" \/>\n<script type=\"application\/ld+json\" class=\"yoast-schema-graph\">{\"@context\":\"https:\\\/\\\/schema.org\",\"@graph\":[{\"@type\":\"WebPage\",\"@id\":\"https:\\\/\\\/www.rcc.fr\\\/de\\\/faltenbalge-hullen-teach-sonstiges\\\/\",\"url\":\"https:\\\/\\\/www.rcc.fr\\\/de\\\/faltenbalge-hullen-teach-sonstiges\\\/\",\"name\":\"Faltenb\u00e4lge \\\/ H\u00fcllen \\\/ Teach & Sonstiges - RCC - Robotic Cover Concept\",\"isPartOf\":{\"@id\":\"https:\\\/\\\/www.rcc.fr\\\/de\\\/#website\"},\"datePublished\":\"2021-05-05T08:21:28+00:00\",\"dateModified\":\"2021-08-16T13:08:06+00:00\",\"description\":\"Entdecken Sie alle unsere B\u00e4lge, Scheiden, Lehren und auch unsere Sonderanfertigungen.\",\"breadcrumb\":{\"@id\":\"https:\\\/\\\/www.rcc.fr\\\/de\\\/faltenbalge-hullen-teach-sonstiges\\\/#breadcrumb\"},\"inLanguage\":\"de\",\"potentialAction\":[{\"@type\":\"ReadAction\",\"target\":[\"https:\\\/\\\/www.rcc.fr\\\/de\\\/faltenbalge-hullen-teach-sonstiges\\\/\"]}]},{\"@type\":\"BreadcrumbList\",\"@id\":\"https:\\\/\\\/www.rcc.fr\\\/de\\\/faltenbalge-hullen-teach-sonstiges\\\/#breadcrumb\",\"itemListElement\":[{\"@type\":\"ListItem\",\"position\":1,\"name\":\"Accueil\",\"item\":\"https:\\\/\\\/www.rcc.fr\\\/de\\\/\"},{\"@type\":\"ListItem\",\"position\":2,\"name\":\"Faltenb\u00e4lge \\\/ H\u00fcllen \\\/ Teach &#038; Sonstiges\"}]},{\"@type\":\"WebSite\",\"@id\":\"https:\\\/\\\/www.rcc.fr\\\/de\\\/#website\",\"url\":\"https:\\\/\\\/www.rcc.fr\\\/de\\\/\",\"name\":\"RCC - Robotic Cover Concept\",\"description\":\"\",\"potentialAction\":[{\"@type\":\"SearchAction\",\"target\":{\"@type\":\"EntryPoint\",\"urlTemplate\":\"https:\\\/\\\/www.rcc.fr\\\/de\\\/?s={search_term_string}\"},\"query-input\":{\"@type\":\"PropertyValueSpecification\",\"valueRequired\":true,\"valueName\":\"search_term_string\"}}],\"inLanguage\":\"de\"}]}<\/script>\n<!-- \/ Yoast SEO plugin. -->","yoast_head_json":{"title":"Faltenb\u00e4lge \/ H\u00fcllen \/ Teach & Sonstiges - RCC - Robotic Cover Concept","description":"Entdecken Sie alle unsere B\u00e4lge, Scheiden, Lehren und auch unsere Sonderanfertigungen.","robots":{"index":"index","follow":"follow","max-snippet":"max-snippet:-1","max-image-preview":"max-image-preview:large","max-video-preview":"max-video-preview:-1"},"canonical":"https:\/\/www.rcc.fr\/de\/faltenbalge-hullen-teach-sonstiges\/","og_locale":"de_DE","og_type":"article","og_title":"Faltenb\u00e4lge \/ H\u00fcllen \/ Teach & Sonstiges - RCC - Robotic Cover Concept","og_description":"Entdecken Sie alle unsere B\u00e4lge, Scheiden, Lehren und auch unsere Sonderanfertigungen.","og_url":"https:\/\/www.rcc.fr\/de\/faltenbalge-hullen-teach-sonstiges\/","og_site_name":"RCC - Robotic Cover Concept","article_modified_time":"2021-08-16T13:08:06+00:00","twitter_card":"summary_large_image","twitter_misc":{"Gesch\u00e4tzte Lesezeit":"1\u00a0Minute"},"schema":{"@context":"https:\/\/schema.org","@graph":[{"@type":"WebPage","@id":"https:\/\/www.rcc.fr\/de\/faltenbalge-hullen-teach-sonstiges\/","url":"https:\/\/www.rcc.fr\/de\/faltenbalge-hullen-teach-sonstiges\/","name":"Faltenb\u00e4lge \/ H\u00fcllen \/ Teach & Sonstiges - RCC - Robotic Cover Concept","isPartOf":{"@id":"https:\/\/www.rcc.fr\/de\/#website"},"datePublished":"2021-05-05T08:21:28+00:00","dateModified":"2021-08-16T13:08:06+00:00","description":"Entdecken Sie alle unsere B\u00e4lge, Scheiden, Lehren und auch unsere Sonderanfertigungen.","breadcrumb":{"@id":"https:\/\/www.rcc.fr\/de\/faltenbalge-hullen-teach-sonstiges\/#breadcrumb"},"inLanguage":"de","potentialAction":[{"@type":"ReadAction","target":["https:\/\/www.rcc.fr\/de\/faltenbalge-hullen-teach-sonstiges\/"]}]},{"@type":"BreadcrumbList","@id":"https:\/\/www.rcc.fr\/de\/faltenbalge-hullen-teach-sonstiges\/#breadcrumb","itemListElement":[{"@type":"ListItem","position":1,"name":"Accueil","item":"https:\/\/www.rcc.fr\/de\/"},{"@type":"ListItem","position":2,"name":"Faltenb\u00e4lge \/ H\u00fcllen \/ Teach &#038; Sonstiges"}]},{"@type":"WebSite","@id":"https:\/\/www.rcc.fr\/de\/#website","url":"https:\/\/www.rcc.fr\/de\/","name":"RCC - Robotic Cover Concept","description":"","potentialAction":[{"@type":"SearchAction","target":{"@type":"EntryPoint","urlTemplate":"https:\/\/www.rcc.fr\/de\/?s={search_term_string}"},"query-input":{"@type":"PropertyValueSpecification","valueRequired":true,"valueName":"search_term_string"}}],"inLanguage":"de"}]}},"_links":{"self":[{"href":"https:\/\/www.rcc.fr\/de\/wp-json\/wp\/v2\/pages\/85","targetHints":{"allow":["GET"]}}],"collection":[{"href":"https:\/\/www.rcc.fr\/de\/wp-json\/wp\/v2\/pages"}],"about":[{"href":"https:\/\/www.rcc.fr\/de\/wp-json\/wp\/v2\/types\/page"}],"author":[{"embeddable":true,"href":"https:\/\/www.rcc.fr\/de\/wp-json\/wp\/v2\/users\/2"}],"replies":[{"embeddable":true,"href":"https:\/\/www.rcc.fr\/de\/wp-json\/wp\/v2\/comments?post=85"}],"version-history":[{"count":9,"href":"https:\/\/www.rcc.fr\/de\/wp-json\/wp\/v2\/pages\/85\/revisions"}],"predecessor-version":[{"id":839,"href":"https:\/\/www.rcc.fr\/de\/wp-json\/wp\/v2\/pages\/85\/revisions\/839"}],"wp:attachment":[{"href":"https:\/\/www.rcc.fr\/de\/wp-json\/wp\/v2\/media?parent=85"}],"curies":[{"name":"wp","href":"https:\/\/api.w.org\/{rel}","templated":true}]}}