{"id":909,"date":"2021-06-23T14:06:14","date_gmt":"2021-06-23T12:06:14","guid":{"rendered":"https:\/\/www.rcc.fr\/?page_id=909"},"modified":"2022-07-06T11:14:06","modified_gmt":"2022-07-06T09:14:06","slug":"vorteile-von-rcc","status":"publish","type":"page","link":"https:\/\/www.rcc.fr\/de\/vorteile-von-rcc\/","title":{"rendered":"Vorteile von RCC"},"content":{"rendered":"<p>[et_pb_section fb_built=&#8220;1&#8243; _builder_version=&#8220;4.16&#8243; _module_preset=&#8220;default&#8220; custom_padding=&#8220;0px|||||&#8220; global_colors_info=&#8220;{}&#8220;][et_pb_row column_structure=&#8220;3_5,2_5&#8243; _builder_version=&#8220;4.16&#8243; _module_preset=&#8220;default&#8220; custom_padding=&#8220;||27px|||&#8220; global_colors_info=&#8220;{}&#8220;][et_pb_column type=&#8220;3_5&#8243; _builder_version=&#8220;4.16&#8243; _module_preset=&#8220;default&#8220; global_colors_info=&#8220;{}&#8220;][et_pb_image src=&#8220;https:\/\/www.rcc.fr\/wp-content\/uploads\/2021\/05\/photo-couture.jpg&#8220; alt=&#8220;rcc_service&#8220; title_text=&#8220;rcc_service&#8220; _builder_version=&#8220;4.16&#8243; _module_preset=&#8220;default&#8220; width=&#8220;100%&#8220; global_colors_info=&#8220;{}&#8220;][\/et_pb_image][\/et_pb_column][et_pb_column type=&#8220;2_5&#8243; _builder_version=&#8220;4.16&#8243; _module_preset=&#8220;default&#8220; global_colors_info=&#8220;{}&#8220;][et_pb_post_title meta=&#8220;off&#8220; featured_image=&#8220;off&#8220; _builder_version=&#8220;4.16&#8243; _module_preset=&#8220;default&#8220; title_font=&#8220;Roboto Condensed||||||||&#8220; title_text_color=&#8220;#1c3762&#8243; title_font_size=&#8220;40px&#8220; global_colors_info=&#8220;{}&#8220;][\/et_pb_post_title][et_pb_text _builder_version=&#8220;4.16&#8243; _module_preset=&#8220;default&#8220; text_text_color=&#8220;#000000&#8243; custom_padding=&#8220;||0px|||&#8220; global_colors_info=&#8220;{}&#8220;]<\/p>\n<p style=\"text-align: justify;\">M\u00f6chten Sie Ihre Maschinen oder Roboter sch\u00fctzen? Robotic Cover Concept bietet Ihnen seine Schutzh\u00fcllen, Faltenb\u00e4lge und Manschetten an, die individuell gestaltet werden k\u00f6nnen und f\u00fcr alle T\u00e4tigkeitsbereiche geeignet sind.<\/p>\n<p style=\"text-align: justify;\">Als Hersteller von flexiblen Schutzvorrichtungen f\u00fcr Roboter und Industriemaschinen reagiert RCC flexibel auf Ihre Anforderungen in allen Bereichen.<\/p>\n<p style=\"text-align: justify;\">Unser Team begleitet Sie vom Entwurf bis zur Nachbereitung. Robotic Cover Concept bietet Ihnen auch seine Dienstleistungen an: Reinigung Ihrer Schutzh\u00fcllen, Reparaturen, usw.<\/p>\n<p>[\/et_pb_text][\/et_pb_column][\/et_pb_row][et_pb_row column_structure=&#8220;1_3,1_3,1_3&#8243; _builder_version=&#8220;4.16&#8243; _module_preset=&#8220;default&#8220; global_colors_info=&#8220;{}&#8220;][et_pb_column type=&#8220;1_3&#8243; _builder_version=&#8220;4.16&#8243; _module_preset=&#8220;default&#8220; global_colors_info=&#8220;{}&#8220;][et_pb_image src=&#8220;https:\/\/www.rcc.fr\/wp-content\/uploads\/2021\/05\/picto1.png&#8220; title_text=&#8220;picto1&#8243; url=&#8220;@ET-DC@eyJkeW5hbWljIjp0cnVlLCJjb250ZW50IjoicG9zdF9saW5rX3VybF9wYWdlIiwic2V0dGluZ3MiOnsicG9zdF9pZCI6Ijc4In19@&#8220; align=&#8220;center&#8220; _builder_version=&#8220;4.16&#8243; _dynamic_attributes=&#8220;url&#8220; _module_preset=&#8220;default&#8220; global_colors_info=&#8220;{}&#8220;][\/et_pb_image][et_pb_text _builder_version=&#8220;4.16&#8243; _dynamic_attributes=&#8220;link_option_url&#8220; _module_preset=&#8220;default&#8220; header_font=&#8220;||||||||&#8220; header_text_color=&#8220;#FFFFFF&#8220; header_2_font=&#8220;|700|||||||&#8220; header_2_text_align=&#8220;center&#8220; header_2_text_color=&#8220;#FFFFFF&#8220; header_2_font_size=&#8220;20px&#8220; background_color=&#8220;#1c3762&#8243; width=&#8220;70%&#8220; module_alignment=&#8220;center&#8220; custom_padding=&#8220;12px||4px||false|false&#8220; link_option_url=&#8220;@ET-DC@eyJkeW5hbWljIjp0cnVlLCJjb250ZW50IjoicG9zdF9saW5rX3VybF9wYWdlIiwic2V0dGluZ3MiOnsicG9zdF9pZCI6Ijc4In19@&#8220; border_radii=&#8220;on|3px|3px|3px|3px&#8220; global_colors_info=&#8220;{}&#8220;]<\/p>\n<h2>Roboterw\u00e4chter<\/h2>\n<p>[\/et_pb_text][\/et_pb_column][et_pb_column type=&#8220;1_3&#8243; _builder_version=&#8220;4.16&#8243; _module_preset=&#8220;default&#8220; global_colors_info=&#8220;{}&#8220;][et_pb_image src=&#8220;https:\/\/www.rcc.fr\/wp-content\/uploads\/2021\/05\/picto2.png&#8220; title_text=&#8220;picto2&#8243; url=&#8220;@ET-DC@eyJkeW5hbWljIjp0cnVlLCJjb250ZW50IjoicG9zdF9saW5rX3VybF9wYWdlIiwic2V0dGluZ3MiOnsicG9zdF9pZCI6Ijg1In19@&#8220; align=&#8220;center&#8220; _builder_version=&#8220;4.16&#8243; _dynamic_attributes=&#8220;url&#8220; _module_preset=&#8220;default&#8220; global_colors_info=&#8220;{}&#8220;][\/et_pb_image][et_pb_text _builder_version=&#8220;4.16&#8243; _dynamic_attributes=&#8220;link_option_url&#8220; _module_preset=&#8220;default&#8220; header_font=&#8220;||||||||&#8220; header_text_color=&#8220;#FFFFFF&#8220; header_2_font=&#8220;|700|||||||&#8220; header_2_text_align=&#8220;center&#8220; header_2_text_color=&#8220;#FFFFFF&#8220; header_2_font_size=&#8220;20px&#8220; background_color=&#8220;#1c3762&#8243; width=&#8220;90%&#8220; module_alignment=&#8220;center&#8220; custom_padding=&#8220;12px||4px||false|false&#8220; link_option_url=&#8220;@ET-DC@eyJkeW5hbWljIjp0cnVlLCJjb250ZW50IjoicG9zdF9saW5rX3VybF9wYWdlIiwic2V0dGluZ3MiOnsicG9zdF9pZCI6Ijg1In19@&#8220; border_radii=&#8220;on|3px|3px|3px|3px&#8220; global_colors_info=&#8220;{}&#8220;]<\/p>\n<h2>Faltenb\u00e4lge \/ Manschetten \/ Sonstiges<\/h2>\n<p>[\/et_pb_text][\/et_pb_column][et_pb_column type=&#8220;1_3&#8243; _builder_version=&#8220;4.16&#8243; _module_preset=&#8220;default&#8220; global_colors_info=&#8220;{}&#8220;][et_pb_image src=&#8220;https:\/\/www.rcc.fr\/wp-content\/uploads\/2021\/05\/picto3.png&#8220; title_text=&#8220;picto3&#8243; url=&#8220;@ET-DC@eyJkeW5hbWljIjp0cnVlLCJjb250ZW50IjoicG9zdF9saW5rX3VybF9wYWdlIiwic2V0dGluZ3MiOnsicG9zdF9pZCI6Ijg3In19@&#8220; align=&#8220;center&#8220; _builder_version=&#8220;4.16&#8243; _dynamic_attributes=&#8220;url&#8220; _module_preset=&#8220;default&#8220; global_colors_info=&#8220;{}&#8220;][\/et_pb_image][et_pb_text _builder_version=&#8220;4.16&#8243; _dynamic_attributes=&#8220;link_option_url&#8220; _module_preset=&#8220;default&#8220; header_font=&#8220;||||||||&#8220; header_text_color=&#8220;#FFFFFF&#8220; header_2_font=&#8220;|700|||||||&#8220; header_2_text_align=&#8220;center&#8220; header_2_text_color=&#8220;#FFFFFF&#8220; header_2_font_size=&#8220;20px&#8220; background_color=&#8220;#1c3762&#8243; width=&#8220;85%&#8220; module_alignment=&#8220;center&#8220; custom_padding=&#8220;12px||4px||false|false&#8220; link_option_url=&#8220;@ET-DC@eyJkeW5hbWljIjp0cnVlLCJjb250ZW50IjoicG9zdF9saW5rX3VybF9wYWdlIiwic2V0dGluZ3MiOnsicG9zdF9pZCI6Ijg3In19@&#8220; border_radii=&#8220;on|3px|3px|3px|3px&#8220; global_colors_info=&#8220;{}&#8220;]<\/p>\n<h2><span>Installation \/ Reparatur<\/span><\/h2>\n<p>[\/et_pb_text][\/et_pb_column][\/et_pb_row][et_pb_row column_structure=&#8220;3_5,2_5&#8243; _builder_version=&#8220;4.16&#8243; _module_preset=&#8220;default&#8220; custom_padding=&#8220;60px||60px||true|false&#8220; global_colors_info=&#8220;{}&#8220;][et_pb_column type=&#8220;3_5&#8243; _builder_version=&#8220;4.16&#8243; _module_preset=&#8220;default&#8220; global_colors_info=&#8220;{}&#8220;][et_pb_text _builder_version=&#8220;4.16&#8243; _module_preset=&#8220;default&#8220; text_text_color=&#8220;#000000&#8243; global_colors_info=&#8220;{}&#8220;]<\/p>\n<p style=\"text-align: justify;\">M\u00f6chten Sie Ihre Roboter oder Ihre in Frankreich hergestellten Industriemaschinen sch\u00fctzen?<\/p>\n<p style=\"text-align: justify;\"><strong>Robotic Cover Concept<\/strong> bietet Ihnen seine Schutzvorrichtungen an, die an alle T\u00e4tigkeitsbereiche anpassbar und individuell gestaltbar sind.\u00a0 Ob in der Lebensmittelindustrie, in der Nuklearindustrie, in der medizinischen Industrie oder in der Maschinenbauindustrie, unsere Schutzvorrichtungen erf\u00fcllen alle ihre Funktionen.<\/p>\n<p>[\/et_pb_text][et_pb_text _builder_version=&#8220;4.16&#8243; _dynamic_attributes=&#8220;link_option_url&#8220; _module_preset=&#8220;default&#8220; header_font=&#8220;||||||||&#8220; header_text_color=&#8220;#FFFFFF&#8220; header_2_font=&#8220;|700|||||||&#8220; header_2_text_align=&#8220;center&#8220; header_2_text_color=&#8220;#FFFFFF&#8220; header_2_font_size=&#8220;20px&#8220; header_3_text_align=&#8220;center&#8220; header_3_text_color=&#8220;#FFFFFF&#8220; background_color=&#8220;#1c3762&#8243; width=&#8220;60%&#8220; module_alignment=&#8220;center&#8220; custom_padding=&#8220;12px||4px||false|false&#8220; link_option_url=&#8220;@ET-DC@eyJkeW5hbWljIjp0cnVlLCJjb250ZW50IjoicG9zdF9saW5rX3VybF9wYWdlIiwic2V0dGluZ3MiOnsicG9zdF9pZCI6IjgzIn19@&#8220; border_radii=&#8220;on|3px|3px|3px|3px&#8220; global_colors_info=&#8220;{}&#8220;]<\/p>\n<h3>Roboterw\u00e4chter<\/h3>\n<p>[\/et_pb_text][\/et_pb_column][et_pb_column type=&#8220;2_5&#8243; _builder_version=&#8220;4.16&#8243; _module_preset=&#8220;default&#8220; global_colors_info=&#8220;{}&#8220;][et_pb_image src=&#8220;https:\/\/www.rcc.fr\/wp-content\/uploads\/2021\/05\/photo1.jpg&#8220; alt=&#8220;protection_robot_rcc_alimentaire&#8220; title_text=&#8220;protection_robot_rcc_alimentaire&#8220; _builder_version=&#8220;4.16&#8243; _module_preset=&#8220;default&#8220; global_colors_info=&#8220;{}&#8220;][\/et_pb_image][\/et_pb_column][\/et_pb_row][et_pb_row column_structure=&#8220;2_5,3_5&#8243; _builder_version=&#8220;4.16&#8243; _module_preset=&#8220;default&#8220; custom_padding=&#8220;60px||60px||true|false&#8220; global_colors_info=&#8220;{}&#8220;][et_pb_column type=&#8220;2_5&#8243; _builder_version=&#8220;4.16&#8243; _module_preset=&#8220;default&#8220; global_colors_info=&#8220;{}&#8220;][et_pb_image src=&#8220;https:\/\/www.rcc.fr\/wp-content\/uploads\/2021\/05\/soufflet-1920&#215;1070-1.jpg&#8220; alt=&#8220;soufflet_rcc&#8220; title_text=&#8220;soufflet_rcc&#8220; _builder_version=&#8220;4.16&#8243; _module_preset=&#8220;default&#8220; global_colors_info=&#8220;{}&#8220;][\/et_pb_image][\/et_pb_column][et_pb_column type=&#8220;3_5&#8243; _builder_version=&#8220;4.16&#8243; _module_preset=&#8220;default&#8220; global_colors_info=&#8220;{}&#8220;][et_pb_text _builder_version=&#8220;4.16&#8243; _module_preset=&#8220;default&#8220; text_text_color=&#8220;#000000&#8243; global_colors_info=&#8220;{}&#8220;]<\/p>\n<p style=\"text-align: justify;\"><strong>Robotic Cover Concept<\/strong> passt sich an Ihre Anforderungen an, um Ihren Roboterschutz zu gestalten. Faltenb\u00e4lge, H\u00fcllen, Lehren und andere verschiedene Kreationen zum Schutz Ihrer Anlagen und Maschinen.\u00a0 Sie werden von unserem Konstruktionsb\u00fcro nach Ihren W\u00fcnschen angefertigt.<\/p>\n<p>[\/et_pb_text][et_pb_text _builder_version=&#8220;4.16&#8243; _dynamic_attributes=&#8220;link_option_url&#8220; _module_preset=&#8220;default&#8220; header_font=&#8220;||||||||&#8220; header_text_color=&#8220;#FFFFFF&#8220; header_2_font=&#8220;|700|||||||&#8220; header_2_text_align=&#8220;center&#8220; header_2_text_color=&#8220;#FFFFFF&#8220; header_2_font_size=&#8220;20px&#8220; header_3_text_align=&#8220;center&#8220; header_3_text_color=&#8220;#FFFFFF&#8220; background_color=&#8220;#1c3762&#8243; width=&#8220;60%&#8220; module_alignment=&#8220;center&#8220; custom_padding=&#8220;12px||4px||false|false&#8220; link_option_url=&#8220;@ET-DC@eyJkeW5hbWljIjp0cnVlLCJjb250ZW50IjoicG9zdF9saW5rX3VybF9wYWdlIiwic2V0dGluZ3MiOnsicG9zdF9pZCI6Ijg1In19@&#8220; border_radii=&#8220;on|3px|3px|3px|3px&#8220; global_colors_info=&#8220;{}&#8220;]<\/p>\n<h3>Faltenb\u00e4lge \/ Manschetten \/ Sonstiges<\/h3>\n<p>[\/et_pb_text][\/et_pb_column][\/et_pb_row][et_pb_row column_structure=&#8220;3_5,2_5&#8243; _builder_version=&#8220;4.16&#8243; _module_preset=&#8220;default&#8220; custom_padding=&#8220;60px||60px||true|false&#8220; global_colors_info=&#8220;{}&#8220;][et_pb_column type=&#8220;3_5&#8243; _builder_version=&#8220;4.16&#8243; _module_preset=&#8220;default&#8220; global_colors_info=&#8220;{}&#8220;][et_pb_text _builder_version=&#8220;4.16&#8243; _module_preset=&#8220;default&#8220; text_text_color=&#8220;#000000&#8243; global_colors_info=&#8220;{}&#8220;]<\/p>\n<p style=\"text-align: justify;\"><strong>Robotic Cover Concept<\/strong> bietet Ihnen nicht nur Qualit\u00e4tsprodukte, sondern auch eine umfassende Betreuung. Von der Planung bis zur Installation und Reparatur bietet RCC Ihnen einen Qualit\u00e4tsservice f\u00fcr alle T\u00e4tigkeitsbereiche. Unsere Teams kontrollieren und waschen auch die Bez\u00fcge.<\/p>\n<p>[\/et_pb_text][et_pb_text _builder_version=&#8220;4.16&#8243; _dynamic_attributes=&#8220;link_option_url&#8220; _module_preset=&#8220;default&#8220; header_font=&#8220;||||||||&#8220; header_text_color=&#8220;#FFFFFF&#8220; header_2_font=&#8220;|700|||||||&#8220; header_2_text_align=&#8220;center&#8220; header_2_text_color=&#8220;#FFFFFF&#8220; header_2_font_size=&#8220;20px&#8220; header_3_text_align=&#8220;center&#8220; header_3_text_color=&#8220;#FFFFFF&#8220; background_color=&#8220;#1c3762&#8243; width=&#8220;60%&#8220; module_alignment=&#8220;center&#8220; custom_padding=&#8220;12px||4px||false|false&#8220; link_option_url=&#8220;@ET-DC@eyJkeW5hbWljIjp0cnVlLCJjb250ZW50IjoicG9zdF9saW5rX3VybF9wYWdlIiwic2V0dGluZ3MiOnsicG9zdF9pZCI6Ijg3In19@&#8220; border_radii=&#8220;on|3px|3px|3px|3px&#8220; global_colors_info=&#8220;{}&#8220;]<\/p>\n<h3><span>Installation \/ Reparatur<\/span><\/h3>\n<p>[\/et_pb_text][\/et_pb_column][et_pb_column type=&#8220;2_5&#8243; _builder_version=&#8220;4.16&#8243; _module_preset=&#8220;default&#8220; global_colors_info=&#8220;{}&#8220;][et_pb_image src=&#8220;https:\/\/www.rcc.fr\/wp-content\/uploads\/2021\/05\/photo-couture.jpg&#8220; alt=&#8220;rcc_service&#8220; title_text=&#8220;rcc_service&#8220; _builder_version=&#8220;4.16&#8243; _module_preset=&#8220;default&#8220; global_colors_info=&#8220;{}&#8220;][\/et_pb_image][\/et_pb_column][\/et_pb_row][\/et_pb_section][et_pb_section fb_built=&#8220;1&#8243; _builder_version=&#8220;4.17.4&#8243; _module_preset=&#8220;default&#8220; global_colors_info=&#8220;{}&#8220;][et_pb_row _builder_version=&#8220;4.17.4&#8243; _module_preset=&#8220;default&#8220; global_colors_info=&#8220;{}&#8220;][et_pb_column type=&#8220;4_4&#8243; _builder_version=&#8220;4.17.4&#8243; _module_preset=&#8220;default&#8220; global_colors_info=&#8220;{}&#8220;][et_pb_text _builder_version=&#8220;4.17.4&#8243; _module_preset=&#8220;default&#8220; hover_enabled=&#8220;0&#8243; global_colors_info=&#8220;{}&#8220; sticky_enabled=&#8220;0&#8243;]<\/p>\n<h2 style=\"text-align: center;\"><strong>Die Roboter<\/strong><\/h2>\n<p>[\/et_pb_text][\/et_pb_column][\/et_pb_row][et_pb_row _builder_version=&#8220;4.17.4&#8243; _module_preset=&#8220;default&#8220; global_colors_info=&#8220;{}&#8220;][et_pb_column type=&#8220;4_4&#8243; _builder_version=&#8220;4.17.4&#8243; _module_preset=&#8220;default&#8220; global_colors_info=&#8220;{}&#8220;][et_pb_text _builder_version=&#8220;4.17.4&#8243; _module_preset=&#8220;default&#8220; global_colors_info=&#8220;{}&#8220;]<\/p>\n<p style=\"text-align: center;\">Entdecken Sie alle Marken und Roboter, die wir mit unseren Schutzh\u00fcllen, Faltenb\u00e4lgen und Schl\u00e4uchen ausstatten.<\/p>\n<p>[\/et_pb_text][\/et_pb_column][\/et_pb_row][et_pb_row column_structure=&#8220;1_3,1_3,1_3&#8243; _builder_version=&#8220;4.17.4&#8243; _module_preset=&#8220;default&#8220; global_colors_info=&#8220;{}&#8220;][et_pb_column type=&#8220;1_3&#8243; _builder_version=&#8220;4.17.4&#8243; _module_preset=&#8220;default&#8220; global_colors_info=&#8220;{}&#8220;][et_pb_text _builder_version=&#8220;4.17.4&#8243; _module_preset=&#8220;default&#8220; text_text_color=&#8220;#FFFFFF&#8220; header_2_text_color=&#8220;#FFFFFF&#8220; background_color=&#8220;#1c3762&#8243; custom_padding=&#8220;10px|10px|10px|10px|true|true&#8220; border_radii=&#8220;on|3px|3px|3px|3px&#8220; global_colors_info=&#8220;{}&#8220;]<\/p>\n<h2 style=\"text-align: center;\">FANUC<\/h2>\n<p style=\"text-align: justify;\">Ein japanisches Unternehmen, das Industrieroboter herstellt. Ihre Roboter werden h\u00e4ufig in der Industrie eingesetzt.<\/p>\n<p>[\/et_pb_text][\/et_pb_column][et_pb_column type=&#8220;1_3&#8243; _builder_version=&#8220;4.17.4&#8243; _module_preset=&#8220;default&#8220; global_colors_info=&#8220;{}&#8220;][et_pb_text _builder_version=&#8220;4.17.4&#8243; _module_preset=&#8220;default&#8220; text_text_color=&#8220;#FFFFFF&#8220; header_text_color=&#8220;#FFFFFF&#8220; header_2_text_color=&#8220;#FFFFFF&#8220; background_color=&#8220;#1c3762&#8243; custom_padding=&#8220;10px|10px|10px|10px|true|true&#8220; border_radii=&#8220;on|3px|3px|3px|3px&#8220; global_colors_info=&#8220;{}&#8220;]<\/p>\n<h2 style=\"text-align: center;\">KUKA<\/h2>\n<p style=\"text-align: justify;\">Als deutsches Unternehmen stellen sie auch Industrieroboter her, die auf der ganzen Welt vertrieben werden.<\/p>\n<p>[\/et_pb_text][\/et_pb_column][et_pb_column type=&#8220;1_3&#8243; _builder_version=&#8220;4.17.4&#8243; _module_preset=&#8220;default&#8220; global_colors_info=&#8220;{}&#8220;][et_pb_text _builder_version=&#8220;4.17.4&#8243; _module_preset=&#8220;default&#8220; text_text_color=&#8220;#FFFFFF&#8220; header_2_text_color=&#8220;#FFFFFF&#8220; background_color=&#8220;#1c3762&#8243; custom_padding=&#8220;10px|10px|10px|10px|true|true&#8220; border_radii=&#8220;on|3px|3px|3px|3px&#8220; global_colors_info=&#8220;{}&#8220;]<\/p>\n<h2 style=\"text-align: center;\">ABB<\/h2>\n<p style=\"text-align: justify;\">Schwedisch-schweizerisches Unternehmen, das sich auf die Entwicklung von Motoren und Industrierobotern spezialisiert hat.<\/p>\n<p>[\/et_pb_text][\/et_pb_column][\/et_pb_row][et_pb_row column_structure=&#8220;1_3,1_3,1_3&#8243; _builder_version=&#8220;4.17.4&#8243; _module_preset=&#8220;default&#8220; global_colors_info=&#8220;{}&#8220;][et_pb_column type=&#8220;1_3&#8243; _builder_version=&#8220;4.17.4&#8243; _module_preset=&#8220;default&#8220; global_colors_info=&#8220;{}&#8220;][et_pb_text _builder_version=&#8220;4.17.4&#8243; _module_preset=&#8220;default&#8220; text_text_color=&#8220;#FFFFFF&#8220; header_2_text_color=&#8220;#FFFFFF&#8220; background_color=&#8220;#1c3762&#8243; custom_padding=&#8220;10px|10px|10px|10px|true|true&#8220; border_radii=&#8220;on|3px|3px|3px|3px&#8220; global_colors_info=&#8220;{}&#8220;]<\/p>\n<h2 style=\"text-align: center;\">STAUBLI<\/h2>\n<p style=\"text-align: justify;\">Schweizer Unternehmen, sie bieten Industrieroboter und Maschinen an.<\/p>\n<p>[\/et_pb_text][\/et_pb_column][et_pb_column type=&#8220;1_3&#8243; _builder_version=&#8220;4.17.4&#8243; _module_preset=&#8220;default&#8220; global_colors_info=&#8220;{}&#8220;][et_pb_text _builder_version=&#8220;4.17.4&#8243; _module_preset=&#8220;default&#8220; text_text_color=&#8220;#FFFFFF&#8220; header_text_color=&#8220;#FFFFFF&#8220; header_2_text_color=&#8220;#FFFFFF&#8220; background_color=&#8220;#1c3762&#8243; custom_padding=&#8220;10px|10px|10px|10px|true|true&#8220; border_radii=&#8220;on|3px|3px|3px|3px&#8220; global_colors_info=&#8220;{}&#8220;]<\/p>\n<h2 style=\"text-align: center;\">MOTOMAN<\/h2>\n<p style=\"text-align: justify;\">Yaskawa Motoman vermarktet auch zahlreiche Roboter und Industriemaschinen.<\/p>\n<p>[\/et_pb_text][\/et_pb_column][et_pb_column type=&#8220;1_3&#8243; _builder_version=&#8220;4.17.4&#8243; _module_preset=&#8220;default&#8220; global_colors_info=&#8220;{}&#8220;][\/et_pb_column][\/et_pb_row][\/et_pb_section]<\/p>\n","protected":false},"excerpt":{"rendered":"<p>M\u00f6chten Sie Ihre Maschinen oder Roboter sch\u00fctzen? Robotic Cover Concept bietet Ihnen seine Schutzh\u00fcllen, Faltenb\u00e4lge und Manschetten an, die individuell gestaltet werden k\u00f6nnen und f\u00fcr alle T\u00e4tigkeitsbereiche geeignet sind. Als Hersteller von flexiblen Schutzvorrichtungen f\u00fcr Roboter und Industriemaschinen reagiert RCC flexibel auf Ihre Anforderungen in allen Bereichen. Unser Team begleitet Sie vom Entwurf bis zur [&hellip;]<\/p>\n","protected":false},"author":2,"featured_media":0,"parent":0,"menu_order":0,"comment_status":"closed","ping_status":"closed","template":"","meta":{"_et_pb_use_builder":"on","_et_pb_old_content":"","_et_gb_content_width":"","footnotes":""},"class_list":["post-909","page","type-page","status-publish","hentry"],"yoast_head":"<!-- This site is optimized with the Yoast SEO plugin v27.4 - https:\/\/yoast.com\/product\/yoast-seo-wordpress\/ -->\n<title>Vorteile von RCC - RCC - Robotic Cover Concept<\/title>\n<meta name=\"description\" content=\"Entdecken Sie die gesamte Palette der von RCC angebotenen Dienstleistungen: Schutzabdeckungen f\u00fcr Roboter, Manschetten, Faltenb\u00e4lge und Kundendienst f\u00fcr Ihre Schutzvorrichtungen.\" \/>\n<meta name=\"robots\" content=\"index, follow, max-snippet:-1, max-image-preview:large, max-video-preview:-1\" \/>\n<link rel=\"canonical\" href=\"https:\/\/www.rcc.fr\/de\/vorteile-von-rcc\/\" \/>\n<meta property=\"og:locale\" content=\"de_DE\" \/>\n<meta property=\"og:type\" content=\"article\" \/>\n<meta property=\"og:title\" content=\"Vorteile von RCC - RCC - Robotic Cover Concept\" \/>\n<meta property=\"og:description\" content=\"Entdecken Sie die gesamte Palette der von RCC angebotenen Dienstleistungen: Schutzabdeckungen f\u00fcr Roboter, Manschetten, Faltenb\u00e4lge und Kundendienst f\u00fcr Ihre Schutzvorrichtungen.\" \/>\n<meta property=\"og:url\" content=\"https:\/\/www.rcc.fr\/de\/vorteile-von-rcc\/\" \/>\n<meta property=\"og:site_name\" content=\"RCC - Robotic Cover Concept\" \/>\n<meta property=\"article:modified_time\" content=\"2022-07-06T09:14:06+00:00\" \/>\n<meta name=\"twitter:card\" content=\"summary_large_image\" \/>\n<meta name=\"twitter:label1\" content=\"Gesch\u00e4tzte Lesezeit\" \/>\n\t<meta name=\"twitter:data1\" content=\"3\u00a0Minuten\" \/>\n<script type=\"application\/ld+json\" class=\"yoast-schema-graph\">{\"@context\":\"https:\\\/\\\/schema.org\",\"@graph\":[{\"@type\":\"WebPage\",\"@id\":\"https:\\\/\\\/www.rcc.fr\\\/de\\\/vorteile-von-rcc\\\/\",\"url\":\"https:\\\/\\\/www.rcc.fr\\\/de\\\/vorteile-von-rcc\\\/\",\"name\":\"Vorteile von RCC - RCC - Robotic Cover Concept\",\"isPartOf\":{\"@id\":\"https:\\\/\\\/www.rcc.fr\\\/de\\\/#website\"},\"datePublished\":\"2021-06-23T12:06:14+00:00\",\"dateModified\":\"2022-07-06T09:14:06+00:00\",\"description\":\"Entdecken Sie die gesamte Palette der von RCC angebotenen Dienstleistungen: Schutzabdeckungen f\u00fcr Roboter, Manschetten, Faltenb\u00e4lge und Kundendienst f\u00fcr Ihre Schutzvorrichtungen.\",\"breadcrumb\":{\"@id\":\"https:\\\/\\\/www.rcc.fr\\\/de\\\/vorteile-von-rcc\\\/#breadcrumb\"},\"inLanguage\":\"de\",\"potentialAction\":[{\"@type\":\"ReadAction\",\"target\":[\"https:\\\/\\\/www.rcc.fr\\\/de\\\/vorteile-von-rcc\\\/\"]}]},{\"@type\":\"BreadcrumbList\",\"@id\":\"https:\\\/\\\/www.rcc.fr\\\/de\\\/vorteile-von-rcc\\\/#breadcrumb\",\"itemListElement\":[{\"@type\":\"ListItem\",\"position\":1,\"name\":\"Accueil\",\"item\":\"https:\\\/\\\/www.rcc.fr\\\/de\\\/\"},{\"@type\":\"ListItem\",\"position\":2,\"name\":\"Vorteile von RCC\"}]},{\"@type\":\"WebSite\",\"@id\":\"https:\\\/\\\/www.rcc.fr\\\/de\\\/#website\",\"url\":\"https:\\\/\\\/www.rcc.fr\\\/de\\\/\",\"name\":\"RCC - Robotic Cover Concept\",\"description\":\"\",\"potentialAction\":[{\"@type\":\"SearchAction\",\"target\":{\"@type\":\"EntryPoint\",\"urlTemplate\":\"https:\\\/\\\/www.rcc.fr\\\/de\\\/?s={search_term_string}\"},\"query-input\":{\"@type\":\"PropertyValueSpecification\",\"valueRequired\":true,\"valueName\":\"search_term_string\"}}],\"inLanguage\":\"de\"}]}<\/script>\n<!-- \/ Yoast SEO plugin. -->","yoast_head_json":{"title":"Vorteile von RCC - RCC - Robotic Cover Concept","description":"Entdecken Sie die gesamte Palette der von RCC angebotenen Dienstleistungen: Schutzabdeckungen f\u00fcr Roboter, Manschetten, Faltenb\u00e4lge und Kundendienst f\u00fcr Ihre Schutzvorrichtungen.","robots":{"index":"index","follow":"follow","max-snippet":"max-snippet:-1","max-image-preview":"max-image-preview:large","max-video-preview":"max-video-preview:-1"},"canonical":"https:\/\/www.rcc.fr\/de\/vorteile-von-rcc\/","og_locale":"de_DE","og_type":"article","og_title":"Vorteile von RCC - RCC - Robotic Cover Concept","og_description":"Entdecken Sie die gesamte Palette der von RCC angebotenen Dienstleistungen: Schutzabdeckungen f\u00fcr Roboter, Manschetten, Faltenb\u00e4lge und Kundendienst f\u00fcr Ihre Schutzvorrichtungen.","og_url":"https:\/\/www.rcc.fr\/de\/vorteile-von-rcc\/","og_site_name":"RCC - Robotic Cover Concept","article_modified_time":"2022-07-06T09:14:06+00:00","twitter_card":"summary_large_image","twitter_misc":{"Gesch\u00e4tzte Lesezeit":"3\u00a0Minuten"},"schema":{"@context":"https:\/\/schema.org","@graph":[{"@type":"WebPage","@id":"https:\/\/www.rcc.fr\/de\/vorteile-von-rcc\/","url":"https:\/\/www.rcc.fr\/de\/vorteile-von-rcc\/","name":"Vorteile von RCC - RCC - Robotic Cover Concept","isPartOf":{"@id":"https:\/\/www.rcc.fr\/de\/#website"},"datePublished":"2021-06-23T12:06:14+00:00","dateModified":"2022-07-06T09:14:06+00:00","description":"Entdecken Sie die gesamte Palette der von RCC angebotenen Dienstleistungen: Schutzabdeckungen f\u00fcr Roboter, Manschetten, Faltenb\u00e4lge und Kundendienst f\u00fcr Ihre Schutzvorrichtungen.","breadcrumb":{"@id":"https:\/\/www.rcc.fr\/de\/vorteile-von-rcc\/#breadcrumb"},"inLanguage":"de","potentialAction":[{"@type":"ReadAction","target":["https:\/\/www.rcc.fr\/de\/vorteile-von-rcc\/"]}]},{"@type":"BreadcrumbList","@id":"https:\/\/www.rcc.fr\/de\/vorteile-von-rcc\/#breadcrumb","itemListElement":[{"@type":"ListItem","position":1,"name":"Accueil","item":"https:\/\/www.rcc.fr\/de\/"},{"@type":"ListItem","position":2,"name":"Vorteile von RCC"}]},{"@type":"WebSite","@id":"https:\/\/www.rcc.fr\/de\/#website","url":"https:\/\/www.rcc.fr\/de\/","name":"RCC - Robotic Cover Concept","description":"","potentialAction":[{"@type":"SearchAction","target":{"@type":"EntryPoint","urlTemplate":"https:\/\/www.rcc.fr\/de\/?s={search_term_string}"},"query-input":{"@type":"PropertyValueSpecification","valueRequired":true,"valueName":"search_term_string"}}],"inLanguage":"de"}]}},"_links":{"self":[{"href":"https:\/\/www.rcc.fr\/de\/wp-json\/wp\/v2\/pages\/909","targetHints":{"allow":["GET"]}}],"collection":[{"href":"https:\/\/www.rcc.fr\/de\/wp-json\/wp\/v2\/pages"}],"about":[{"href":"https:\/\/www.rcc.fr\/de\/wp-json\/wp\/v2\/types\/page"}],"author":[{"embeddable":true,"href":"https:\/\/www.rcc.fr\/de\/wp-json\/wp\/v2\/users\/2"}],"replies":[{"embeddable":true,"href":"https:\/\/www.rcc.fr\/de\/wp-json\/wp\/v2\/comments?post=909"}],"version-history":[{"count":6,"href":"https:\/\/www.rcc.fr\/de\/wp-json\/wp\/v2\/pages\/909\/revisions"}],"predecessor-version":[{"id":990,"href":"https:\/\/www.rcc.fr\/de\/wp-json\/wp\/v2\/pages\/909\/revisions\/990"}],"wp:attachment":[{"href":"https:\/\/www.rcc.fr\/de\/wp-json\/wp\/v2\/media?parent=909"}],"curies":[{"name":"wp","href":"https:\/\/api.w.org\/{rel}","templated":true}]}}