{"id":83,"date":"2021-05-05T10:21:11","date_gmt":"2021-05-05T08:21:11","guid":{"rendered":"https:\/\/rcc.fr\/divi\/?page_id=83"},"modified":"2021-08-16T14:58:21","modified_gmt":"2021-08-16T12:58:21","slug":"protections","status":"publish","type":"page","link":"https:\/\/www.rcc.fr\/en\/protections\/","title":{"rendered":"Protections"},"content":{"rendered":"\n\n[et_pb_section fb_built=&#8221;1&#8243; _builder_version=&#8221;4.9.4&#8243; _module_preset=&#8221;default&#8221; custom_padding=&#8221;0px||0px||true|&#8221;][et_pb_row column_structure=&#8221;1_4,3_4&#8243; _builder_version=&#8221;4.9.4&#8243; _module_preset=&#8221;default&#8221;][et_pb_column type=&#8221;1_4&#8243; _builder_version=&#8221;4.9.4&#8243; _module_preset=&#8221;default&#8221;][et_pb_text _builder_version=&#8221;4.9.4&#8243; _module_preset=&#8221;default&#8221; _dynamic_attributes=&#8221;link_option_url&#8221; link_option_url=&#8221;@ET-DC@eyJkeW5hbWljIjp0cnVlLCJjb250ZW50IjoicG9zdF9saW5rX3VybF9wYWdlIiwic2V0dGluZ3MiOnsicG9zdF9pZCI6Ijc4In19@&#8221; hover_enabled=&#8221;0&#8243; sticky_enabled=&#8221;0&#8243; text_font=&#8221;Roboto||||||||&#8221; custom_padding=&#8221;||0px||false|false&#8221; custom_margin=&#8221;-15px||10px||false|false&#8221; min_height=&#8221;24px&#8221;]<p>Alimentaire<\/p>[\/et_pb_text][et_pb_text _builder_version=&#8221;4.9.4&#8243; _module_preset=&#8221;default&#8221; _dynamic_attributes=&#8221;link_option_url&#8221; link_option_url=&#8221;@ET-DC@eyJkeW5hbWljIjp0cnVlLCJjb250ZW50IjoicG9zdF9saW5rX3VybF9wYWdlIiwic2V0dGluZ3MiOnsicG9zdF9pZCI6IjI0MCJ9fQ==@&#8221; hover_enabled=&#8221;0&#8243; sticky_enabled=&#8221;0&#8243; text_font=&#8221;Roboto||||||||&#8221; custom_padding=&#8221;||0px|||&#8221; custom_margin=&#8221;||10px||false|false&#8221;]<p>Atex<\/p>[\/et_pb_text][et_pb_text _builder_version=&#8221;4.9.4&#8243; _module_preset=&#8221;default&#8221; _dynamic_attributes=&#8221;link_option_url&#8221; link_option_url=&#8221;@ET-DC@eyJkeW5hbWljIjp0cnVlLCJjb250ZW50IjoicG9zdF9saW5rX3VybF9wYWdlIiwic2V0dGluZ3MiOnsicG9zdF9pZCI6IjI0MiJ9fQ==@&#8221; hover_enabled=&#8221;0&#8243; sticky_enabled=&#8221;0&#8243; text_font=&#8221;Roboto||||||||&#8221; custom_padding=&#8221;||0px|||&#8221; custom_margin=&#8221;||10px||false|false&#8221;]<p>Cellule de temp\u00e9rature<\/p>[\/et_pb_text][et_pb_text _builder_version=&#8221;4.9.4&#8243; _module_preset=&#8221;default&#8221; _dynamic_attributes=&#8221;link_option_url&#8221; link_option_url=&#8221;@ET-DC@eyJkeW5hbWljIjp0cnVlLCJjb250ZW50IjoicG9zdF9saW5rX3VybF9wYWdlIiwic2V0dGluZ3MiOnsicG9zdF9pZCI6IjI0NCJ9fQ==@&#8221; hover_enabled=&#8221;0&#8243; sticky_enabled=&#8221;0&#8243; text_font=&#8221;Roboto||||||||&#8221; custom_padding=&#8221;||0px|||&#8221; custom_margin=&#8221;||10px||false|false&#8221;]<p>D\u00e9coupe Jet d&#8217;eau Lavage \/ D\u00e9capage<\/p>[\/et_pb_text][et_pb_text _builder_version=&#8221;4.9.4&#8243; _module_preset=&#8221;default&#8221; _dynamic_attributes=&#8221;link_option_url&#8221; link_option_url=&#8221;@ET-DC@eyJkeW5hbWljIjp0cnVlLCJjb250ZW50IjoicG9zdF9saW5rX3VybF9wYWdlIiwic2V0dGluZ3MiOnsicG9zdF9pZCI6IjI0NiJ9fQ==@&#8221; hover_enabled=&#8221;0&#8243; sticky_enabled=&#8221;0&#8243; text_font=&#8221;Roboto||||||||&#8221; custom_padding=&#8221;||0px|||&#8221; custom_margin=&#8221;||10px||false|false&#8221;]<p>Emaillage<\/p>[\/et_pb_text][et_pb_text _builder_version=&#8221;4.9.4&#8243; _module_preset=&#8221;default&#8221; _dynamic_attributes=&#8221;link_option_url&#8221; link_option_url=&#8221;@ET-DC@eyJkeW5hbWljIjp0cnVlLCJjb250ZW50IjoicG9zdF9saW5rX3VybF9wYWdlIiwic2V0dGluZ3MiOnsicG9zdF9pZCI6IjI0OCJ9fQ==@&#8221; hover_enabled=&#8221;0&#8243; sticky_enabled=&#8221;0&#8243; text_font=&#8221;Roboto||||||||&#8221; custom_padding=&#8221;||0px|||&#8221; custom_margin=&#8221;||10px||false|false&#8221;]<p>Ferrage \/ Soudage<\/p>[\/et_pb_text][et_pb_text _builder_version=&#8221;4.9.4&#8243; _module_preset=&#8221;default&#8221; _dynamic_attributes=&#8221;link_option_url&#8221; link_option_url=&#8221;@ET-DC@eyJkeW5hbWljIjp0cnVlLCJjb250ZW50IjoicG9zdF9saW5rX3VybF9wYWdlIiwic2V0dGluZ3MiOnsicG9zdF9pZCI6IjI1MCJ9fQ==@&#8221; hover_enabled=&#8221;0&#8243; sticky_enabled=&#8221;0&#8243; text_font=&#8221;Roboto||||||||&#8221; custom_padding=&#8221;||0px|||&#8221; custom_margin=&#8221;||10px||false|false&#8221;]<p>Fonderie \/ Forge<\/p>[\/et_pb_text][et_pb_text _builder_version=&#8221;4.9.4&#8243; _module_preset=&#8221;default&#8221; _dynamic_attributes=&#8221;link_option_url&#8221; link_option_url=&#8221;@ET-DC@eyJkeW5hbWljIjp0cnVlLCJjb250ZW50IjoicG9zdF9saW5rX3VybF9wYWdlIiwic2V0dGluZ3MiOnsicG9zdF9pZCI6IjI1MiJ9fQ==@&#8221; hover_enabled=&#8221;0&#8243; sticky_enabled=&#8221;0&#8243; text_font=&#8221;Roboto||||||||&#8221; custom_padding=&#8221;||0px|||&#8221; custom_margin=&#8221;||10px||false|false&#8221;]<p>Traitement de surface \/ Grenaillage<\/p>[\/et_pb_text][et_pb_text _builder_version=&#8221;4.9.4&#8243; _module_preset=&#8221;default&#8221; _dynamic_attributes=&#8221;link_option_url&#8221; link_option_url=&#8221;@ET-DC@eyJkeW5hbWljIjp0cnVlLCJjb250ZW50IjoicG9zdF9saW5rX3VybF9wYWdlIiwic2V0dGluZ3MiOnsicG9zdF9pZCI6IjI1NCJ9fQ==@&#8221; hover_enabled=&#8221;0&#8243; sticky_enabled=&#8221;0&#8243; text_font=&#8221;Roboto||||||||&#8221; custom_padding=&#8221;||0px|||&#8221; custom_margin=&#8221;||10px||false|false&#8221;]<p>Mastic<\/p>[\/et_pb_text][et_pb_text _builder_version=&#8221;4.9.4&#8243; _module_preset=&#8221;default&#8221; _dynamic_attributes=&#8221;link_option_url&#8221; link_option_url=&#8221;@ET-DC@eyJkeW5hbWljIjp0cnVlLCJjb250ZW50IjoicG9zdF9saW5rX3VybF9wYWdlIiwic2V0dGluZ3MiOnsicG9zdF9pZCI6IjI1NiJ9fQ==@&#8221; hover_enabled=&#8221;0&#8243; sticky_enabled=&#8221;0&#8243; text_font=&#8221;Roboto||||||||&#8221; custom_padding=&#8221;||0px|||&#8221; custom_margin=&#8221;||10px||false|false&#8221;]<p>M\u00e9dical<\/p>[\/et_pb_text][et_pb_text _builder_version=&#8221;4.9.4&#8243; _module_preset=&#8221;default&#8221; _dynamic_attributes=&#8221;link_option_url&#8221; link_option_url=&#8221;@ET-DC@eyJkeW5hbWljIjp0cnVlLCJjb250ZW50IjoicG9zdF9saW5rX3VybF9wYWdlIiwic2V0dGluZ3MiOnsicG9zdF9pZCI6IjI1OCJ9fQ==@&#8221; hover_enabled=&#8221;0&#8243; sticky_enabled=&#8221;0&#8243; text_font=&#8221;Roboto||||||||&#8221; custom_padding=&#8221;||0px|||&#8221; custom_margin=&#8221;||10px||false|false&#8221;]<p>Nucl\u00e9aire<\/p>[\/et_pb_text][et_pb_text _builder_version=&#8221;4.9.4&#8243; _module_preset=&#8221;default&#8221; _dynamic_attributes=&#8221;link_option_url&#8221; link_option_url=&#8221;@ET-DC@eyJkeW5hbWljIjp0cnVlLCJjb250ZW50IjoicG9zdF9saW5rX3VybF9wYWdlIiwic2V0dGluZ3MiOnsicG9zdF9pZCI6IjI2MCJ9fQ==@&#8221; hover_enabled=&#8221;0&#8243; sticky_enabled=&#8221;0&#8243; text_font=&#8221;Roboto||||||||&#8221; custom_padding=&#8221;||0px|||&#8221; custom_margin=&#8221;||10px||false|false&#8221;]<p>Palettiseur \/ Manutention<\/p>[\/et_pb_text][et_pb_text _builder_version=&#8221;4.9.4&#8243; _module_preset=&#8221;default&#8221; _dynamic_attributes=&#8221;link_option_url&#8221; link_option_url=&#8221;@ET-DC@eyJkeW5hbWljIjp0cnVlLCJjb250ZW50IjoicG9zdF9saW5rX3VybF9wYWdlIiwic2V0dGluZ3MiOnsicG9zdF9pZCI6IjI2MiJ9fQ==@&#8221; hover_enabled=&#8221;0&#8243; sticky_enabled=&#8221;0&#8243; text_font=&#8221;Roboto||||||||&#8221; custom_padding=&#8221;||0px|||&#8221; custom_margin=&#8221;||10px||false|false&#8221;]<p>Peinture<\/p>[\/et_pb_text][et_pb_text _builder_version=&#8221;4.9.4&#8243; _module_preset=&#8221;default&#8221; _dynamic_attributes=&#8221;link_option_url&#8221; link_option_url=&#8221;@ET-DC@eyJkeW5hbWljIjp0cnVlLCJjb250ZW50IjoicG9zdF9saW5rX3VybF9wYWdlIiwic2V0dGluZ3MiOnsicG9zdF9pZCI6IjI2NCJ9fQ==@&#8221; hover_enabled=&#8221;0&#8243; sticky_enabled=&#8221;0&#8243; text_font=&#8221;Roboto||||||||&#8221; custom_padding=&#8221;||0px|||&#8221; custom_margin=&#8221;||10px||false|false&#8221;]<p>Plasma<\/p>[\/et_pb_text][et_pb_text _builder_version=&#8221;4.9.4&#8243; _module_preset=&#8221;default&#8221; _dynamic_attributes=&#8221;link_option_url&#8221; link_option_url=&#8221;@ET-DC@eyJkeW5hbWljIjp0cnVlLCJjb250ZW50IjoicG9zdF9saW5rX3VybF9wYWdlIiwic2V0dGluZ3MiOnsicG9zdF9pZCI6IjI2NiJ9fQ==@&#8221; hover_enabled=&#8221;0&#8243; sticky_enabled=&#8221;0&#8243; text_font=&#8221;Roboto||||||||&#8221; custom_padding=&#8221;||0px|||&#8221; custom_margin=&#8221;||10px||false|false&#8221;]<p>Plastique \/ Moussage<\/p>[\/et_pb_text][et_pb_text _builder_version=&#8221;4.9.4&#8243; _module_preset=&#8221;default&#8221; _dynamic_attributes=&#8221;link_option_url&#8221; link_option_url=&#8221;@ET-DC@eyJkeW5hbWljIjp0cnVlLCJjb250ZW50IjoicG9zdF9saW5rX3VybF9wYWdlIiwic2V0dGluZ3MiOnsicG9zdF9pZCI6IjI2OCJ9fQ==@&#8221; hover_enabled=&#8221;0&#8243; sticky_enabled=&#8221;0&#8243; text_font=&#8221;Roboto||||||||&#8221; custom_padding=&#8221;||0px|||&#8221; custom_margin=&#8221;||10px||false|false&#8221;]<p>Robot immerg\u00e9<\/p>[\/et_pb_text][et_pb_text _builder_version=&#8221;4.9.4&#8243; _module_preset=&#8221;default&#8221; _dynamic_attributes=&#8221;link_option_url&#8221; link_option_url=&#8221;@ET-DC@eyJkeW5hbWljIjp0cnVlLCJjb250ZW50IjoicG9zdF9saW5rX3VybF9wYWdlIiwic2V0dGluZ3MiOnsicG9zdF9pZCI6IjI3MCJ9fQ==@&#8221; hover_enabled=&#8221;0&#8243; sticky_enabled=&#8221;0&#8243; text_font=&#8221;Roboto||||||||&#8221; custom_padding=&#8221;||0px|||&#8221; custom_margin=&#8221;||10px||false|false&#8221;]<p>Usinage<\/p>[\/et_pb_text][\/et_pb_column][et_pb_column type=&#8221;3_4&#8243; _builder_version=&#8221;4.9.4&#8243; _module_preset=&#8221;default&#8221;][et_pb_image src=&#8221;https:\/\/rcc.fr\/divi\/wp-content\/uploads\/2021\/05\/photo1.jpg&#8221; title_text=&#8221;photo1&#8243; _builder_version=&#8221;4.9.4&#8243; _module_preset=&#8221;default&#8221; custom_margin=&#8221;19px|||||&#8221;][\/et_pb_image][\/et_pb_column][\/et_pb_row][\/et_pb_section][et_pb_section fb_built=&#8221;1&#8243; _builder_version=&#8221;4.9.4&#8243; _module_preset=&#8221;default&#8221; custom_padding=&#8221;0px||0px||true|&#8221;][et_pb_row column_structure=&#8221;1_3,1_3,1_3&#8243; _builder_version=&#8221;4.9.4&#8243; _module_preset=&#8221;default&#8221;][et_pb_column type=&#8221;1_3&#8243; _builder_version=&#8221;4.9.4&#8243; _module_preset=&#8221;default&#8221;][et_pb_image src=&#8221;https:\/\/rcc.fr\/divi\/wp-content\/uploads\/2021\/05\/photo3.jpg&#8221; title_text=&#8221;photo3&#8243; _builder_version=&#8221;4.9.4&#8243; _module_preset=&#8221;default&#8221;][\/et_pb_image][\/et_pb_column][et_pb_column type=&#8221;1_3&#8243; _builder_version=&#8221;4.9.4&#8243; _module_preset=&#8221;default&#8221;][et_pb_image src=&#8221;https:\/\/rcc.fr\/divi\/wp-content\/uploads\/2021\/05\/photo2.jpg&#8221; title_text=&#8221;photo2&#8243; _builder_version=&#8221;4.9.4&#8243; _module_preset=&#8221;default&#8221;][\/et_pb_image][\/et_pb_column][et_pb_column type=&#8221;1_3&#8243; _builder_version=&#8221;4.9.4&#8243; _module_preset=&#8221;default&#8221;][et_pb_text _builder_version=&#8221;4.9.4&#8243; _module_preset=&#8221;default&#8221; text_font=&#8221;Roboto||||||||&#8221; header_font=&#8221;Roboto||||||||&#8221; header_text_color=&#8221;#FFFFFF&#8221; background_color=&#8221;#dddddd&#8221; custom_margin=&#8221;-90px|35px|26px|-35px||&#8221; custom_padding=&#8221;15px|15px|15px|15px|true|true&#8221;]<h1><span>Alimentaire<\/span><\/h1>\n<p><span><\/span><\/p>\n<p><span>Secteur sensible s\u2019il en est, directement li\u00e9 \u00e0 la sant\u00e9 du plus grand nombre, l&#8217;industrie alimentaire requiert une attention toute particuli\u00e8re.<\/span><span> N\u00e9cessitant une hygi\u00e8ne sans faille, nos protections pour robots prot\u00e9geront vos machines et outils. <\/span><\/p>[\/et_pb_text][\/et_pb_column][\/et_pb_row][\/et_pb_section]\n\n","protected":false},"excerpt":{"rendered":"<p>AlimentaireAtexCellule de temp\u00e9ratureD\u00e9coupe Jet d&#8217;eau Lavage \/ D\u00e9capageEmaillageFerrage \/ SoudageFonderie \/ ForgeTraitement de surface \/ GrenaillageMasticM\u00e9dicalNucl\u00e9airePalettiseur \/ ManutentionPeinturePlasmaPlastique \/ MoussageRobot immerg\u00e9UsinageAlimentaire Secteur sensible s\u2019il en est, directement li\u00e9 \u00e0 la sant\u00e9 du plus grand nombre, l&#8217;industrie alimentaire requiert une attention toute particuli\u00e8re. N\u00e9cessitant une hygi\u00e8ne sans faille, nos protections pour robots prot\u00e9geront vos machines et [&hellip;]<\/p>\n","protected":false},"author":2,"featured_media":0,"parent":0,"menu_order":0,"comment_status":"closed","ping_status":"closed","template":"","meta":{"_et_pb_use_builder":"on","_et_pb_old_content":"","_et_gb_content_width":"","footnotes":""},"class_list":["post-83","page","type-page","status-publish","hentry"],"yoast_head":"<!-- This site is optimized with the Yoast SEO plugin v27.5 - https:\/\/yoast.com\/product\/yoast-seo-wordpress\/ -->\n<title>Protections - RCC - Robotic Cover Concept - America and UK<\/title>\n<meta name=\"description\" content=\"Discover all our french protections for robots and our protective covers for robots of all industries.\" \/>\n<meta name=\"robots\" content=\"index, follow, max-snippet:-1, max-image-preview:large, max-video-preview:-1\" \/>\n<link rel=\"canonical\" href=\"https:\/\/www.rcc.fr\/en\/protections\/\" \/>\n<meta property=\"og:locale\" content=\"en_US\" \/>\n<meta property=\"og:type\" content=\"article\" \/>\n<meta property=\"og:title\" content=\"Protections - RCC - Robotic Cover Concept - America and UK\" \/>\n<meta property=\"og:description\" content=\"Discover all our french protections for robots and our protective covers for robots of all industries.\" \/>\n<meta property=\"og:url\" content=\"https:\/\/www.rcc.fr\/en\/protections\/\" \/>\n<meta property=\"og:site_name\" content=\"RCC - Robotic Cover Concept\" \/>\n<meta property=\"article:modified_time\" content=\"2021-08-16T12:58:21+00:00\" \/>\n<meta name=\"twitter:card\" content=\"summary_large_image\" \/>\n<meta name=\"twitter:label1\" content=\"Est. reading time\" \/>\n\t<meta name=\"twitter:data1\" content=\"2 minutes\" \/>\n<script type=\"application\/ld+json\" class=\"yoast-schema-graph\">{\"@context\":\"https:\\\/\\\/schema.org\",\"@graph\":[{\"@type\":\"WebPage\",\"@id\":\"https:\\\/\\\/www.rcc.fr\\\/en\\\/protections\\\/\",\"url\":\"https:\\\/\\\/www.rcc.fr\\\/en\\\/protections\\\/\",\"name\":\"Protections - RCC - Robotic Cover Concept - America and UK\",\"isPartOf\":{\"@id\":\"https:\\\/\\\/www.rcc.fr\\\/en\\\/#website\"},\"datePublished\":\"2021-05-05T08:21:11+00:00\",\"dateModified\":\"2021-08-16T12:58:21+00:00\",\"description\":\"Discover all our french protections for robots and our protective covers for robots of all industries.\",\"breadcrumb\":{\"@id\":\"https:\\\/\\\/www.rcc.fr\\\/en\\\/protections\\\/#breadcrumb\"},\"inLanguage\":\"en-US\",\"potentialAction\":[{\"@type\":\"ReadAction\",\"target\":[\"https:\\\/\\\/www.rcc.fr\\\/en\\\/protections\\\/\"]}]},{\"@type\":\"BreadcrumbList\",\"@id\":\"https:\\\/\\\/www.rcc.fr\\\/en\\\/protections\\\/#breadcrumb\",\"itemListElement\":[{\"@type\":\"ListItem\",\"position\":1,\"name\":\"Accueil\",\"item\":\"https:\\\/\\\/www.rcc.fr\\\/en\\\/\"},{\"@type\":\"ListItem\",\"position\":2,\"name\":\"Protections\"}]},{\"@type\":\"WebSite\",\"@id\":\"https:\\\/\\\/www.rcc.fr\\\/en\\\/#website\",\"url\":\"https:\\\/\\\/www.rcc.fr\\\/en\\\/\",\"name\":\"RCC - Robotic Cover Concept\",\"description\":\"\",\"publisher\":{\"@id\":\"https:\\\/\\\/www.rcc.fr\\\/en\\\/#organization\"},\"potentialAction\":[{\"@type\":\"SearchAction\",\"target\":{\"@type\":\"EntryPoint\",\"urlTemplate\":\"https:\\\/\\\/www.rcc.fr\\\/en\\\/?s={search_term_string}\"},\"query-input\":{\"@type\":\"PropertyValueSpecification\",\"valueRequired\":true,\"valueName\":\"search_term_string\"}}],\"inLanguage\":\"en-US\"},{\"@type\":\"Organization\",\"@id\":\"https:\\\/\\\/www.rcc.fr\\\/en\\\/#organization\",\"name\":\"Robotic Cover Concept\",\"alternateName\":\"RCC\",\"url\":\"https:\\\/\\\/www.rcc.fr\\\/en\\\/\",\"logo\":{\"@type\":\"ImageObject\",\"inLanguage\":\"en-US\",\"@id\":\"https:\\\/\\\/www.rcc.fr\\\/en\\\/#\\\/schema\\\/logo\\\/image\\\/\",\"url\":\"https:\\\/\\\/www.rcc.fr\\\/en\\\/wp-content\\\/uploads\\\/2021\\\/05\\\/cropped-logorcc-700x585-1-1.png\",\"contentUrl\":\"https:\\\/\\\/www.rcc.fr\\\/en\\\/wp-content\\\/uploads\\\/2021\\\/05\\\/cropped-logorcc-700x585-1-1.png\",\"width\":512,\"height\":512,\"caption\":\"Robotic Cover Concept\"},\"image\":{\"@id\":\"https:\\\/\\\/www.rcc.fr\\\/en\\\/#\\\/schema\\\/logo\\\/image\\\/\"},\"legalName\":\"RCC \u2014 Robotic Cover Concept\",\"description\":\"French manufacturer of custom protective covers for industrial robots and production machines. Since 1998, RCC has protected over 5,000 robots across more than 10 industrial sectors, in France and internationally.\",\"foundingDate\":\"1998\",\"founder\":{\"@type\":\"Person\",\"@id\":\"https:\\\/\\\/www.rcc.fr\\\/en\\\/author\\\/rene-domingues\\\/#person\",\"name\":\"Ren\u00e9 Domingues\",\"jobTitle\":\"Founder\",\"url\":\"https:\\\/\\\/www.rcc.fr\\\/en\\\/author\\\/rene-domingues\\\/\"},\"numberOfEmployees\":{\"@type\":\"QuantitativeValue\",\"minValue\":5,\"maxValue\":10,\"unitText\":\"employees\"},\"areaServed\":[\"France\",\"Germany\",\"Spain\",\"Italy\",\"United Kingdom\",\"Belgium\",\"Netherlands\",\"Switzerland\",\"Israel\",\"Brazil\"],\"knowsAbout\":[\"Industrial robot protective covers\",\"Fanuc robot protection\",\"ABB robot protection\",\"KUKA robot protection\",\"Yaskawa robot protection\",\"St\u00e4ubli robot protection\",\"ATEX environments\",\"Food industry\",\"Automotive industry\",\"Aerospace industry\",\"Foundry\",\"Industrial painting\",\"Plastics industry\",\"Medical industry\",\"Nuclear industry\",\"Robotic welding\"],\"award\":[\"Over 5,000 industrial robots protected since 1998\",\"More than 50 industrial brands as clients\"],\"address\":{\"@type\":\"PostalAddress\",\"streetAddress\":\"1229 E rue Bokanowski, P\u00f4le Industriel Toul Europe Secteur A\",\"addressLocality\":\"Toul\",\"postalCode\":\"54200\",\"addressCountry\":\"FR\"},\"contactPoint\":{\"@type\":\"ContactPoint\",\"telephone\":\"+33-3-83-43-38-73\",\"contactType\":\"customer service\",\"email\":\"direction@rcc.fr\",\"areaServed\":[\"FR\",\"EU\",\"IL\",\"BR\"],\"availableLanguage\":[\"French\",\"English\",\"German\"]},\"sameAs\":[]}]}<\/script>\n<!-- \/ Yoast SEO plugin. -->","yoast_head_json":{"title":"Protections - RCC - Robotic Cover Concept - America and UK","description":"Discover all our french protections for robots and our protective covers for robots of all industries.","robots":{"index":"index","follow":"follow","max-snippet":"max-snippet:-1","max-image-preview":"max-image-preview:large","max-video-preview":"max-video-preview:-1"},"canonical":"https:\/\/www.rcc.fr\/en\/protections\/","og_locale":"en_US","og_type":"article","og_title":"Protections - RCC - Robotic Cover Concept - America and UK","og_description":"Discover all our french protections for robots and our protective covers for robots of all industries.","og_url":"https:\/\/www.rcc.fr\/en\/protections\/","og_site_name":"RCC - Robotic Cover Concept","article_modified_time":"2021-08-16T12:58:21+00:00","twitter_card":"summary_large_image","twitter_misc":{"Est. reading time":"2 minutes"},"schema":{"@context":"https:\/\/schema.org","@graph":[{"@type":"WebPage","@id":"https:\/\/www.rcc.fr\/en\/protections\/","url":"https:\/\/www.rcc.fr\/en\/protections\/","name":"Protections - RCC - Robotic Cover Concept - America and UK","isPartOf":{"@id":"https:\/\/www.rcc.fr\/en\/#website"},"datePublished":"2021-05-05T08:21:11+00:00","dateModified":"2021-08-16T12:58:21+00:00","description":"Discover all our french protections for robots and our protective covers for robots of all industries.","breadcrumb":{"@id":"https:\/\/www.rcc.fr\/en\/protections\/#breadcrumb"},"inLanguage":"en-US","potentialAction":[{"@type":"ReadAction","target":["https:\/\/www.rcc.fr\/en\/protections\/"]}]},{"@type":"BreadcrumbList","@id":"https:\/\/www.rcc.fr\/en\/protections\/#breadcrumb","itemListElement":[{"@type":"ListItem","position":1,"name":"Accueil","item":"https:\/\/www.rcc.fr\/en\/"},{"@type":"ListItem","position":2,"name":"Protections"}]},{"@type":"WebSite","@id":"https:\/\/www.rcc.fr\/en\/#website","url":"https:\/\/www.rcc.fr\/en\/","name":"RCC - Robotic Cover Concept","description":"","publisher":{"@id":"https:\/\/www.rcc.fr\/en\/#organization"},"potentialAction":[{"@type":"SearchAction","target":{"@type":"EntryPoint","urlTemplate":"https:\/\/www.rcc.fr\/en\/?s={search_term_string}"},"query-input":{"@type":"PropertyValueSpecification","valueRequired":true,"valueName":"search_term_string"}}],"inLanguage":"en-US"},{"@type":"Organization","@id":"https:\/\/www.rcc.fr\/en\/#organization","name":"Robotic Cover Concept","alternateName":"RCC","url":"https:\/\/www.rcc.fr\/en\/","logo":{"@type":"ImageObject","inLanguage":"en-US","@id":"https:\/\/www.rcc.fr\/en\/#\/schema\/logo\/image\/","url":"https:\/\/www.rcc.fr\/en\/wp-content\/uploads\/2021\/05\/cropped-logorcc-700x585-1-1.png","contentUrl":"https:\/\/www.rcc.fr\/en\/wp-content\/uploads\/2021\/05\/cropped-logorcc-700x585-1-1.png","width":512,"height":512,"caption":"Robotic Cover Concept"},"image":{"@id":"https:\/\/www.rcc.fr\/en\/#\/schema\/logo\/image\/"},"legalName":"RCC \u2014 Robotic Cover Concept","description":"French manufacturer of custom protective covers for industrial robots and production machines. Since 1998, RCC has protected over 5,000 robots across more than 10 industrial sectors, in France and internationally.","foundingDate":"1998","founder":{"@type":"Person","@id":"https:\/\/www.rcc.fr\/en\/author\/rene-domingues\/#person","name":"Ren\u00e9 Domingues","jobTitle":"Founder","url":"https:\/\/www.rcc.fr\/en\/author\/rene-domingues\/"},"numberOfEmployees":{"@type":"QuantitativeValue","minValue":5,"maxValue":10,"unitText":"employees"},"areaServed":["France","Germany","Spain","Italy","United Kingdom","Belgium","Netherlands","Switzerland","Israel","Brazil"],"knowsAbout":["Industrial robot protective covers","Fanuc robot protection","ABB robot protection","KUKA robot protection","Yaskawa robot protection","St\u00e4ubli robot protection","ATEX environments","Food industry","Automotive industry","Aerospace industry","Foundry","Industrial painting","Plastics industry","Medical industry","Nuclear industry","Robotic welding"],"award":["Over 5,000 industrial robots protected since 1998","More than 50 industrial brands as clients"],"address":{"@type":"PostalAddress","streetAddress":"1229 E rue Bokanowski, P\u00f4le Industriel Toul Europe Secteur A","addressLocality":"Toul","postalCode":"54200","addressCountry":"FR"},"contactPoint":{"@type":"ContactPoint","telephone":"+33-3-83-43-38-73","contactType":"customer service","email":"direction@rcc.fr","areaServed":["FR","EU","IL","BR"],"availableLanguage":["French","English","German"]},"sameAs":[]}]}},"_links":{"self":[{"href":"https:\/\/www.rcc.fr\/en\/wp-json\/wp\/v2\/pages\/83","targetHints":{"allow":["GET"]}}],"collection":[{"href":"https:\/\/www.rcc.fr\/en\/wp-json\/wp\/v2\/pages"}],"about":[{"href":"https:\/\/www.rcc.fr\/en\/wp-json\/wp\/v2\/types\/page"}],"author":[{"embeddable":true,"href":"https:\/\/www.rcc.fr\/en\/wp-json\/wp\/v2\/users\/2"}],"replies":[{"embeddable":true,"href":"https:\/\/www.rcc.fr\/en\/wp-json\/wp\/v2\/comments?post=83"}],"version-history":[{"count":12,"href":"https:\/\/www.rcc.fr\/en\/wp-json\/wp\/v2\/pages\/83\/revisions"}],"predecessor-version":[{"id":893,"href":"https:\/\/www.rcc.fr\/en\/wp-json\/wp\/v2\/pages\/83\/revisions\/893"}],"wp:attachment":[{"href":"https:\/\/www.rcc.fr\/en\/wp-json\/wp\/v2\/media?parent=83"}],"curies":[{"name":"wp","href":"https:\/\/api.w.org\/{rel}","templated":true}]}}